{"id":149220,"date":"2025-03-24T10:45:28","date_gmt":"2025-03-24T09:45:28","guid":{"rendered":"https:\/\/secureus.se\/?post_type=product&#038;p=149220"},"modified":"2025-05-09T12:44:25","modified_gmt":"2025-05-09T10:44:25","slug":"forinstallerad-psu","status":"publish","type":"product","link":"https:\/\/secureus.se\/es\/forinstallerad-psu\/","title":{"rendered":"Fuente de alimentaci\u00f3n de 12 V preensamblada"},"content":{"rendered":"<p class=\"\" data-start=\"164\" data-end=\"488\"><strong data-start=\"164\" data-end=\"241\">Fuente de alimentaci\u00f3n de 12 V preensamblada: su camino r\u00e1pido hacia una soluci\u00f3n de seguridad completa<\/strong><br data-start=\"241\" data-end=\"244\" \/>Prepare su Ajax Hub2 Plus 12V para uso inmediato con nuestra fuente de alimentaci\u00f3n de 12 V preensamblada. Este m\u00f3dulo est\u00e1 preinstalado en la unidad central, lo que significa que no necesita ensamblaje adicional y obtiene una soluci\u00f3n confiable inmediatamente despu\u00e9s de la entrega.<\/p>\n<p class=\"\" data-start=\"490\" data-end=\"520\"><strong data-start=\"490\" data-end=\"518\">Caracter\u00edsticas y beneficios:<\/strong><\/p>\n<ul data-start=\"521\" data-end=\"1084\">\n<li class=\"\" data-start=\"521\" data-end=\"648\">\n<p class=\"\" data-start=\"523\" data-end=\"648\"><strong data-start=\"523\" data-end=\"546\">F\u00e1cil instalaci\u00f3n:<\/strong> El producto ya est\u00e1 montado en la unidad central, lo que ahorra tiempo y minimiza el trabajo de instalaci\u00f3n.<\/p>\n<\/li>\n<li class=\"\" data-start=\"649\" data-end=\"790\">\n<p class=\"\" data-start=\"651\" data-end=\"790\"><strong data-start=\"651\" data-end=\"680\">Amplio rango de voltaje:<\/strong> Con una tensi\u00f3n de entrada de 8\u201332 VCC, es ideal para instalaciones m\u00f3viles como barcos, autocaravanas y caravanas.<\/p>\n<\/li>\n<li class=\"\" data-start=\"791\" data-end=\"916\">\n<p class=\"\" data-start=\"793\" data-end=\"916\"><strong data-start=\"793\" data-end=\"816\">Alta compatibilidad:<\/strong> Funciona perfectamente con Hub2, Hub2Plus y ReX 2, lo que proporciona flexibilidad independientemente de la configuraci\u00f3n del sistema.<\/p>\n<\/li>\n<li class=\"\" data-start=\"917\" data-end=\"1084\">\n<p class=\"\" data-start=\"919\" data-end=\"1084\"><strong data-start=\"919\" data-end=\"957\">Suministro de energ\u00eda estable y segura:<\/strong> Equipado con un enchufe de CC robusto (5,5 x 2,1 mm con terminal de tornillo incluido) que garantiza una conexi\u00f3n y suministro de energ\u00eda confiables.<\/p>\n<\/li>\n<\/ul>\n<p class=\"\" data-start=\"1086\" data-end=\"1341\">Elija nuestra fuente de alimentaci\u00f3n de 12 V preensamblada si desea una soluci\u00f3n de seguridad completa y sin complicaciones desde el primer momento. Este producto es perfecto tanto para particulares como para instaladores profesionales que desean una soluci\u00f3n r\u00e1pida y sencilla para aplicaciones m\u00f3viles.<\/p>","protected":false},"excerpt":{"rendered":"<p><strong data-start=\"1404\" data-end=\"1459\">Fuente de alimentaci\u00f3n de 12 V preensamblada: lista para usar de inmediato<\/strong><br data-start=\"1459\" data-end=\"1462\" \/>Nuestra fuente de alimentaci\u00f3n de 12 V preinstalada se entrega preensamblada en su Ajax Hub2 Plus 12V, lo que significa que no tendr\u00e1 que ensamblarla usted mismo. Compatible con Hub2, Hub2Plus y ReX 2, y con un voltaje de entrada de 8-32 VDC, es la soluci\u00f3n perfecta para barcos, autocaravanas y caravanas. \u00a1Obtenga una instalaci\u00f3n confiable y sin problemas inmediatamente despu\u00e9s de la entrega!<\/p>","protected":false},"featured_media":149221,"template":"","meta":{"_acf_changed":false},"product_brand":[],"product_cat":[3171],"product_tag":[],"class_list":{"0":"post-149220","1":"product","2":"type-product","3":"status-publish","4":"has-post-thumbnail","6":"product_cat-psu-stromforsorjning","7":"tm-no-options","9":"first","10":"instock","11":"taxable","12":"shipping-taxable","13":"purchasable","14":"product-type-simple"},"acf":[],"_links":{"self":[{"href":"https:\/\/secureus.se\/es\/wp-json\/wp\/v2\/product\/149220","targetHints":{"allow":["GET"]}}],"collection":[{"href":"https:\/\/secureus.se\/es\/wp-json\/wp\/v2\/product"}],"about":[{"href":"https:\/\/secureus.se\/es\/wp-json\/wp\/v2\/types\/product"}],"wp:featuredmedia":[{"embeddable":true,"href":"https:\/\/secureus.se\/es\/wp-json\/wp\/v2\/media\/149221"}],"wp:attachment":[{"href":"https:\/\/secureus.se\/es\/wp-json\/wp\/v2\/media?parent=149220"}],"wp:term":[{"taxonomy":"product_brand","embeddable":true,"href":"https:\/\/secureus.se\/es\/wp-json\/wp\/v2\/product_brand?post=149220"},{"taxonomy":"product_cat","embeddable":true,"href":"https:\/\/secureus.se\/es\/wp-json\/wp\/v2\/product_cat?post=149220"},{"taxonomy":"product_tag","embeddable":true,"href":"https:\/\/secureus.se\/es\/wp-json\/wp\/v2\/product_tag?post=149220"}],"curies":[{"name":"wp","href":"https:\/\/api.w.org\/{rel}","templated":true}]}}