{"id":149262,"date":"2025-03-25T11:25:58","date_gmt":"2025-03-25T10:25:58","guid":{"rendered":"https:\/\/secureus.se\/varning-for-hunden-skylt-hund-aluminium-a4-210-x-297-mm\/"},"modified":"2026-03-05T08:13:34","modified_gmt":"2026-03-05T07:13:34","slug":"varning-for-hunden-skylt-hund-aluminium-a4-210-x-297-mm","status":"publish","type":"product","link":"https:\/\/secureus.se\/es\/varning-for-hunden-skylt-hund-aluminium-a4-210-x-297-mm\/","title":{"rendered":"ADVERTENCIA PARA PERROS \u2013 Se\u00f1al para perros \u2013 Aluminio (A4 \u2013 210 x 297 mm)"},"content":{"rendered":"<p class=\"\" data-start=\"516\" data-end=\"873\"><strong data-start=\"516\" data-end=\"577\">ADVERTENCIA PARA PERROS \u2013 Se\u00f1al de aluminio (A4, 210 \u00d7 297 mm)<\/strong><br data-start=\"577\" data-end=\"580\" \/>Transmita un mensaje claro a los visitantes no deseados y facilite la tarea a los hu\u00e9spedes que tienen miedo a los perros con este cartel de aluminio robusto y de alta calidad. El dise\u00f1o muestra la silueta de un perro sobre un fondo amarillo, junto con el texto &quot;ADVERTENCIA PARA PERROS&quot; en negro, lo que hace que el cartel sea llamativo e informativo.<\/p>\n<h3 class=\"\" data-start=\"875\" data-end=\"918\"><strong data-start=\"879\" data-end=\"918\">\u00bfPor qu\u00e9 una se\u00f1al de Advertencia de Perro?<\/strong><\/h3>\n<ul data-start=\"919\" data-end=\"1344\">\n<li class=\"\" data-start=\"919\" data-end=\"1045\">\n<p class=\"\" data-start=\"921\" data-end=\"1045\"><strong data-start=\"921\" data-end=\"947\">Elementos disuasorios para intrusos:<\/strong> Al se\u00f1alar claramente que hay un perro en la zona, reduce el riesgo de visitas no deseadas.<\/p>\n<\/li>\n<li class=\"\" data-start=\"1046\" data-end=\"1195\">\n<p class=\"\" data-start=\"1048\" data-end=\"1195\"><strong data-start=\"1048\" data-end=\"1074\">Consideraciones para los due\u00f1os de perros:<\/strong> Los visitantes reciben una indicaci\u00f3n temprana de que hay un perro, lo que crea seguridad y reduce las sorpresas.<\/p>\n<\/li>\n<li class=\"\" data-start=\"1196\" data-end=\"1344\">\n<p class=\"\" data-start=\"1198\" data-end=\"1344\"><strong data-start=\"1198\" data-end=\"1222\">Protege tu propiedad:<\/strong> Una se\u00f1al de advertencia es una medida de seguridad simple pero efectiva, especialmente en combinaci\u00f3n con otras soluciones de alarma y seguridad.<\/p>\n<\/li>\n<\/ul>\n<h3 class=\"\" data-start=\"1346\" data-end=\"1379\"><strong data-start=\"1350\" data-end=\"1379\">Robusto y resistente a la intemperie<\/strong><\/h3>\n<ul data-start=\"1380\" data-end=\"1848\">\n<li class=\"\" data-start=\"1380\" data-end=\"1509\">\n<p class=\"\" data-start=\"1382\" data-end=\"1509\"><strong data-start=\"1382\" data-end=\"1410\">Fabricado en aluminio:<\/strong> Resiste el \u00f3xido y la corrosi\u00f3n, lo que lo hace adecuado para las duras condiciones clim\u00e1ticas escandinavas.<\/p>\n<\/li>\n<li class=\"\" data-start=\"1510\" data-end=\"1638\">\n<p class=\"\" data-start=\"1512\" data-end=\"1638\"><strong data-start=\"1512\" data-end=\"1538\">Resistente a los rayos UV y a la humedad:<\/strong> Los colores no se desvanecen y el cartel permanece en buenas condiciones incluso cuando cambian las temperaturas y el clima.<\/p>\n<\/li>\n<li class=\"\" data-start=\"1639\" data-end=\"1848\">\n<p class=\"\" data-start=\"1641\" data-end=\"1848\"><strong data-start=\"1641\" data-end=\"1661\">F\u00e1cil montaje:<\/strong> Equipado con un fuerte respaldo adhesivo (cinta 3M) o agujeros pretaladrados (si desea atornillar), lo que proporciona m\u00faltiples opciones para colocar el cartel en portones, puertas, cercas u otras superficies.<\/p>\n<\/li>\n<\/ul>\n<h3 class=\"\" data-start=\"1850\" data-end=\"1876\"><strong data-start=\"1854\" data-end=\"1876\">\u00c1reas de uso<\/strong><\/h3>\n<ul data-start=\"1877\" data-end=\"2262\">\n<li class=\"\" data-start=\"1877\" data-end=\"2019\">\n<p class=\"\" data-start=\"1879\" data-end=\"2019\"><strong data-start=\"1879\" data-end=\"1898\">Residencias privadas:<\/strong> Coloque el cartel en la puerta de entrada, el port\u00f3n o la cerca para informar a los invitados y disuadir a posibles intrusos.<\/p>\n<\/li>\n<li class=\"\" data-start=\"2020\" data-end=\"2126\">\n<p class=\"\" data-start=\"2022\" data-end=\"2126\"><strong data-start=\"2022\" data-end=\"2050\">Parques para perros y jardines:<\/strong> Marcar claramente que hay un perro en el \u00e1rea, para que los visitantes est\u00e9n preparados.<\/p>\n<\/li>\n<li class=\"\" data-start=\"2127\" data-end=\"2262\">\n<p class=\"\" data-start=\"2129\" data-end=\"2262\"><strong data-start=\"2129\" data-end=\"2154\">Empresas y asociaciones:<\/strong> Tambi\u00e9n es \u00fatil en locales o clubes donde se alojan perros, para mantener informados al personal y a los socios.<\/p>\n<\/li>\n<\/ul>\n<h3 class=\"\" data-start=\"2264\" data-end=\"2294\"><strong data-start=\"2268\" data-end=\"2294\">Especificaciones del producto<\/strong><\/h3>\n<ul data-start=\"2295\" data-end=\"2544\">\n<li class=\"\" data-start=\"2295\" data-end=\"2326\">\n<p class=\"\" data-start=\"2297\" data-end=\"2326\"><strong data-start=\"2297\" data-end=\"2306\">Medida:<\/strong> A4 (210 \u00d7 297 mm)<\/p>\n<\/li>\n<li class=\"\" data-start=\"2327\" data-end=\"2385\">\n<p class=\"\" data-start=\"2329\" data-end=\"2385\"><strong data-start=\"2329\" data-end=\"2342\">Material:<\/strong> Aluminio (duradero y resistente a la intemperie)<\/p>\n<\/li>\n<li class=\"\" data-start=\"2386\" data-end=\"2479\">\n<p class=\"\" data-start=\"2388\" data-end=\"2479\"><strong data-start=\"2388\" data-end=\"2402\">M\u00e9todo de fijaci\u00f3n:<\/strong> Parte posterior autoadhesiva (3M) o montaje con tornillos (se pueden perforar agujeros si es necesario)<\/p>\n<\/li>\n<li class=\"\" data-start=\"2480\" data-end=\"2544\">\n<p class=\"\" data-start=\"2482\" data-end=\"2544\"><strong data-start=\"2482\" data-end=\"2500\">Color y dise\u00f1o:<\/strong> Fondo amarillo, texto negro y silueta de perro.<\/p>\n<\/li>\n<\/ul>\n<p class=\"\" data-start=\"2546\" data-end=\"2575\"><strong data-start=\"2546\" data-end=\"2575\">Contenido del paquete:<\/strong><\/p>\n<ul data-start=\"2576\" data-end=\"2626\">\n<li class=\"\" data-start=\"2576\" data-end=\"2626\">\n<p class=\"\" data-start=\"2578\" data-end=\"2626\">1 pieza <em data-start=\"2583\" data-end=\"2603\">ADVERTENCIA PARA EL PERRO<\/em>-Letrero de aluminio (A4)<\/p>\n<\/li>\n<\/ul>\n<hr class=\"\" data-start=\"2628\" data-end=\"2631\" \/>\n<p class=\"\" data-start=\"2633\" data-end=\"2821\">Con esto <em data-start=\"2643\" data-end=\"2663\">ADVERTENCIA PARA EL PERRO<\/em>-El letrero de aluminio le brinda una soluci\u00f3n duradera, clara y de larga duraci\u00f3n que ayuda a mantener alejados a los invitados no deseados e informa a los visitantes sobre la presencia de su perro.<\/p>","protected":false},"excerpt":{"rendered":"<p><strong data-start=\"192\" data-end=\"239\">ADVERTENCIA PARA PERROS \u2013 Se\u00f1al de aluminio (A4)<\/strong><br data-start=\"239\" data-end=\"242\" \/>Proteja su hogar y a su perro con una se\u00f1al de advertencia clara y duradera en formato A4. Fabricado en aluminio para soportar duras condiciones clim\u00e1ticas, perfecto para uso en exteriores. Disuadir a los intrusos e informar a los visitantes que hay un perro en el lugar.<\/p>","protected":false},"featured_media":156006,"template":"","meta":{"_acf_changed":false},"product_brand":[],"product_cat":[1323],"product_tag":[],"class_list":{"0":"post-149262","1":"product","2":"type-product","3":"status-publish","4":"has-post-thumbnail","6":"product_cat-larmdekaler","7":"product_shipping_class-postnord-varubrev","8":"pa_brands-secureus","9":"pa_storlek-a4-21x29-7cm","10":"tm-no-options","12":"first","13":"instock","14":"sale","15":"taxable","16":"shipping-taxable","17":"purchasable","18":"product-type-simple"},"acf":[],"_links":{"self":[{"href":"https:\/\/secureus.se\/es\/wp-json\/wp\/v2\/product\/149262","targetHints":{"allow":["GET"]}}],"collection":[{"href":"https:\/\/secureus.se\/es\/wp-json\/wp\/v2\/product"}],"about":[{"href":"https:\/\/secureus.se\/es\/wp-json\/wp\/v2\/types\/product"}],"wp:featuredmedia":[{"embeddable":true,"href":"https:\/\/secureus.se\/es\/wp-json\/wp\/v2\/media\/156006"}],"wp:attachment":[{"href":"https:\/\/secureus.se\/es\/wp-json\/wp\/v2\/media?parent=149262"}],"wp:term":[{"taxonomy":"product_brand","embeddable":true,"href":"https:\/\/secureus.se\/es\/wp-json\/wp\/v2\/product_brand?post=149262"},{"taxonomy":"product_cat","embeddable":true,"href":"https:\/\/secureus.se\/es\/wp-json\/wp\/v2\/product_cat?post=149262"},{"taxonomy":"product_tag","embeddable":true,"href":"https:\/\/secureus.se\/es\/wp-json\/wp\/v2\/product_tag?post=149262"}],"curies":[{"name":"wp","href":"https:\/\/api.w.org\/{rel}","templated":true}]}}