{"id":149268,"date":"2025-03-25T11:43:49","date_gmt":"2025-03-25T10:43:49","guid":{"rendered":"https:\/\/secureus.se\/?post_type=product&#038;p=149268"},"modified":"2026-01-11T14:12:36","modified_gmt":"2026-01-11T13:12:36","slug":"warning-varning-hund-skylt-aluminium-a4-210-x-297-mm","status":"publish","type":"product","link":"https:\/\/secureus.se\/es\/warning-varning-hund-skylt-aluminium-a4-210-x-297-mm\/","title":{"rendered":"ADVERTENCIA - Se\u00f1al de advertencia de perro - Aluminio (A4 - 210 x 297 mm)"},"content":{"rendered":"<p class=\"\" data-start=\"560\" data-end=\"852\"><strong data-start=\"560\" data-end=\"623\">ADVERTENCIA - Se\u00f1al de advertencia de perro en aluminio (A4, 21 \u00d7 29,7 cm)<\/strong><br data-start=\"623\" data-end=\"626\" \/>Dar una impresi\u00f3n clara y profesional de que hay un perro en la zona. Este cartel de aluminio A4 es m\u00e1s grande que nuestra variante A5 y, por lo tanto, llama la atenci\u00f3n con mayor facilidad, disuadiendo eficazmente a los visitantes no deseados.<\/p>\n<h3 class=\"\" data-start=\"854\" data-end=\"892\"><strong data-start=\"858\" data-end=\"892\">Dise\u00f1o claro y disuasorio<\/strong><\/h3>\n<ul data-start=\"893\" data-end=\"1118\">\n<li class=\"\" data-start=\"893\" data-end=\"1030\">\n<p class=\"\" data-start=\"895\" data-end=\"1030\"><strong data-start=\"895\" data-end=\"913\">Advertencia fuerte:<\/strong> El fondo amarillo brillante, junto con el texto \u201cADVERTENCIA\u201d y la silueta de un perro, crea una se\u00f1al de advertencia inmediata.<\/p>\n<\/li>\n<li class=\"\" data-start=\"1031\" data-end=\"1118\">\n<p class=\"\" data-start=\"1033\" data-end=\"1118\"><strong data-start=\"1033\" data-end=\"1053\">Advertencia para el perro:<\/strong> Reduce el riesgo de robo y no sorprende a los hu\u00e9spedes que tienen miedo a los perros.<\/p>\n<\/li>\n<\/ul>\n<h3 class=\"\" data-start=\"1120\" data-end=\"1151\"><strong data-start=\"1124\" data-end=\"1151\">Aluminio de alta calidad<\/strong><\/h3>\n<ul data-start=\"1152\" data-end=\"1374\">\n<li class=\"\" data-start=\"1152\" data-end=\"1283\">\n<p class=\"\" data-start=\"1154\" data-end=\"1283\"><strong data-start=\"1154\" data-end=\"1188\">Resistente al \u00f3xido y la corrosi\u00f3n:<\/strong> Resiste el clima escandinavo con lluvia, nieve y sol brillante sin perder color ni forma.<\/p>\n<\/li>\n<li class=\"\" data-start=\"1284\" data-end=\"1374\">\n<p class=\"\" data-start=\"1286\" data-end=\"1374\"><strong data-start=\"1286\" data-end=\"1305\">Larga vida \u00fatil:<\/strong> Una inversi\u00f3n duradera que se mantiene limpia y bonita durante muchos a\u00f1os.<\/p>\n<\/li>\n<\/ul>\n<h3 class=\"\" data-start=\"1376\" data-end=\"1402\"><strong data-start=\"1380\" data-end=\"1402\">F\u00e1cil instalaci\u00f3n<\/strong><\/h3>\n<ul data-start=\"1403\" data-end=\"1574\">\n<li class=\"\" data-start=\"1403\" data-end=\"1476\">\n<p class=\"\" data-start=\"1405\" data-end=\"1476\"><strong data-start=\"1405\" data-end=\"1431\">Cinta autoadhesiva 3M:<\/strong> Se monta r\u00e1pida y f\u00e1cilmente en superficies lisas.<\/p>\n<\/li>\n<li class=\"\" data-start=\"1477\" data-end=\"1574\">\n<p class=\"\" data-start=\"1479\" data-end=\"1574\"><strong data-start=\"1479\" data-end=\"1498\">Montaje con tornillos:<\/strong> Si desea mayor estabilidad, puede perforar agujeros y fijar el cartel con tornillos.<\/p>\n<\/li>\n<\/ul>\n<h3 class=\"\" data-start=\"1576\" data-end=\"1613\"><strong data-start=\"1580\" data-end=\"1613\">Aplicaciones vers\u00e1tiles<\/strong><\/h3>\n<ul data-start=\"1614\" data-end=\"1879\">\n<li class=\"\" data-start=\"1614\" data-end=\"1707\">\n<p class=\"\" data-start=\"1616\" data-end=\"1707\"><strong data-start=\"1616\" data-end=\"1635\">Residencias privadas:<\/strong> Col\u00f3quelo en puertas de entrada, portones o cercas para advertir a los visitantes.<\/p>\n<\/li>\n<li class=\"\" data-start=\"1708\" data-end=\"1775\">\n<p class=\"\" data-start=\"1710\" data-end=\"1775\"><strong data-start=\"1710\" data-end=\"1738\">Jardines y zonas para perros:<\/strong> Marque claramente d\u00f3nde se aloja el perro.<\/p>\n<\/li>\n<li class=\"\" data-start=\"1776\" data-end=\"1879\">\n<p class=\"\" data-start=\"1778\" data-end=\"1879\"><strong data-start=\"1778\" data-end=\"1798\">Empresa y almac\u00e9n:<\/strong> Tambi\u00e9n es \u00fatil en entornos profesionales con perros guardianes o \u00e1reas restringidas.<\/p>\n<\/li>\n<\/ul>\n<h4 class=\"\" data-start=\"1881\" data-end=\"1912\"><strong data-start=\"1886\" data-end=\"1912\">Especificaciones del producto<\/strong><\/h4>\n<ul data-start=\"1913\" data-end=\"2147\">\n<li class=\"\" data-start=\"1913\" data-end=\"1944\">\n<p class=\"\" data-start=\"1915\" data-end=\"1944\"><strong data-start=\"1915\" data-end=\"1924\">Medida:<\/strong> A4 (21 \u00d7 29,7 cm)<\/p>\n<\/li>\n<li class=\"\" data-start=\"1945\" data-end=\"2003\">\n<p class=\"\" data-start=\"1947\" data-end=\"2003\"><strong data-start=\"1947\" data-end=\"1960\">Material:<\/strong> Aluminio (duradero y resistente a la intemperie)<\/p>\n<\/li>\n<li class=\"\" data-start=\"2004\" data-end=\"2071\">\n<p class=\"\" data-start=\"2006\" data-end=\"2071\"><strong data-start=\"2006\" data-end=\"2017\">Dise\u00f1o:<\/strong> Fondo amarillo, texto negro &quot;ADVERTENCIA&quot; y silueta de perro<\/p>\n<\/li>\n<li class=\"\" data-start=\"2072\" data-end=\"2147\">\n<p class=\"\" data-start=\"2074\" data-end=\"2147\"><strong data-start=\"2074\" data-end=\"2088\">Montaje:<\/strong> Cinta autoadhesiva 3M o tornillos (se pueden perforar agujeros si es necesario)<\/p>\n<\/li>\n<\/ul>\n<hr class=\"\" data-start=\"2149\" data-end=\"2152\" \/>\n<p class=\"\" data-start=\"2154\" data-end=\"2324\">Con su mayor tama\u00f1o y dise\u00f1o robusto, este cartel A4 es una soluci\u00f3n eficaz para aumentar la seguridad y alertar a todos los visitantes de la presencia de un perro cerca.<\/p>","protected":false},"excerpt":{"rendered":"<p><strong data-start=\"205\" data-end=\"253\">ADVERTENCIA - Se\u00f1al de advertencia de perro (A4, aluminio)<\/strong><br data-start=\"253\" data-end=\"256\" \/>Un cartel m\u00e1s grande, robusto y resistente a la intemperie en formato A4 para advertir sobre la presencia de perros. Fabricado en aluminio con un llamativo dise\u00f1o sobre fondo amarillo. Viene con cinta autoadhesiva 3M para una f\u00e1cil instalaci\u00f3n, pero tambi\u00e9n se puede atornillar. Perfecto para portones, puertas y vallas.<\/p>","protected":false},"featured_media":156007,"template":"","meta":{"_acf_changed":false},"product_brand":[],"product_cat":[1323],"product_tag":[],"class_list":{"0":"post-149268","1":"product","2":"type-product","3":"status-publish","4":"has-post-thumbnail","6":"product_cat-larmdekaler","7":"product_shipping_class-postnord-varubrev","8":"pa_brands-secureus","9":"pa_storlek-a4-21x29-7cm","10":"tm-no-options","12":"first","13":"instock","14":"sale","15":"taxable","16":"shipping-taxable","17":"purchasable","18":"product-type-simple"},"acf":[],"_links":{"self":[{"href":"https:\/\/secureus.se\/es\/wp-json\/wp\/v2\/product\/149268","targetHints":{"allow":["GET"]}}],"collection":[{"href":"https:\/\/secureus.se\/es\/wp-json\/wp\/v2\/product"}],"about":[{"href":"https:\/\/secureus.se\/es\/wp-json\/wp\/v2\/types\/product"}],"wp:featuredmedia":[{"embeddable":true,"href":"https:\/\/secureus.se\/es\/wp-json\/wp\/v2\/media\/156007"}],"wp:attachment":[{"href":"https:\/\/secureus.se\/es\/wp-json\/wp\/v2\/media?parent=149268"}],"wp:term":[{"taxonomy":"product_brand","embeddable":true,"href":"https:\/\/secureus.se\/es\/wp-json\/wp\/v2\/product_brand?post=149268"},{"taxonomy":"product_cat","embeddable":true,"href":"https:\/\/secureus.se\/es\/wp-json\/wp\/v2\/product_cat?post=149268"},{"taxonomy":"product_tag","embeddable":true,"href":"https:\/\/secureus.se\/es\/wp-json\/wp\/v2\/product_tag?post=149268"}],"curies":[{"name":"wp","href":"https:\/\/api.w.org\/{rel}","templated":true}]}}