{"id":149383,"date":"2022-07-04T07:49:44","date_gmt":"2022-07-04T05:49:44","guid":{"rendered":"https:\/\/secureus.se\/ellas-sl620-rattvand\/"},"modified":"2026-01-15T16:03:21","modified_gmt":"2026-01-15T15:03:21","slug":"ellas-sl620-rattvand","status":"publish","type":"product","link":"https:\/\/secureus.se\/es\/ellas-sl620-rattvand\/","title":{"rendered":"Caja de seguridad Safetron SL620"},"content":{"rendered":"<h1>Caja de seguridad Safetron SL620<\/h1>\n<p>SAFETRON SL620 es la cerradura el\u00e9ctrica multifuncional de \u00faltima generaci\u00f3n con funci\u00f3n dividida y tecnolog\u00eda h\u00edbrida patentada.<\/p>\n<p>Las \u00e1reas de uso t\u00edpicas son el bloqueo interno de puertas de alta frecuencia en edificios comerciales, hospitales, escuelas, industrias y viviendas multifamiliares donde es necesaria una alta confiabilidad operativa.<\/p>\n<p>Se proporciona indicaci\u00f3n de enclavamiento, movimiento de bot\u00f3n pulsador, estado de la puerta a trav\u00e9s de contacto magn\u00e9tico e indicaci\u00f3n de perilla.<\/p>\n<p>El indicador giratorio permite detectar alarmas en caso de paso no autorizado del cilindro. El SL620 tiene funcionamiento para diestros.<\/p>\n<p>El SAFETRON SL620 cuenta con una tecnolog\u00eda h\u00edbrida patentada que permite cambiar la posici\u00f3n del pist\u00f3n.<\/p>\n<p>Esto significa que la cerradura se puede utilizar junto con placas de cierre y huecos de marco adaptados tanto para la serie de m\u00f3dulos ASSA connect como para la ASSA classic.<\/p>\n<p>Esto incluye tanto puertas antiguas como de nueva fabricaci\u00f3n. Ajustar la posici\u00f3n del pist\u00f3n es sencillo, igual que invertir el pist\u00f3n en un sistema tradicional.<\/p>\n<p>El SAFETRON SL620 es ajustable entre una funci\u00f3n \u00fanica, que proporciona activaci\u00f3n el\u00e9ctrica desde ambos lados (lectores de tarjetas dobles), y una funci\u00f3n dividida, lo que significa que el pulsador exterior se controla el\u00e9ctricamente, mientras que el pulsador interior siempre est\u00e1 accionado mec\u00e1nicamente y, por lo tanto, siempre permite una salida mec\u00e1nica.<\/p>\n<p>Al utilizar la funci\u00f3n de bloqueo dividido, se elimina la necesidad de un bot\u00f3n de apertura o control de acceso en el interior.<\/p>\n<div class=\"tabRow\"><span class=\"bold\">Voltaje<\/span>12-24 VCC (-10%\/+15%)<\/div>\n<div><\/div>\n<div class=\"tabRow\"><span class=\"bold\">Consumo de energ\u00eda<\/span>12 VCC: 70 mA<\/div>\n<div class=\"tabRow\">24 VCC: 40 mA<\/div>\n<div><\/div>\n<div class=\"tabRow\"><span class=\"bold\">Rango de temperatura<\/span>-20\u00b0C \u2013 +40\u00b0C<\/div>\n<div><\/div>\n<div class=\"tabRow\"><span class=\"bold\">Funci\u00f3n<\/span>Funci\u00f3n correcta<\/div>\n<div><\/div>\n<div class=\"tabRow\"><span class=\"bold\">Clasificaci\u00f3n de resistencia al fuego<\/span>S\u00ed (E\/EI 120)<\/div>\n<div><\/div>\n<div class=\"tabRow\"><span class=\"bold\">Se\u00f1ales<\/span>Enclavamiento, movimiento de pulsador, estado de la puerta, cilindro<\/div>\n<div><\/div>\n<div><span class=\"bold\">Certificado<\/span>EN 14846<\/div>","protected":false},"excerpt":{"rendered":"<p>Safetron SL620 l\u00e5skasse SAFETRON SL620 \u00e4r n\u00e4sta generationens multifunktionella eltryckesl\u00e5s med split funktion och patenterad hybridteknologi. Typiska anv\u00e4ndningsomr\u00e5den \u00e4r intern l\u00e5sning av h\u00f6gfrekventa d\u00f6rrar i aff\u00e4rsbyggnader, sjukhus, skolor, industrier samt<\/p>","protected":false},"featured_media":142864,"template":"","meta":{"_acf_changed":false},"product_brand":[],"product_cat":[2429],"product_tag":[2286,4510,4866,4511],"class_list":{"0":"post-149383","1":"product","2":"type-product","3":"status-publish","4":"has-post-thumbnail","6":"product_cat-ellas","7":"product_tag-ellas-eltryckeslas","8":"product_tag-rel-safetron-eltryckeslas","9":"product_tag-safetron-20","10":"product_tag-safetron-eltryckeslas","11":"product_shipping_class-tunga-paket","12":"tm-has-options","14":"first","15":"instock","16":"sale","17":"featured","18":"taxable","19":"shipping-taxable","20":"purchasable","21":"product-type-simple"},"acf":[],"_links":{"self":[{"href":"https:\/\/secureus.se\/es\/wp-json\/wp\/v2\/product\/149383","targetHints":{"allow":["GET"]}}],"collection":[{"href":"https:\/\/secureus.se\/es\/wp-json\/wp\/v2\/product"}],"about":[{"href":"https:\/\/secureus.se\/es\/wp-json\/wp\/v2\/types\/product"}],"wp:featuredmedia":[{"embeddable":true,"href":"https:\/\/secureus.se\/es\/wp-json\/wp\/v2\/media\/142864"}],"wp:attachment":[{"href":"https:\/\/secureus.se\/es\/wp-json\/wp\/v2\/media?parent=149383"}],"wp:term":[{"taxonomy":"product_brand","embeddable":true,"href":"https:\/\/secureus.se\/es\/wp-json\/wp\/v2\/product_brand?post=149383"},{"taxonomy":"product_cat","embeddable":true,"href":"https:\/\/secureus.se\/es\/wp-json\/wp\/v2\/product_cat?post=149383"},{"taxonomy":"product_tag","embeddable":true,"href":"https:\/\/secureus.se\/es\/wp-json\/wp\/v2\/product_tag?post=149383"}],"curies":[{"name":"wp","href":"https:\/\/api.w.org\/{rel}","templated":true}]}}