{"id":149386,"date":"2022-07-04T07:53:30","date_gmt":"2022-07-04T05:53:30","guid":{"rendered":"https:\/\/secureus.se\/motorlas-6600\/"},"modified":"2026-01-12T13:15:05","modified_gmt":"2026-01-12T12:15:05","slug":"motorlas-6600","status":"publish","type":"product","link":"https:\/\/secureus.se\/es\/motorlas-6600\/","title":{"rendered":"Cerradura de motor Safetron 6600"},"content":{"rendered":"<p>SAFETRON 6600 es la cerradura de motor m\u00e1s completa del mercado con una moderna colocaci\u00f3n del pist\u00f3n, id\u00e9ntica a las cerraduras de la serie ASSA connect. Esto significa que la cerradura motorizada est\u00e1 adaptada a los huecos de puertas modernos, independientemente de que se trate de placas de cierre fijas o reemplazables. SAFETRON 6600 se desbloquea en menos de 0,1 segundos, por lo que normalmente no se necesita una cerradura diurna independiente en puertas de alta frecuencia.<\/p>\n<p>Los \u00e1mbitos de uso t\u00edpicos son el cierre diurno, nocturno y de seguridad en comercios, oficinas e industrias, as\u00ed como all\u00ed donde se imponen requisitos de seguridad muy elevados. Las cerraduras de motor est\u00e1n certificadas seg\u00fan SSF-3522 clase de cerradura 2B, 3, 4 y 5 y SS-EN 14846 Grado 7.<\/p>\n<p>SAFETRON 6600 se puede utilizar en rutas de escape de emergencia junto con los accesorios de escape de emergencia SAFETRON 796 seg\u00fan la norma europea SS-EN 179:2008 y SSF 3522 clase 2B.<\/p>\n<p>La serie SAFETRON 6000 ofrece control integrado con varios de los principales proveedores de sistemas de acceso del mercado. Esto significa que las cerraduras motorizadas se pueden conectar directamente al panel de control de la puerta del sistema de control de acceso sin una unidad de control y luego se pueden configurar a trav\u00e9s del software del sistema de control de acceso, lo que proporciona una instalaci\u00f3n simplificada y un entorno de puerta m\u00e1s rentable. Elija medio juego si va a conectar la cerradura motora integrada con un sistema de acceso o si se van a utilizar dos cerraduras motoras con una unidad de control.<\/p>\n<p>SAFETRON 6600 tiene un perno de gancho reforzado y est\u00e1 aprobado en puertas RC3 y RC4 por los principales fabricantes de puertas. La cerradura de motor de la serie 6000 utiliza encriptaci\u00f3n de 128 bits para m\u00e1xima seguridad y permite longitudes de cable de hasta 100 metros entre la cerradura de motor y la unidad de control. Esto significa que la unidad de control se puede instalar en entornos protegidos como paneles el\u00e9ctricos o salas de servidores.<\/p>\n<p>\u2022 Certificado seg\u00fan SSF-3522 clase de cerradura 2B, 3, 4 y 5 y SS-EN 14846 grado 7<br \/>\n\u2022 Profundidad del mandril 50 mm<br \/>\n\u2022 Perno de gancho reforzado<br \/>\n\u2022 Pist\u00f3n que cae<br \/>\n\u2022 Resistencia al fuego: 120 min<br \/>\n\u2022 Control integrado para sistemas de control de acceso<br \/>\n\u2022 La ubicaci\u00f3n del pist\u00f3n es la misma que la de ASSA connect<br \/>\n\u2022 Velocidad de apertura: 0,1 segundos<br \/>\n\u2022 Se puede abrir con llave\/perilla (rotaci\u00f3n de 90 grados)<br \/>\n\u2022 Evacuaci\u00f3n\/reevacuaci\u00f3n de emergencia junto con Accesorios de Evacuaci\u00f3n de Emergencia 796<br \/>\n\u2022 Iniciaci\u00f3n autom\u00e1tica<br \/>\n\u2022 Registro de eventos<br \/>\n\u2022 Conexi\u00f3n en serie, hasta dos bloqueos de motor a una unidad de control<\/p>","protected":false},"excerpt":{"rendered":"<p>SAFETRON 6600 es la cerradura de motor m\u00e1s completa del mercado con una moderna colocaci\u00f3n del pist\u00f3n, id\u00e9ntica a las cerraduras de la serie ASSA connect. Esto significa que la cerradura del motor se adapta a las aberturas de puertas modernas, independientemente de si<\/p>","protected":false},"featured_media":142809,"template":"","meta":{"_acf_changed":false},"product_brand":[],"product_cat":[2874],"product_tag":[4546,4500,4866,4501],"class_list":{"0":"post-149386","1":"product","2":"type-product","3":"status-publish","4":"has-post-thumbnail","6":"product_cat-motorlas","7":"product_tag-panikutrymning-ja","8":"product_tag-rel-safetron-motorlas","9":"product_tag-safetron-20","10":"product_tag-safetron-motorlas","11":"product_shipping_class-tunga-paket","12":"pa_brands-7safetron","13":"tm-no-options","15":"first","16":"instock","17":"sale","18":"featured","19":"taxable","20":"shipping-taxable","21":"purchasable","22":"product-type-simple"},"acf":[],"_links":{"self":[{"href":"https:\/\/secureus.se\/es\/wp-json\/wp\/v2\/product\/149386","targetHints":{"allow":["GET"]}}],"collection":[{"href":"https:\/\/secureus.se\/es\/wp-json\/wp\/v2\/product"}],"about":[{"href":"https:\/\/secureus.se\/es\/wp-json\/wp\/v2\/types\/product"}],"wp:featuredmedia":[{"embeddable":true,"href":"https:\/\/secureus.se\/es\/wp-json\/wp\/v2\/media\/142809"}],"wp:attachment":[{"href":"https:\/\/secureus.se\/es\/wp-json\/wp\/v2\/media?parent=149386"}],"wp:term":[{"taxonomy":"product_brand","embeddable":true,"href":"https:\/\/secureus.se\/es\/wp-json\/wp\/v2\/product_brand?post=149386"},{"taxonomy":"product_cat","embeddable":true,"href":"https:\/\/secureus.se\/es\/wp-json\/wp\/v2\/product_cat?post=149386"},{"taxonomy":"product_tag","embeddable":true,"href":"https:\/\/secureus.se\/es\/wp-json\/wp\/v2\/product_tag?post=149386"}],"curies":[{"name":"wp","href":"https:\/\/api.w.org\/{rel}","templated":true}]}}