{"id":149390,"date":"2022-07-04T09:59:11","date_gmt":"2022-07-04T07:59:11","guid":{"rendered":"https:\/\/secureus.se\/styrenhet-motorlas-tc-cu2\/"},"modified":"2026-01-12T13:19:49","modified_gmt":"2026-01-12T12:19:49","slug":"styrenhet-motorlas-tc-cu2","status":"publish","type":"product","link":"https:\/\/secureus.se\/es\/styrenhet-motorlas-tc-cu2\/","title":{"rendered":"Unidad de control de bloqueo del motor TC CU2"},"content":{"rendered":"<p>La unidad de control TC CU2 tiene la gama m\u00e1s amplia de aplicaciones del mercado y al mismo tiempo es la m\u00e1s f\u00e1cil de usar. Con TC CU2 se pueden conectar dos cerraduras de motor sin ninguna limitaci\u00f3n en el intercambio de se\u00f1ales, esto significa que TC CU2 es efectivamente dos unidades de control en una. Tambi\u00e9n es posible programar rel\u00e9s AUX para la funci\u00f3n deseada, por ejemplo: Control completo para funciones esenciales. <\/p>\n<p>La unidad de control TC CU2 tiene escaneo autom\u00e1tico, lo que hace que la instalaci\u00f3n sea plug-and-play. No se requiere inicializaci\u00f3n, sino que el emparejamiento entre dispositivos se produce autom\u00e1ticamente despu\u00e9s de 12 horas, momento en el que tambi\u00e9n se establece digitalmente en los dispositivos la fecha de instalaci\u00f3n, a partir de la cual comienza a aplicarse el per\u00edodo de garant\u00eda. <\/p>\n<p>TC CU2 se comunica con encriptaci\u00f3n de 128 bits y permite longitudes de cable de hasta 100 metros entre la carcasa de la cerradura y la unidad de control. Esto abre nuevas posibilidades para instalar unidades de control en entornos protegidos como cuadros el\u00e9ctricos o salas de servidores. <\/p>\n<p>Es posible conectar dos cerraduras de motor a un TC CU2. Utilice dos cerraduras motorizadas en la misma puerta o en puertas separadas. Secciones de rel\u00e9 dedicadas para la esclusa 1 y la esclusa 2 respectivamente. Al instalar dos cerraduras de motor, es posible el mismo intercambio de se\u00f1ales.<\/p>\n<p>\u2022 Entradas bloqueo 1: Activaci\u00f3n, Contacto magn\u00e9tico de puerta exterior<br \/>\n<br \/>\n\u2022 Entradas de cerradura 2: Activaci\u00f3n, Contacto magn\u00e9tico de puerta externa<br \/>\n<br \/>\n\u2022 Salidas cerradura 1: Cerrojo exterior\/interior, Puerta abierta\/cerrada, Impulso, Alarma<br \/>\n<br \/>\n\u2022 Salidas cerradura 2: Cerrojo exterior\/interior, Puerta abierta\/cerrada, Impulso, Alarma<\/p>\n<p>\u2022 10-48 VCC<br \/>\n<br \/>\n\u2022 Tecnolog\u00eda BUS TwoCom<br \/>\n<br \/>\n\u2022 Rel\u00e9s auxiliares programables (p. ej. control de automatizaci\u00f3n de puertas, funci\u00f3n esencial)<br \/>\n<br \/>\n\u2022 Conexi\u00f3n en serie, hasta dos bloqueos de motor contra TC CU2<br \/>\n<br \/>\n\u2022 Inicializaci\u00f3n autom\u00e1tica de dispositivos<br \/>\n<br \/>\n\u2022 Cada salida de rel\u00e9 se puede configurar individualmente como NO o NC mediante un puente de cortocircuito<br \/>\n<br \/>\n\u2022 LED en cada salida de rel\u00e9 individual para indicar la activaci\u00f3n<br \/>\n<br \/>\n\u2022 Registro de eventos<br \/>\n<br \/>\n\u2022 Gesti\u00f3n de c\u00f3digos de error mediante pantalla<br \/>\n<br \/>\n\u2022 M\u00f3dulo de servicio<br \/>\n<br \/>\n\u2022 Admite longitudes de cable largas, hasta 100 metros entre la carcasa de la cerradura y la unidad de control.<br \/>\n<br \/>\n\u2022 Bajo consumo de energ\u00eda (&gt;1 W en modo de espera)<br \/>\n<br \/>\n\u2022 Junto con las cerraduras de motor de la serie 6000, se cumplen las clases de cerradura SSF-3522 3, 4 y 5<\/p>","protected":false},"excerpt":{"rendered":"<p>La unidad de control TC CU2 tiene la gama m\u00e1s amplia de aplicaciones del mercado y al mismo tiempo es la m\u00e1s f\u00e1cil de usar. Con TC CU2 se pueden conectar dos cerraduras de motor sin ninguna limitaci\u00f3n en el intercambio de se\u00f1ales, esto significa que TC<\/p>","protected":false},"featured_media":142212,"template":"","meta":{"_acf_changed":false},"product_brand":[],"product_cat":[2834],"product_tag":[4508,4866,4452],"class_list":{"0":"post-149390","1":"product","2":"type-product","3":"status-publish","4":"has-post-thumbnail","6":"product_cat-ellas-motorlastillbehor","7":"product_tag-ellas-tillbehor-styrenheter","8":"product_tag-safetron-20","9":"product_tag-safetron-tillbehor-motorlas-6000-serien","10":"product_shipping_class-tunga-paket","11":"pa_brands-7safetron","12":"tm-no-options","14":"first","15":"instock","16":"featured","17":"taxable","18":"shipping-taxable","19":"purchasable","20":"product-type-simple"},"acf":[],"_links":{"self":[{"href":"https:\/\/secureus.se\/es\/wp-json\/wp\/v2\/product\/149390","targetHints":{"allow":["GET"]}}],"collection":[{"href":"https:\/\/secureus.se\/es\/wp-json\/wp\/v2\/product"}],"about":[{"href":"https:\/\/secureus.se\/es\/wp-json\/wp\/v2\/types\/product"}],"wp:featuredmedia":[{"embeddable":true,"href":"https:\/\/secureus.se\/es\/wp-json\/wp\/v2\/media\/142212"}],"wp:attachment":[{"href":"https:\/\/secureus.se\/es\/wp-json\/wp\/v2\/media?parent=149390"}],"wp:term":[{"taxonomy":"product_brand","embeddable":true,"href":"https:\/\/secureus.se\/es\/wp-json\/wp\/v2\/product_brand?post=149390"},{"taxonomy":"product_cat","embeddable":true,"href":"https:\/\/secureus.se\/es\/wp-json\/wp\/v2\/product_cat?post=149390"},{"taxonomy":"product_tag","embeddable":true,"href":"https:\/\/secureus.se\/es\/wp-json\/wp\/v2\/product_tag?post=149390"}],"curies":[{"name":"wp","href":"https:\/\/api.w.org\/{rel}","templated":true}]}}