{"id":149393,"date":"2022-07-04T07:51:52","date_gmt":"2022-07-04T05:51:52","guid":{"rendered":"https:\/\/secureus.se\/motorlas-6500-halvsats-2\/"},"modified":"2026-01-12T13:19:06","modified_gmt":"2026-01-12T12:19:06","slug":"motorlas-6500-halvsats-2","status":"publish","type":"product","link":"https:\/\/secureus.se\/es\/motorlas-6500-halvsats-2\/","title":{"rendered":"Cerradura de motor Safetron 6500 medio juego"},"content":{"rendered":"<p>SAFETRON 6500 en embalaje de medio juego. El paquete del conjunto contiene: cerradura de motor 6500, cable de conexi\u00f3n C06 (10m), placa de cierre 107-2 y transferencia de marco CT81.<\/p>\n<p>SAFETRON 6500 es la cerradura de motor m\u00e1s completa del mercado con una moderna colocaci\u00f3n del pist\u00f3n, id\u00e9ntica a las cerraduras de la serie ASSA connect. Esto significa que la cerradura motorizada est\u00e1 adaptada a los huecos de puertas modernos, independientemente de que se trate de placas de cierre fijas o reemplazables. SAFETRON 6500 se desbloquea en menos de 0,1 segundos, por lo que normalmente no se necesita una cerradura diurna independiente en puertas de alta frecuencia. SAFETRON 6500 est\u00e1 adaptado para ser utilizado junto con la automatizaci\u00f3n de puertas.<\/p>\n<p>Los \u00e1mbitos de uso t\u00edpicos son el cierre diurno, nocturno y de seguridad en comercios, oficinas e industrias, as\u00ed como all\u00ed donde se imponen requisitos de seguridad muy elevados. Las cerraduras de motor est\u00e1n certificadas seg\u00fan SSF-3522 clase de cerradura 2B, 3, 4 y 5 y SS-EN 14846 Grado 7.<\/p>\n<p>SAFETRON 6500 se puede utilizar en rutas de escape de emergencia junto con los accesorios de escape de emergencia SAFETRON 795 seg\u00fan la norma europea SS-EN 179:2008 y SSF 3522 clase 2B.<\/p>\n<p>La serie SAFETRON 6000 ofrece control integrado con varios de los principales proveedores de sistemas de acceso del mercado. Esto significa que las cerraduras motorizadas se pueden conectar directamente al panel de control de la puerta del sistema de control de acceso sin una unidad de control y luego se pueden configurar a trav\u00e9s del software del sistema de control de acceso, lo que proporciona una instalaci\u00f3n simplificada y un entorno de puerta m\u00e1s rentable. Elija medio juego si va a conectar la cerradura motora integrada con un sistema de acceso o si se van a utilizar dos cerraduras motoras con una unidad de control.<\/p>\n<p>SAFETRON 6500 tiene un perno de gancho reforzado y est\u00e1 aprobado en puertas RC3 y RC4 por los principales fabricantes de puertas. La cerradura de motor de la serie 6000 utiliza encriptaci\u00f3n de 128 bits para m\u00e1xima seguridad y permite longitudes de cable de hasta 100 metros entre la cerradura de motor y la unidad de control. Esto significa que la unidad de control se puede instalar en entornos protegidos como paneles el\u00e9ctricos o salas de servidores.<\/p>\n<p>\u2022 Certificado seg\u00fan SSF-3522 clase de cerradura 2B, 3, 4 y 5 y SS-EN 14846 grado 7<br \/>\n\u2022 Profundidad del mandril 50 mm<br \/>\n\u2022 Perno de gancho reforzado<br \/>\n\u2022 Control integrado para sistemas de control de acceso<br \/>\n\u2022 La ubicaci\u00f3n del pist\u00f3n es la misma que la de ASSA connect<br \/>\n\u2022 Velocidad de apertura: 0,1 segundos<br \/>\n\u2022 Se puede abrir con llave\/perilla (rotaci\u00f3n de 90 grados)<br \/>\n\u2022 Adaptado para automatizaci\u00f3n de puertas<br \/>\n\u2022 Evacuaci\u00f3n\/reevacuaci\u00f3n de emergencia junto con Accesorios de Evacuaci\u00f3n de Emergencia 795<br \/>\n\u2022 Iniciaci\u00f3n autom\u00e1tica<br \/>\n\u2022 Registro de eventos<br \/>\n\u2022 Conexi\u00f3n en serie, hasta dos bloqueos de motor a una unidad de control<\/p>","protected":false},"excerpt":{"rendered":"<p>SAFETRON 6500 en embalaje de medio juego. El paquete del conjunto contiene: cerradura de motor 6500, cable de conexi\u00f3n C06 (10m), placa de cierre 107-2 y transferencia de marco CT81. SAFETRON 6500 es el bloqueo de motor m\u00e1s completo del mercado con una moderna ubicaci\u00f3n del pist\u00f3n, id\u00e9ntica a<\/p>","protected":false},"featured_media":142072,"template":"","meta":{"_acf_changed":false},"product_brand":[],"product_cat":[2874],"product_tag":[4512,4546,4500,4866,4501],"class_list":{"0":"post-149393","1":"product","2":"type-product","3":"status-publish","4":"has-post-thumbnail","6":"product_cat-motorlas","7":"product_tag-motorlas-komplett-kpl","8":"product_tag-panikutrymning-ja","9":"product_tag-rel-safetron-motorlas","10":"product_tag-safetron-20","11":"product_tag-safetron-motorlas","12":"product_shipping_class-tunga-paket","13":"pa_brands-7safetron","14":"tm-no-options","16":"first","17":"instock","18":"sale","19":"featured","20":"taxable","21":"shipping-taxable","22":"purchasable","23":"product-type-simple"},"acf":[],"_links":{"self":[{"href":"https:\/\/secureus.se\/es\/wp-json\/wp\/v2\/product\/149393","targetHints":{"allow":["GET"]}}],"collection":[{"href":"https:\/\/secureus.se\/es\/wp-json\/wp\/v2\/product"}],"about":[{"href":"https:\/\/secureus.se\/es\/wp-json\/wp\/v2\/types\/product"}],"wp:featuredmedia":[{"embeddable":true,"href":"https:\/\/secureus.se\/es\/wp-json\/wp\/v2\/media\/142072"}],"wp:attachment":[{"href":"https:\/\/secureus.se\/es\/wp-json\/wp\/v2\/media?parent=149393"}],"wp:term":[{"taxonomy":"product_brand","embeddable":true,"href":"https:\/\/secureus.se\/es\/wp-json\/wp\/v2\/product_brand?post=149393"},{"taxonomy":"product_cat","embeddable":true,"href":"https:\/\/secureus.se\/es\/wp-json\/wp\/v2\/product_cat?post=149393"},{"taxonomy":"product_tag","embeddable":true,"href":"https:\/\/secureus.se\/es\/wp-json\/wp\/v2\/product_tag?post=149393"}],"curies":[{"name":"wp","href":"https:\/\/api.w.org\/{rel}","templated":true}]}}