{"id":149394,"date":"2022-07-04T09:56:45","date_gmt":"2022-07-04T07:56:45","guid":{"rendered":"https:\/\/secureus.se\/styrenhet-5000\/"},"modified":"2026-01-12T13:24:41","modified_gmt":"2026-01-12T12:24:41","slug":"styrenhet-5000","status":"publish","type":"product","link":"https:\/\/secureus.se\/es\/styrenhet-5000\/","title":{"rendered":"Unidad de control Safetron 5000"},"content":{"rendered":"<p>La unidad de control 5000 Standard funciona en conjunto con las cajas de bloqueo de motor 5150, 5188, 5250, 5350, 5450, 5328, 5335 y cumple con los requisitos, entre otros: WEEE y RoHS. La unidad de control est\u00e1 equipada con salidas de rel\u00e9 duales para un m\u00e1ximo intercambio de se\u00f1ales. Hay tres entradas independientes para activar la cerradura, cierre sin potencial, temporizador y pulso de corriente. Salida de alarma y microinterruptor antisabotaje. El procesador est\u00e1 programado para que la alarma se active en caso de rotura de cable, para mayor seguridad. Fabricado en Suecia.<br \/>\n<br \/>\nCumple con los requisitos seg\u00fan, entre otros: RAEE y RoHS<br \/>\n<br \/>\n?Salidas de rel\u00e9:<br \/>\n<br \/>\n Bloqueo de d\u00eda<br \/>\n<br \/>\n Apertura de emergencia \/ control de tiempo<br \/>\n<br \/>\n Contacto magn\u00e9tico de puerta exterior<br \/>\n<br \/>\n Alarma<br \/>\n<br \/>\n Puerta cerrada<br \/>\n<br \/>\n Puerta abierta<br \/>\n<br \/>\n Prealarma<br \/>\n<br \/>\n Gobernar en el interior<br \/>\n<br \/>\n Excluir<br \/>\n<br \/>\n se\u00f1al de impulso<br \/>\n<br \/>\n Impulso de apertura, libre de potencial<br \/>\n<br \/>\n Impulso de apertura, voltaje<br \/>\n<br \/>\n Tierra protectora<br \/>\n<br \/>\n?Microinterruptor de seguridad<br \/>\n<br \/>\n?Protegido contra cortocircuitos<br \/>\n<br \/>\nVoltaje: 10-35 VCC\/8-24 VCA, 50-350 mA<br \/>\n<br \/>\nDimensiones: (alto x ancho) 220\u00d7108 mm<\/p>","protected":false},"excerpt":{"rendered":"<p>La unidad de control 5000 Standard funciona en conjunto con las cajas de bloqueo de motor 5150, 5188, 5250, 5350, 5450, 5328, 5335 y cumple con los requisitos, entre otros: WEEE y RoHS. La unidad de control est\u00e1 equipada con salidas de rel\u00e9 duales para una m\u00e1xima<\/p>","protected":false},"featured_media":142061,"template":"","meta":{"_acf_changed":false},"product_brand":[],"product_cat":[2834],"product_tag":[4508,4866,4503],"class_list":{"0":"post-149394","1":"product","2":"type-product","3":"status-publish","4":"has-post-thumbnail","6":"product_cat-ellas-motorlastillbehor","7":"product_tag-ellas-tillbehor-styrenheter","8":"product_tag-safetron-20","9":"product_tag-safetron-tillbehor-motorlas-5000-serien","10":"product_shipping_class-tunga-paket","11":"pa_brands-7safetron","12":"tm-no-options","14":"first","15":"instock","16":"featured","17":"taxable","18":"shipping-taxable","19":"purchasable","20":"product-type-simple"},"acf":[],"_links":{"self":[{"href":"https:\/\/secureus.se\/es\/wp-json\/wp\/v2\/product\/149394","targetHints":{"allow":["GET"]}}],"collection":[{"href":"https:\/\/secureus.se\/es\/wp-json\/wp\/v2\/product"}],"about":[{"href":"https:\/\/secureus.se\/es\/wp-json\/wp\/v2\/types\/product"}],"wp:featuredmedia":[{"embeddable":true,"href":"https:\/\/secureus.se\/es\/wp-json\/wp\/v2\/media\/142061"}],"wp:attachment":[{"href":"https:\/\/secureus.se\/es\/wp-json\/wp\/v2\/media?parent=149394"}],"wp:term":[{"taxonomy":"product_brand","embeddable":true,"href":"https:\/\/secureus.se\/es\/wp-json\/wp\/v2\/product_brand?post=149394"},{"taxonomy":"product_cat","embeddable":true,"href":"https:\/\/secureus.se\/es\/wp-json\/wp\/v2\/product_cat?post=149394"},{"taxonomy":"product_tag","embeddable":true,"href":"https:\/\/secureus.se\/es\/wp-json\/wp\/v2\/product_tag?post=149394"}],"curies":[{"name":"wp","href":"https:\/\/api.w.org\/{rel}","templated":true}]}}