{"id":149395,"date":"2022-07-04T10:04:07","date_gmt":"2022-07-04T08:04:07","guid":{"rendered":"https:\/\/secureus.se\/relakort-rec\/"},"modified":"2025-09-25T17:52:42","modified_gmt":"2025-09-25T15:52:42","slug":"relakort-rec","status":"publish","type":"product","link":"https:\/\/secureus.se\/es\/relakort-rec\/","title":{"rendered":"Tarjeta de rel\u00e9 Safetron REC"},"content":{"rendered":"<p>SAFETRON REC es una tarjeta de rel\u00e9 que gestiona el reingreso en combinaci\u00f3n con SAFETRON SL621 o SAFETRON SL630 cuando se utiliza con el accesorio de evacuaci\u00f3n de emergencia 794. <\/p>\n<p>La funci\u00f3n de empuje en SL621 y SL630 tiene una funci\u00f3n inversa y, por lo tanto, activa el reingreso al romper el voltaje en el entorno de la puerta. La aver\u00eda puede producirse por una alarma de incendios activada o por un accesorio de emergencia 794 activado que est\u00e9 conectado a SAFETRON REC. <\/p>\n<p>La activaci\u00f3n de la presi\u00f3n se conecta a trav\u00e9s de la placa de rel\u00e9s REC, el microinterruptor del accesorio de evacuaci\u00f3n de emergencia est\u00e1 conectado a la placa de rel\u00e9s. Cuando se activa el dispositivo de evacuaci\u00f3n de emergencia, el rel\u00e9 de enclavamiento conmuta, lo que interrumpe la tensi\u00f3n a la presi\u00f3n, que entonces se pone en una posici\u00f3n conectada mec\u00e1nicamente, permitiendo as\u00ed el reingreso. <\/p>\n<p>El reinicio se realiza mediante una conexi\u00f3n libre de potencial a la placa de rel\u00e9s. SAFETRON REC tiene salidas de alarma NO\/NC para se\u00f1alar el reencierro activado.<\/p>","protected":false},"excerpt":{"rendered":"<p>SAFETRON REC es una tarjeta de rel\u00e9 que gestiona el reingreso en combinaci\u00f3n con SAFETRON SL621 o SAFETRON SL630 cuando se utiliza con el accesorio de evacuaci\u00f3n de emergencia 794. La funci\u00f3n de bot\u00f3n pulsador en SL621 y SL630 tiene la funci\u00f3n inversa.<\/p>","protected":false},"featured_media":141950,"template":"","meta":{"_acf_changed":false},"product_brand":[],"product_cat":[2834],"product_tag":[4508,4866,4505],"class_list":{"0":"post-149395","1":"product","2":"type-product","3":"status-publish","4":"has-post-thumbnail","6":"product_cat-ellas-motorlastillbehor","7":"product_tag-ellas-tillbehor-styrenheter","8":"product_tag-safetron-20","9":"product_tag-safetron-tillbehor-600-serien","10":"product_shipping_class-tunga-paket","11":"pa_brands-7safetron","12":"tm-has-options","14":"first","15":"instock","16":"sale","17":"featured","18":"taxable","19":"shipping-taxable","20":"purchasable","21":"product-type-simple"},"acf":[],"_links":{"self":[{"href":"https:\/\/secureus.se\/es\/wp-json\/wp\/v2\/product\/149395","targetHints":{"allow":["GET"]}}],"collection":[{"href":"https:\/\/secureus.se\/es\/wp-json\/wp\/v2\/product"}],"about":[{"href":"https:\/\/secureus.se\/es\/wp-json\/wp\/v2\/types\/product"}],"wp:featuredmedia":[{"embeddable":true,"href":"https:\/\/secureus.se\/es\/wp-json\/wp\/v2\/media\/141950"}],"wp:attachment":[{"href":"https:\/\/secureus.se\/es\/wp-json\/wp\/v2\/media?parent=149395"}],"wp:term":[{"taxonomy":"product_brand","embeddable":true,"href":"https:\/\/secureus.se\/es\/wp-json\/wp\/v2\/product_brand?post=149395"},{"taxonomy":"product_cat","embeddable":true,"href":"https:\/\/secureus.se\/es\/wp-json\/wp\/v2\/product_cat?post=149395"},{"taxonomy":"product_tag","embeddable":true,"href":"https:\/\/secureus.se\/es\/wp-json\/wp\/v2\/product_tag?post=149395"}],"curies":[{"name":"wp","href":"https:\/\/api.w.org\/{rel}","templated":true}]}}