{"id":149402,"date":"2022-07-04T07:49:46","date_gmt":"2022-07-04T05:49:46","guid":{"rendered":"https:\/\/secureus.se\/motorlas-5328-kpl\/"},"modified":"2026-01-12T13:16:32","modified_gmt":"2026-01-12T12:16:32","slug":"motorlas-5328-kpl","status":"publish","type":"product","link":"https:\/\/secureus.se\/es\/motorlas-5328-kpl\/","title":{"rendered":"Cerradura de motor Safetron 5328 completa"},"content":{"rendered":"<p>Cerradura de motor SAFETRON 5328 en embalaje de juego. El paquete del conjunto contiene: cerradura motorizada 5328, unidad de control 5000, cable de conexi\u00f3n C01 (10m), placa de cierre 102 y transferencia de marco CT81.<\/p>\n<p>La cerradura motorizada SAFETRON 5328 con dise\u00f1o de perfil estrecho se desbloquea en menos de 0,3 segundos, por lo que normalmente no se necesita una cerradura diurna independiente en puertas de alta frecuencia. La cerradura motorizada funciona de forma excelente junto con la automatizaci\u00f3n de la puerta.<\/p>\n<p>Los \u00e1mbitos de uso t\u00edpicos son el cierre diurno, nocturno y de seguridad en comercios, oficinas e industria. La cerradura cumple con los requisitos correspondientes a la clase de cerradura 3 SS 3079. La cerradura del motor est\u00e1 equipada con un perno recto reforzado para una m\u00e1xima resistencia.<\/p>\n<p>\u2022 Profundidad del mandril: 28 mm<\/p>\n<p>\u2022 Pist\u00f3n de perno de gancho<\/p>\n<p>\u2022 Se desbloquea en 0,3 segundos<\/p>\n<p>\u2022 Adaptado para automatizaci\u00f3n de puertas<\/p>\n<p>\u2022 Certificado seg\u00fan SS-EN 14846<\/p>\n<p>La unidad de control tiene dos filas de terminales (NC\/NO) y la siguiente funci\u00f3n de rel\u00e9:<\/p>\n<p>\u2022 Impulso de apertura libre de potencial<\/p>\n<p>\u2022 Apertura con temporizador\/emergencia<\/p>\n<p>\u2022 Im\u00e1n de puerta exterior<\/p>\n<p>\u2022 Alarma<\/p>\n<p>\u2022 Puerta cerrada<\/p>\n<p>\u2022 Descartar<\/p>\n<p>\u2022 Ajuste del tiempo de apertura 1-25 s<\/p>\n<p>\u2022 Alarma en caso de fallo del cable<\/p>\n<p>\u2022 Tensi\u00f3n de impulso de apertura<\/p>\n<p>\u2022 Bloqueo de d\u00eda<\/p>\n<p>\u2022 Puerta abierta<\/p>\n<p>\u2022 Funci\u00f3n de perilla de alarma<\/p>\n<p>\u2022 Gobernar en el interior<\/p>\n<p>\u2022 Se\u00f1al de impulso<\/p>\n<p>\u2022 Voltaje: 10-35 VCC\/8-24 VCA<\/p>\n<p>\u2022 Consumo de corriente: 50-350 mA<\/p>","protected":false},"excerpt":{"rendered":"<p>SAFETRON motorl\u00e5s 5328 i satsf\u00f6rpackning. Satsf\u00f6rpackningen inneh\u00e5ller: motorl\u00e5s 5328, styrenhet 5000, anslutningskabel C01 (10m), slutbleck 102 samt karm\u00f6verf\u00f6ring CT81. SAFETRON motorl\u00e5s 5328 i smalprofilutf\u00f6rande fr\u00e5nreglar under 0.3 sekunder och d\u00e4rf\u00f6r<\/p>","protected":false},"featured_media":142119,"template":"","meta":{"_acf_changed":false},"product_brand":[],"product_cat":[2874],"product_tag":[4512,4500,4866,4511],"class_list":{"0":"post-149402","1":"product","2":"type-product","3":"status-publish","4":"has-post-thumbnail","6":"product_cat-motorlas","7":"product_tag-motorlas-komplett-kpl","8":"product_tag-rel-safetron-motorlas","9":"product_tag-safetron-20","10":"product_tag-safetron-eltryckeslas","11":"product_shipping_class-tunga-paket","12":"pa_brands-7safetron","13":"tm-no-options","15":"first","16":"instock","17":"sale","18":"featured","19":"taxable","20":"shipping-taxable","21":"purchasable","22":"product-type-simple"},"acf":[],"_links":{"self":[{"href":"https:\/\/secureus.se\/es\/wp-json\/wp\/v2\/product\/149402","targetHints":{"allow":["GET"]}}],"collection":[{"href":"https:\/\/secureus.se\/es\/wp-json\/wp\/v2\/product"}],"about":[{"href":"https:\/\/secureus.se\/es\/wp-json\/wp\/v2\/types\/product"}],"wp:featuredmedia":[{"embeddable":true,"href":"https:\/\/secureus.se\/es\/wp-json\/wp\/v2\/media\/142119"}],"wp:attachment":[{"href":"https:\/\/secureus.se\/es\/wp-json\/wp\/v2\/media?parent=149402"}],"wp:term":[{"taxonomy":"product_brand","embeddable":true,"href":"https:\/\/secureus.se\/es\/wp-json\/wp\/v2\/product_brand?post=149402"},{"taxonomy":"product_cat","embeddable":true,"href":"https:\/\/secureus.se\/es\/wp-json\/wp\/v2\/product_cat?post=149402"},{"taxonomy":"product_tag","embeddable":true,"href":"https:\/\/secureus.se\/es\/wp-json\/wp\/v2\/product_tag?post=149402"}],"curies":[{"name":"wp","href":"https:\/\/api.w.org\/{rel}","templated":true}]}}