{"id":149413,"date":"2022-07-04T07:50:05","date_gmt":"2022-07-04T05:50:05","guid":{"rendered":"https:\/\/secureus.se\/ellas-sl621-omvand\/"},"modified":"2026-01-12T15:22:28","modified_gmt":"2026-01-12T14:22:28","slug":"ellas-sl621-omvand","status":"publish","type":"product","link":"https:\/\/secureus.se\/es\/ellas-sl621-omvand\/","title":{"rendered":"Cerradura el\u00e9ctrica Safetron SL621 con carcasa reversible"},"content":{"rendered":"<h1>Cerradura el\u00e9ctrica Safetron SL621 con carcasa reversible<\/h1>\n<p>SAFETRON SL621 es la cerradura de empuje el\u00e9ctrica multifuncional de pr\u00f3xima generaci\u00f3n con funci\u00f3n dividida y tecnolog\u00eda h\u00edbrida patentada.<\/p>\n<p>Las \u00e1reas de uso t\u00edpicas son el bloqueo interno de puertas de alta frecuencia en edificios comerciales, hospitales, escuelas, industrias y viviendas multifamiliares donde es necesaria una alta confiabilidad operativa.<\/p>\n<p>Se proporciona indicaci\u00f3n de enclavamiento, movimiento de pulsador y estado de la puerta mediante un contacto magn\u00e9tico y una perilla indicadora. Esta perilla permite activar una alarma en caso de acceso no autorizado al cilindro.<\/p>\n<p>SL621 tiene la funci\u00f3n inversa.<\/p>\n<p>SAFETRON SL621 tiene una tecnolog\u00eda h\u00edbrida patentada que permite cambiar la ubicaci\u00f3n del pist\u00f3n.<\/p>\n<p>Esto significa que la cerradura se puede utilizar junto con placas de cierre y huecos de marco adaptados tanto para la serie de m\u00f3dulos ASSA connect como para la ASSA classic.<\/p>\n<p>Esto aplica tanto a puertas antiguas como nuevas. Ajustar la posici\u00f3n del pist\u00f3n es tan sencillo como invertirlo.<\/p>\n<p>SAFETRON SL621 es ajustable entre funci\u00f3n simple que proporciona activaci\u00f3n el\u00e9ctrica desde ambos lados (lectores de tarjeta dobles) y funci\u00f3n dividida, lo que significa que el bot\u00f3n pulsador exterior se controla el\u00e9ctricamente mientras que el bot\u00f3n pulsador interior siempre est\u00e1 activado mec\u00e1nicamente y, por lo tanto, siempre permite una salida mec\u00e1nica.<\/p>\n<p>Al utilizar la funci\u00f3n de bloqueo dividido, se elimina la necesidad de un bot\u00f3n de apertura o control de acceso en el interior.<\/p>\n<div class=\"tabRow\"><span class=\"bold\">Voltaje<\/span>12-24 VCC (-10%\/+15%)<\/div>\n<div class=\"tabRow\"><span class=\"bold\">Consumo de energ\u00eda<\/span>12 VCC: 70 mA<br \/>\n24 VCC: 40 mA<\/div>\n<div class=\"tabRow\"><span class=\"bold\">Rango de temperatura<\/span>-20\u00b0C \u2013 +40\u00b0C<\/div>\n<div class=\"tabRow\"><span class=\"bold\">Funci\u00f3n<\/span>Funci\u00f3n inversa<\/div>\n<div class=\"tabRow\"><span class=\"bold\">Clasificaci\u00f3n de resistencia al fuego<\/span>S\u00ed (E\/EI 120)<\/div>\n<div class=\"tabRow\"><span class=\"bold\">Se\u00f1ales<\/span>Enclavamiento, movimiento de pulsador, estado de la puerta, cilindro<\/div>","protected":false},"excerpt":{"rendered":"<p>Safetron Ell\u00e5s SL621 omv\u00e4ndbart l\u00e5shus SAFETRON SL621 \u00e4r n\u00e4sta generationens multifunktionella eltryckesl\u00e5s med split funktion och patenterad hybridteknologi. Typiska anv\u00e4ndningsomr\u00e5den \u00e4r intern l\u00e5sning av h\u00f6gfrekventa d\u00f6rrar i aff\u00e4rsbyggnader, sjukhus, skolor,<\/p>","protected":false},"featured_media":141986,"template":"","meta":{"_acf_changed":false},"product_brand":[],"product_cat":[2429],"product_tag":[2286,4510,4866,4511],"class_list":{"0":"post-149413","1":"product","2":"type-product","3":"status-publish","4":"has-post-thumbnail","6":"product_cat-ellas","7":"product_tag-ellas-eltryckeslas","8":"product_tag-rel-safetron-eltryckeslas","9":"product_tag-safetron-20","10":"product_tag-safetron-eltryckeslas","11":"product_shipping_class-tunga-paket","12":"tm-has-options","14":"first","15":"instock","16":"sale","17":"featured","18":"taxable","19":"shipping-taxable","20":"purchasable","21":"product-type-simple"},"acf":[],"_links":{"self":[{"href":"https:\/\/secureus.se\/es\/wp-json\/wp\/v2\/product\/149413","targetHints":{"allow":["GET"]}}],"collection":[{"href":"https:\/\/secureus.se\/es\/wp-json\/wp\/v2\/product"}],"about":[{"href":"https:\/\/secureus.se\/es\/wp-json\/wp\/v2\/types\/product"}],"wp:featuredmedia":[{"embeddable":true,"href":"https:\/\/secureus.se\/es\/wp-json\/wp\/v2\/media\/141986"}],"wp:attachment":[{"href":"https:\/\/secureus.se\/es\/wp-json\/wp\/v2\/media?parent=149413"}],"wp:term":[{"taxonomy":"product_brand","embeddable":true,"href":"https:\/\/secureus.se\/es\/wp-json\/wp\/v2\/product_brand?post=149413"},{"taxonomy":"product_cat","embeddable":true,"href":"https:\/\/secureus.se\/es\/wp-json\/wp\/v2\/product_cat?post=149413"},{"taxonomy":"product_tag","embeddable":true,"href":"https:\/\/secureus.se\/es\/wp-json\/wp\/v2\/product_tag?post=149413"}],"curies":[{"name":"wp","href":"https:\/\/api.w.org\/{rel}","templated":true}]}}