{"id":149414,"date":"2022-07-04T10:07:01","date_gmt":"2022-07-04T08:07:01","guid":{"rendered":"https:\/\/secureus.se\/slutbleck-106-6\/"},"modified":"2025-12-31T20:20:30","modified_gmt":"2025-12-31T19:20:30","slug":"slutbleck-106-6","status":"publish","type":"product","link":"https:\/\/secureus.se\/es\/slutbleck-106-6\/","title":{"rendered":"Placa final 106-6"},"content":{"rendered":"<h1>Placa final 106-6<\/h1>\n<p class=\"\" data-start=\"261\" data-end=\"808\">La placa de cierre 106-6 est\u00e1 dise\u00f1ada para su uso en el sistema de perfil SAPA 2086 y es compatible con cerraduras de motor de las series 5000 y 6000, as\u00ed como con cerraduras de pulsador el\u00e9ctricas SAFETRON.<\/p>\n<p class=\"\" data-start=\"261\" data-end=\"808\">Tiene un puente ajustable, lo que significa que tanto las ubicaciones de pist\u00f3n ASSA connect como las cl\u00e1sicas se adaptan a esta placa de impacto.<\/p>\n<p class=\"\" data-start=\"261\" data-end=\"808\">Viene completo con im\u00e1n ajustable y est\u00e1 hecho de acero inoxidable para mayor durabilidad y larga vida \u00fatil.<\/p>\n<p class=\"\" data-start=\"261\" data-end=\"808\">Con un ancho de 58 mm, una longitud de 200 mm y una profundidad de 27 mm, es perfecto para una variedad de soluciones de puertas donde tanto la seguridad como la funci\u00f3n son importantes.<\/p>\n<p class=\"\" data-start=\"810\" data-end=\"827\"><strong data-start=\"810\" data-end=\"824\">Caracter\u00edsticas<\/strong>:<\/p>\n<ul data-start=\"828\" data-end=\"1099\">\n<li class=\"\" data-start=\"828\" data-end=\"867\">\n<p class=\"\" data-start=\"830\" data-end=\"867\">Adaptado para el sistema de perfiles SAPA 2086<\/p>\n<\/li>\n<li class=\"\" data-start=\"868\" data-end=\"946\">\n<p class=\"\" data-start=\"870\" data-end=\"946\">Compatible con cerraduras motorizadas de las series 5000 y 6000 y cerraduras el\u00e9ctricas de pulsador SAFETRON<\/p>\n<\/li>\n<li class=\"\" data-start=\"947\" data-end=\"1012\">\n<p class=\"\" data-start=\"949\" data-end=\"1012\">Puente ajustable para ASSA connect y ubicaciones de pist\u00f3n cl\u00e1sicas<\/p>\n<\/li>\n<li class=\"\" data-start=\"1013\" data-end=\"1047\">\n<p class=\"\" data-start=\"1015\" data-end=\"1047\">Viene con im\u00e1n ajustable.<\/p>\n<\/li>\n<li class=\"\" data-start=\"1048\" data-end=\"1099\">\n<p class=\"\" data-start=\"1050\" data-end=\"1099\">Fabricado en acero inoxidable para una larga durabilidad.<\/p>\n<\/li>\n<\/ul>\n<p class=\"\" data-start=\"1101\" data-end=\"1120\"><strong data-start=\"1101\" data-end=\"1117\">Datos t\u00e9cnicos<\/strong>:<\/p>\n<ul data-start=\"1121\" data-end=\"1339\">\n<li class=\"\" data-start=\"1121\" data-end=\"1141\">\n<p class=\"\" data-start=\"1123\" data-end=\"1141\"><strong data-start=\"1123\" data-end=\"1132\">Ancho<\/strong>:58 mm<\/p>\n<\/li>\n<li class=\"\" data-start=\"1142\" data-end=\"1163\">\n<p class=\"\" data-start=\"1144\" data-end=\"1163\"><strong data-start=\"1144\" data-end=\"1153\">Longitud<\/strong>:200 mm<\/p>\n<\/li>\n<li class=\"\" data-start=\"1164\" data-end=\"1183\">\n<p class=\"\" data-start=\"1166\" data-end=\"1183\"><strong data-start=\"1166\" data-end=\"1174\">Profundidad<\/strong>:27 mm<\/p>\n<\/li>\n<li class=\"\" data-start=\"1184\" data-end=\"1209\">\n<p class=\"\" data-start=\"1186\" data-end=\"1209\"><strong data-start=\"1186\" data-end=\"1198\">Tama\u00f1o de la lengua<\/strong>:27,5 mil\u00edmetros<\/p>\n<\/li>\n<li class=\"\" data-start=\"1210\" data-end=\"1242\">\n<p class=\"\" data-start=\"1212\" data-end=\"1242\"><strong data-start=\"1212\" data-end=\"1224\">Material<\/strong>:Acero inoxidable<\/p>\n<\/li>\n<li class=\"\" data-start=\"1243\" data-end=\"1339\">\n<p class=\"\" data-start=\"1245\" data-end=\"1339\"><strong data-start=\"1245\" data-end=\"1263\">Compatibilidad<\/strong>:Sistema de perfiles SAPA 2086, cerradura motorizada serie 5000\/6000, cerradura de empuje el\u00e9ctrica SAFETRON<\/p>\n<\/li>\n<\/ul>","protected":false},"excerpt":{"rendered":"<p>Placa final 106-6 para sistema de perfiles SAPA 2086, con puente regulable e im\u00e1n.<\/p>\n<p>Compatible con cerraduras motorizadas series 5000\/6000 y cerraduras el\u00e9ctricas de pulsador SAFETRON.<\/p>","protected":false},"featured_media":142384,"template":"","meta":{"_acf_changed":false},"product_brand":[],"product_cat":[3355],"product_tag":[4504,4866,4503],"class_list":{"0":"post-149414","1":"product","2":"type-product","3":"status-publish","4":"has-post-thumbnail","6":"product_cat-elslutbleck","7":"product_tag-ellas-tillbehor-slutbleck","8":"product_tag-safetron-20","9":"product_tag-safetron-tillbehor-motorlas-5000-serien","10":"product_shipping_class-tunga-paket","11":"pa_brands-7safetron","12":"tm-no-options","14":"first","15":"instock","16":"featured","17":"taxable","18":"shipping-taxable","19":"purchasable","20":"product-type-simple"},"acf":[],"_links":{"self":[{"href":"https:\/\/secureus.se\/es\/wp-json\/wp\/v2\/product\/149414","targetHints":{"allow":["GET"]}}],"collection":[{"href":"https:\/\/secureus.se\/es\/wp-json\/wp\/v2\/product"}],"about":[{"href":"https:\/\/secureus.se\/es\/wp-json\/wp\/v2\/types\/product"}],"wp:featuredmedia":[{"embeddable":true,"href":"https:\/\/secureus.se\/es\/wp-json\/wp\/v2\/media\/142384"}],"wp:attachment":[{"href":"https:\/\/secureus.se\/es\/wp-json\/wp\/v2\/media?parent=149414"}],"wp:term":[{"taxonomy":"product_brand","embeddable":true,"href":"https:\/\/secureus.se\/es\/wp-json\/wp\/v2\/product_brand?post=149414"},{"taxonomy":"product_cat","embeddable":true,"href":"https:\/\/secureus.se\/es\/wp-json\/wp\/v2\/product_cat?post=149414"},{"taxonomy":"product_tag","embeddable":true,"href":"https:\/\/secureus.se\/es\/wp-json\/wp\/v2\/product_tag?post=149414"}],"curies":[{"name":"wp","href":"https:\/\/api.w.org\/{rel}","templated":true}]}}