{"id":149425,"date":"2025-03-28T15:13:48","date_gmt":"2025-03-28T14:13:48","guid":{"rendered":"https:\/\/secureus.se\/?post_type=product&#038;p=149425"},"modified":"2026-04-08T15:11:19","modified_gmt":"2026-04-08T13:11:19","slug":"eltryckeslas-step-132-modern-multi","status":"publish","type":"product","link":"https:\/\/secureus.se\/es\/eltryckeslas-step-132-modern-multi\/","title":{"rendered":"Cerradura de empuje el\u00e9ctrica STEP 132 Modern Multi"},"content":{"rendered":"<p>\nSTEP 132 es una cerradura de empuje el\u00e9ctrica con un pist\u00f3n autom\u00e1tico \u00fanico que proporciona una doble funci\u00f3n. Esto permite abrir la cerradura tanto el\u00e9ctricamente con un pulsador como con apertura autom\u00e1tica de la puerta.<\/p>\n<div>Por supuesto, esta cerradura de empuje el\u00e9ctrica tambi\u00e9n est\u00e1 equipada con nuestra tecnolog\u00eda de presi\u00f3n de tira patentada, que garantiza que la cerradura pueda soportar una presi\u00f3n de tira muy alta. Gracias a estas propiedades, STEP 132 es una opci\u00f3n obvia para entornos de puertas con sistemas de puertas autom\u00e1ticos, requisitos de evacuaci\u00f3n y protecci\u00f3n contra incendios, donde tambi\u00e9n se desea garantizar un alto nivel de confiabilidad operativa.\u00a0<\/div>\n<div>STEP 132 tiene exactamente las mismas caracter\u00edsticas y tecnolog\u00edas que STEP 112. La diferencia entre las dos cerraduras de empuje el\u00e9ctricas es que STEP 132 tiene un pist\u00f3n autom\u00e1tico que se pliega cuando la puerta se abre el\u00e9ctricamente. Por ello, STEP 132 est\u00e1 adaptado para entornos de puertas en los que se desea una mayor accesibilidad.<\/div>\n<div><\/div>\n<div><b>La doble funci\u00f3n del pist\u00f3n autom\u00e1tico<\/b><\/div>\n<div>El pist\u00f3n autom\u00e1tico confiere al cerradero el\u00e9ctrico una doble funci\u00f3n. Cuando la puerta se abre con un pulsador, STEP 132 funciona igual que una cerradura de pulsador el\u00e9ctrica normal con cerrojo.<\/div>\n<div>Cuando la puerta se abre el\u00e9ctricamente, el pist\u00f3n autom\u00e1tico puede plegarse, posibilitando as\u00ed la apertura con funcionamiento autom\u00e1tico de la puerta. Inmediatamente despu\u00e9s de abrir la puerta, el pist\u00f3n autom\u00e1tico se extiende, se bloquea en su posici\u00f3n y vuelve a funcionar como un pist\u00f3n de ca\u00edda normal. STEP 132 no tiene funci\u00f3n dividida, lo que significa que la cerradura se controla el\u00e9ctricamente desde ambos lados.<\/div>\n<div><\/div>\n<div><b>Resistencia al fuego y alta resistencia al desgaste.<\/b><\/div>\n<div>Debido a que el pist\u00f3n autom\u00e1tico parece un pist\u00f3n de ca\u00edda normal, puede distribuir la resistencia al desgaste sobre toda su superficie. Tambi\u00e9n garantiza que se mantenga la contenci\u00f3n del fuego, incluso si surgiera un espacio entre el pist\u00f3n y la placa de impacto. Esto, en combinaci\u00f3n con la tecnolog\u00eda de presi\u00f3n de tira STEP, significa que STEP 132 puede soportar una alta presi\u00f3n de tira y garantiza una alta confiabilidad operativa.<\/div>\n<div><b>Caracter\u00edsticas:<\/b><\/p>\n<ul>\n<li>Colocaci\u00f3n moderna del pist\u00f3n.<\/li>\n<li>Pist\u00f3n autom\u00e1tico \u00fanico<\/li>\n<li>Microinterruptor unipolar conmutador, m\u00e1x. 30 V CC, 1 A<\/li>\n<li>Multivoltaje<\/li>\n<li>Sin funci\u00f3n dividida<\/li>\n<li>Reversible para adaptarse a puertas derechas e izquierdas.<\/li>\n<li>Funci\u00f3n de avance\/retroceso conmutable.<\/li>\n<li>Evacuaci\u00f3n de emergencia homologada con accesorios de evacuaci\u00f3n de emergencia STEP Exit. Certificado seg\u00fan SS-EN 179:2008.<\/li>\n<li>Con tecnolog\u00eda de impresi\u00f3n de tiras STEP<\/li>\n<li>La funci\u00f3n DirectDrive\u00ae patentada incorporada proporciona control directo de la presi\u00f3n<\/li>\n<li>Los microinterruptores incorporados indican posiciones cerradas e interbloqueadas, as\u00ed como el funcionamiento con bot\u00f3n pulsador.<\/li>\n<li>Diodo de protecci\u00f3n incorporado.<\/li>\n<li>Funci\u00f3n de reentrada incorporada<\/li>\n<li>Adaptado para cilindros escandinavos redondos y ovalados.<\/li>\n<li>Profundidad del mandril 50 mm<\/li>\n<li>Se recomiendan impresiones de rebote.<\/li>\n<li>Cable libre de hal\u00f3genos<\/li>\n<li>Patente pendiente<\/li>\n<\/ul>\n<\/div>\n<div><b>Funci\u00f3n:<\/b><\/p>\n<ul>\n<li>El cilindro autom\u00e1tico se bloquea\/desbloquea el\u00e9ctricamente a trav\u00e9s de una se\u00f1al de apertura de un sistema de control de acceso, cerradura con c\u00f3digo, pulsador o similar.<\/li>\n<li>El pist\u00f3n autom\u00e1tico se retrae mec\u00e1nicamente a trav\u00e9s del cilindro remero con una llave desde el exterior o una llave\/pomo desde el interior.<\/li>\n<li>La presi\u00f3n interior y exterior se activa el\u00e9ctricamente a trav\u00e9s de un sistema de acceso, cerradura con c\u00f3digo o similar y retrae el pist\u00f3n autom\u00e1tico.<\/li>\n<\/ul>\n<\/div>","protected":false},"excerpt":{"rendered":"<p>STEP 132 es una cerradura de empuje el\u00e9ctrica con un pist\u00f3n autom\u00e1tico \u00fanico que proporciona una doble funci\u00f3n. Esto permite abrir la cerradura tanto el\u00e9ctricamente con un pulsador como con apertura autom\u00e1tica de la puerta. Por supuesto, esto tambi\u00e9n es<\/p>","protected":false},"featured_media":149424,"template":"","meta":{"_acf_changed":false},"product_brand":[],"product_cat":[2429],"product_tag":[],"class_list":{"0":"post-149425","1":"product","2":"type-product","3":"status-publish","4":"has-post-thumbnail","6":"product_cat-ellas","7":"pa_brands-step","8":"tm-no-options","10":"first","11":"instock","12":"sale","13":"taxable","14":"shipping-taxable","15":"purchasable","16":"product-type-simple"},"acf":[],"_links":{"self":[{"href":"https:\/\/secureus.se\/es\/wp-json\/wp\/v2\/product\/149425","targetHints":{"allow":["GET"]}}],"collection":[{"href":"https:\/\/secureus.se\/es\/wp-json\/wp\/v2\/product"}],"about":[{"href":"https:\/\/secureus.se\/es\/wp-json\/wp\/v2\/types\/product"}],"wp:featuredmedia":[{"embeddable":true,"href":"https:\/\/secureus.se\/es\/wp-json\/wp\/v2\/media\/149424"}],"wp:attachment":[{"href":"https:\/\/secureus.se\/es\/wp-json\/wp\/v2\/media?parent=149425"}],"wp:term":[{"taxonomy":"product_brand","embeddable":true,"href":"https:\/\/secureus.se\/es\/wp-json\/wp\/v2\/product_brand?post=149425"},{"taxonomy":"product_cat","embeddable":true,"href":"https:\/\/secureus.se\/es\/wp-json\/wp\/v2\/product_cat?post=149425"},{"taxonomy":"product_tag","embeddable":true,"href":"https:\/\/secureus.se\/es\/wp-json\/wp\/v2\/product_tag?post=149425"}],"curies":[{"name":"wp","href":"https:\/\/api.w.org\/{rel}","templated":true}]}}