{"id":149442,"date":"2025-03-28T15:13:50","date_gmt":"2025-03-28T14:13:50","guid":{"rendered":"https:\/\/secureus.se\/?post_type=product&#038;p=149442"},"modified":"2026-04-08T15:08:36","modified_gmt":"2026-04-08T13:08:36","slug":"eltryckeslas-step-120-klassisk-split-sats-12-24v","status":"publish","type":"product","link":"https:\/\/secureus.se\/es\/eltryckeslas-step-120-klassisk-split-sats-12-24v\/","title":{"rendered":"Cerradura de empuje el\u00e9ctrica STEP 120 Classic Split Set 12-24V"},"content":{"rendered":"<div>\n<div><\/div>\n<h1>Cerradura de empuje el\u00e9ctrica STEP 120 Classic Split Set 12-24V<\/h1>\n<div>STEP 120 es una cerradura de empuje el\u00e9ctrica duradera con funci\u00f3n dividida. Fabricado en acero inoxidable con colocaci\u00f3n cl\u00e1sica de pist\u00f3n y varias caracter\u00edsticas flexibles.<\/div>\n<div>El dise\u00f1o se desarrolla con los reconocidos requisitos de alta calidad de STEP, lo que garantiza un rendimiento potente con alta confiabilidad operativa.<\/div>\n<div>La cerradura se puede utilizar en entornos de puertas con requisitos tanto de incendio como de evacuaci\u00f3n y est\u00e1 adaptada para usarse junto con placas de cerradura el\u00e9ctricas.<\/div>\n<div>Marcado CE seg\u00fan SS-EN 14846:2008 en clase de fuego E\/EI120 y certificado seg\u00fan SS-EN 179:2008 junto con los accesorios de evacuaci\u00f3n de emergencia STEP Exit ST17901, ST17902, ST17903 y ST17904.<\/div>\n<\/div>\n<div>\n<b>El paquete del kit contiene:<\/b><br \/>\nCerradura de empuje el\u00e9ctrica Step 120 24V, cable de conexi\u00f3n (10 m), y traslado de cuadro.<\/div>\n<div><b><br \/>\nCaracter\u00edsticas:<\/b><\/div>\n<div>\n<div>\n<ul>\n<li>Colocaci\u00f3n cl\u00e1sica del pist\u00f3n.<\/li>\n<li>Funci\u00f3n dividida<\/li>\n<li>Certificado seg\u00fan SS-EN 179:2008 junto con los accesorios de evacuaci\u00f3n de emergencia STEP Exit.<\/li>\n<li>Certificado para resistencia al fuego hasta la clase E\/EI 120.<\/li>\n<li>Microinterruptor unipolar conmutador, m\u00e1x. 30 V CC, 1 A.<\/li>\n<li>Los microinterruptores incorporados indican posiciones cerradas e interbloqueadas, as\u00ed como el funcionamiento con bot\u00f3n pulsador.<\/li>\n<li>Diodo de protecci\u00f3n incorporado.<\/li>\n<li>Reversible para adaptarse a puertas derechas e izquierdas.<\/li>\n<li>Funci\u00f3n de avance\/retroceso conmutable.<\/li>\n<li>Lado operado el\u00e9ctricamente\/mec\u00e1nicamente conmutable.<\/li>\n<li>Adaptado para cilindros escandinavos redondos y ovalados.<\/li>\n<li>Profundidad del mandril 50 mm.<\/li>\n<li>Se recomienda la impresi\u00f3n rebobinada.<\/li>\n<\/ul>\n<\/div>\n<\/div>\n<div><b>\u00a0<\/b><\/div>\n<div><b>Datos t\u00e9cnicos:<\/b><\/div>\n<div>\n<ul>\n<li>Tensi\u00f3n de funcionamiento: 24 V DC + 15 % \u2013 10 %.<\/li>\n<li>Consumo de corriente: M\u00e1x. 60 mA.<\/li>\n<li>Durabilidad: Grado X seg\u00fan SS-EN 14846.<\/li>\n<\/ul>\n<\/div>\n<div><\/div>","protected":false},"excerpt":{"rendered":"<p>Cerradura de empuje el\u00e9ctrica STEP 120 Classic Split Set 12-24V STEP 120 es una cerradura de empuje el\u00e9ctrica duradera con funci\u00f3n dividida. Fabricado en acero inoxidable con colocaci\u00f3n cl\u00e1sica de pist\u00f3n y varias caracter\u00edsticas flexibles. El dise\u00f1o se desarrolla con STEPs<\/p>","protected":false},"featured_media":149441,"template":"","meta":{"_acf_changed":false},"product_brand":[],"product_cat":[2429],"product_tag":[],"class_list":{"0":"post-149442","1":"product","2":"type-product","3":"status-publish","4":"has-post-thumbnail","6":"product_cat-ellas","7":"pa_brands-step","8":"tm-no-options","10":"first","11":"instock","12":"sale","13":"taxable","14":"shipping-taxable","15":"purchasable","16":"product-type-simple"},"acf":[],"_links":{"self":[{"href":"https:\/\/secureus.se\/es\/wp-json\/wp\/v2\/product\/149442","targetHints":{"allow":["GET"]}}],"collection":[{"href":"https:\/\/secureus.se\/es\/wp-json\/wp\/v2\/product"}],"about":[{"href":"https:\/\/secureus.se\/es\/wp-json\/wp\/v2\/types\/product"}],"wp:featuredmedia":[{"embeddable":true,"href":"https:\/\/secureus.se\/es\/wp-json\/wp\/v2\/media\/149441"}],"wp:attachment":[{"href":"https:\/\/secureus.se\/es\/wp-json\/wp\/v2\/media?parent=149442"}],"wp:term":[{"taxonomy":"product_brand","embeddable":true,"href":"https:\/\/secureus.se\/es\/wp-json\/wp\/v2\/product_brand?post=149442"},{"taxonomy":"product_cat","embeddable":true,"href":"https:\/\/secureus.se\/es\/wp-json\/wp\/v2\/product_cat?post=149442"},{"taxonomy":"product_tag","embeddable":true,"href":"https:\/\/secureus.se\/es\/wp-json\/wp\/v2\/product_tag?post=149442"}],"curies":[{"name":"wp","href":"https:\/\/api.w.org\/{rel}","templated":true}]}}