{"id":149449,"date":"2025-03-28T15:13:50","date_gmt":"2025-03-28T14:13:50","guid":{"rendered":"https:\/\/secureus.se\/?post_type=product&#038;p=149449"},"modified":"2026-04-08T15:10:54","modified_gmt":"2026-04-08T13:10:54","slug":"eltryckeslas-step-110-modern-split-sats-24v","status":"publish","type":"product","link":"https:\/\/secureus.se\/es\/eltryckeslas-step-110-modern-split-sats-24v\/","title":{"rendered":"Cerradura de empuje el\u00e9ctrica STEP 110 Modern Split Set 24V"},"content":{"rendered":"<h1>Cerradura de empuje el\u00e9ctrica STEP 110 Modern Split Set 24V<\/h1>\n<div>STEP 110 es una cerradura de empuje el\u00e9ctrica duradera con funci\u00f3n dividida. Accionamiento directo con patente en tr\u00e1mite, denominado Direct Drive TM.<\/div>\n<div>Esto da como resultado una experiencia muy suave y sensible al utilizar la impresi\u00f3n.<\/div>\n<div>La elegante cerradura tiene una moderna ubicaci\u00f3n del pist\u00f3n con el cerrojo cil\u00edndrico colocado en el centro de la caja de la cerradura.<\/div>\n<div>El dise\u00f1o se desarrolla con los reconocidos requisitos de alta calidad de STEP, lo que garantiza un rendimiento potente con alta confiabilidad operativa.<\/div>\n<div>Es muy adecuado para su uso con chapa el\u00e9ctrica.<\/div>\n<div>Marcado CE seg\u00fan SS-EN 14846:2008 en clase de fuego E\/EI120 y certificado seg\u00fan SS-EN 179:2008 junto con los accesorios de evacuaci\u00f3n de emergencia STEP Exit ST17901, ST17902, ST17903 y ST17904.<\/div>\n<div>\n<b>El paquete del kit contiene:<\/b><br \/>\nCerradura de empuje el\u00e9ctrica Step 110 24V, cable de conexi\u00f3n (10 m), y traslado de cuadro.<\/p>\n<\/div>\n<div><b>Caracter\u00edsticas:\u00a0<\/b><\/div>\n<div>\n<ul>\n<li>La colocaci\u00f3n moderna del pist\u00f3n corresponde a la conexi\u00f3n Assas<\/li>\n<li>Funci\u00f3n dividida<\/li>\n<li>Probado y certificado para resistencia al fuego hasta la clase FE\/EI 120.<\/li>\n<li>Microinterruptor unipolar conmutador, m\u00e1x. 30 V CC, 1 A.<\/li>\n<li>Direct DriveTM incorporado, pendiente de patente: funci\u00f3n que proporciona control directo de la presi\u00f3n.<\/li>\n<li>Los microinterruptores incorporados indican posiciones cerradas e interbloqueadas, as\u00ed como el funcionamiento con bot\u00f3n pulsador.<\/li>\n<li>El diodo protector est\u00e1 incorporado.<\/li>\n<li>Reversible para adaptarse a puertas derechas e izquierdas.<\/li>\n<li>Funci\u00f3n de avance\/retroceso conmutable.<\/li>\n<li>Lado operado el\u00e9ctricamente\/mec\u00e1nicamente conmutable.<\/li>\n<li>Adaptado para cilindros escandinavos redondos y ovalados.<\/li>\n<li>Profundidad del mandril 50 mm.<\/li>\n<li>Se pueden utilizar tanto prensas con resorte como sin resorte.<\/li>\n<li>Cable libre de hal\u00f3genos.<\/li>\n<\/ul>\n<\/div>\n<div><\/div>\n<div><b>Datos t\u00e9cnicos:<\/b><\/div>\n<div>\n<ul>\n<li>Tensi\u00f3n de funcionamiento: 24 V DC + 15 % \u2013 10 %.<\/li>\n<li>Consumo de corriente: M\u00e1x. 60 mA.<\/li>\n<li>Durabilidad: Grado X seg\u00fan SS-EN 14846.<\/li>\n<\/ul>\n<div><\/div>\n<\/div>","protected":false},"excerpt":{"rendered":"<p>Cerradura de empuje el\u00e9ctrica STEP 110 Modern Split Set 24V STEP 110 es una cerradura de empuje el\u00e9ctrica duradera con funci\u00f3n dividida. Accionamiento directo con patente en tr\u00e1mite, denominado Direct Drive TM. Esto da como resultado una experiencia muy suave y flexible.<\/p>","protected":false},"featured_media":149447,"template":"","meta":{"_acf_changed":false},"product_brand":[],"product_cat":[2429],"product_tag":[2290],"class_list":{"0":"post-149449","1":"product","2":"type-product","3":"status-publish","4":"has-post-thumbnail","6":"product_cat-ellas","7":"product_tag-ellas-komplett-sats-kpl","8":"pa_brands-step","9":"tm-no-options","11":"first","12":"instock","13":"sale","14":"taxable","15":"shipping-taxable","16":"purchasable","17":"product-type-simple"},"acf":[],"_links":{"self":[{"href":"https:\/\/secureus.se\/es\/wp-json\/wp\/v2\/product\/149449","targetHints":{"allow":["GET"]}}],"collection":[{"href":"https:\/\/secureus.se\/es\/wp-json\/wp\/v2\/product"}],"about":[{"href":"https:\/\/secureus.se\/es\/wp-json\/wp\/v2\/types\/product"}],"wp:featuredmedia":[{"embeddable":true,"href":"https:\/\/secureus.se\/es\/wp-json\/wp\/v2\/media\/149447"}],"wp:attachment":[{"href":"https:\/\/secureus.se\/es\/wp-json\/wp\/v2\/media?parent=149449"}],"wp:term":[{"taxonomy":"product_brand","embeddable":true,"href":"https:\/\/secureus.se\/es\/wp-json\/wp\/v2\/product_brand?post=149449"},{"taxonomy":"product_cat","embeddable":true,"href":"https:\/\/secureus.se\/es\/wp-json\/wp\/v2\/product_cat?post=149449"},{"taxonomy":"product_tag","embeddable":true,"href":"https:\/\/secureus.se\/es\/wp-json\/wp\/v2\/product_tag?post=149449"}],"curies":[{"name":"wp","href":"https:\/\/api.w.org\/{rel}","templated":true}]}}