{"id":149640,"date":"2025-02-11T15:45:51","date_gmt":"2025-02-11T14:45:51","guid":{"rendered":"https:\/\/secureus.se\/porthallare-580-assa-abloy-2\/"},"modified":"2026-04-23T11:55:15","modified_gmt":"2026-04-23T09:55:15","slug":"porthallare-580-assa-abloy","status":"publish","type":"product","link":"https:\/\/secureus.se\/es\/porthallare-580-assa-abloy\/","title":{"rendered":"Soporte de puerta Fix 580 - Assa Abloy"},"content":{"rendered":"<div>El soporte de puerta ASSA ABLOY 580 es un soporte de puerta que se utiliza para posicionar puertas batientes laterales m\u00e1s grandes o m\u00e1s pesadas en la posici\u00f3n completamente abierta.<\/div>\n<div><b><br \/>\nCaracter\u00edsticas: <\/b><\/div>\n<div>\n<ul>\n<li>Longitud del brazo: 1320 mm<\/li>\n<li>En la posici\u00f3n completamente abierta (aprox. 90 grados), el pestillo cae autom\u00e1ticamente a la posici\u00f3n de bloqueo, de modo que la puerta queda sujeta de forma segura.<\/li>\n<li>Cuando se empuja la puerta m\u00e1s hacia la posici\u00f3n abierta, se libera el pestillo, lo que permite que la puerta se cierre.<\/li>\n<li>El resorte de tope tambi\u00e9n act\u00faa como amortiguador y protege as\u00ed la puerta y las bisagras.<\/li>\n<li>Se adapta a puertas de mano derecha e izquierda.<\/li>\n<\/ul>\n<\/div>\n<div><\/div>","protected":false},"excerpt":{"rendered":"<p>Retenedor de puerta 580 de ASSA ABLOY<\/p>","protected":false},"featured_media":147796,"template":"","meta":{"_acf_changed":false},"product_brand":[],"product_cat":[4607],"product_tag":[],"class_list":{"0":"post-149640","1":"product","2":"type-product","3":"status-publish","4":"has-post-thumbnail","6":"product_cat-porthallare","7":"pa_brands-abloy","8":"tm-no-options","10":"first","11":"instock","12":"sale","13":"taxable","14":"shipping-taxable","15":"purchasable","16":"product-type-simple"},"acf":[],"_links":{"self":[{"href":"https:\/\/secureus.se\/es\/wp-json\/wp\/v2\/product\/149640","targetHints":{"allow":["GET"]}}],"collection":[{"href":"https:\/\/secureus.se\/es\/wp-json\/wp\/v2\/product"}],"about":[{"href":"https:\/\/secureus.se\/es\/wp-json\/wp\/v2\/types\/product"}],"wp:featuredmedia":[{"embeddable":true,"href":"https:\/\/secureus.se\/es\/wp-json\/wp\/v2\/media\/147796"}],"wp:attachment":[{"href":"https:\/\/secureus.se\/es\/wp-json\/wp\/v2\/media?parent=149640"}],"wp:term":[{"taxonomy":"product_brand","embeddable":true,"href":"https:\/\/secureus.se\/es\/wp-json\/wp\/v2\/product_brand?post=149640"},{"taxonomy":"product_cat","embeddable":true,"href":"https:\/\/secureus.se\/es\/wp-json\/wp\/v2\/product_cat?post=149640"},{"taxonomy":"product_tag","embeddable":true,"href":"https:\/\/secureus.se\/es\/wp-json\/wp\/v2\/product_tag?post=149640"}],"curies":[{"name":"wp","href":"https:\/\/api.w.org\/{rel}","templated":true}]}}