{"id":149868,"date":"2025-04-03T14:21:08","date_gmt":"2025-04-03T12:21:08","guid":{"rendered":"https:\/\/secureus.se\/apollo-sa5100-810apo-soteria-tri-sensor-detector-dual-optical-heat-co\/"},"modified":"2026-04-01T15:48:13","modified_gmt":"2026-04-01T13:48:13","slug":"apollo-sa5100-810apo-soteria-tri-sensor-detector-dual-optical-heat-co","status":"publish","type":"product","link":"https:\/\/secureus.se\/es\/apollo-sa5100-810apo-soteria-tri-sensor-detector-dual-optical-heat-co\/","title":{"rendered":"Detector de triple sensor Soteria Apollo SA5100-810APO, \u00f3ptico, t\u00e9rmico y de CO"},"content":{"rendered":"<h1>Detector de triple sensor Soteria Apollo SA5100-810APO, \u00f3ptico, t\u00e9rmico y de CO<\/h1>\n<p class=\"\" data-start=\"445\" data-end=\"1031\">El detector Tri-Sensor Apollo SA5100-810APO Soteria es un dispositivo avanzado que combina tres m\u00e9todos de detecci\u00f3n: detecci\u00f3n \u00f3ptica dual, sensor de calor y sensor de di\u00f3xido de carbono (CO).<\/p>\n<p class=\"\" data-start=\"445\" data-end=\"1031\">Este detector vers\u00e1til cuenta con cinco modelos de sensibilidad diferentes para optimizar el rendimiento en diferentes entornos, incluidas las configuraciones NT (sensibilidad normal) y MT (sensibilidad media).<\/p>\n<p class=\"\" data-start=\"445\" data-end=\"1031\">El dispositivo utiliza un sensor \u00f3ptico de humo avanzado con emisor-receptor de infrarrojos y un fotodiodo secundario para obtener m\u00faltiples \u00e1ngulos de dispersi\u00f3n de la luz, lo que mejora la capacidad de filtrar se\u00f1ales interferentes.<\/p>\n<p class=\"\" data-start=\"1033\" data-end=\"1479\">Su sensor de calor, un termistor NTC, proporciona un monitoreo preciso de la temperatura, mientras que el sensor de CO, basado en tecnolog\u00eda de celda electroqu\u00edmica, mide los niveles de di\u00f3xido de carbono para apoyar a\u00fan m\u00e1s la detecci\u00f3n de incendios.<\/p>\n<p class=\"\" data-start=\"1033\" data-end=\"1479\">El detector tambi\u00e9n tiene un aislador incorporado y una funci\u00f3n FasTest\u00ae que hace que las pruebas sean m\u00e1s r\u00e1pidas y f\u00e1ciles, reduciendo el tiempo de mantenimiento.<\/p>\n<p class=\"\" data-start=\"1033\" data-end=\"1479\">Adem\u00e1s, los interruptores DIL permiten el direccionamiento y un indicador de estado LED tricolor para mostrar el estado de la alarma y el modo de funcionamiento.<\/p>\n<p class=\"\" data-start=\"1481\" data-end=\"1501\"><strong data-start=\"1481\" data-end=\"1500\">Presupuesto<\/strong>:<\/p>\n<ul data-start=\"1502\" data-end=\"1959\">\n<li class=\"\" data-start=\"1502\" data-end=\"1532\">\n<p class=\"\" data-start=\"1504\" data-end=\"1532\"><strong data-start=\"1504\" data-end=\"1518\">Fuente de energ\u00eda<\/strong>: 17 V \u2013 35 V CC<\/p>\n<\/li>\n<li class=\"\" data-start=\"1533\" data-end=\"1583\">\n<p class=\"\" data-start=\"1535\" data-end=\"1583\"><strong data-start=\"1535\" data-end=\"1558\">Voltaje de modulaci\u00f3n<\/strong>:5 V \u2013 13 V pico a pico<\/p>\n<\/li>\n<li class=\"\" data-start=\"1584\" data-end=\"1627\">\n<p class=\"\" data-start=\"1586\" data-end=\"1627\"><strong data-start=\"1586\" data-end=\"1610\">Bajo consumo de energ\u00eda<\/strong>:600 \u00b5A en reposo<\/p>\n<\/li>\n<li class=\"\" data-start=\"1628\" data-end=\"1662\">\n<p class=\"\" data-start=\"1630\" data-end=\"1662\"><strong data-start=\"1630\" data-end=\"1656\">Pico de potencia al arrancar<\/strong>:2 mA<\/p>\n<\/li>\n<li class=\"\" data-start=\"1663\" data-end=\"1704\">\n<p class=\"\" data-start=\"1665\" data-end=\"1704\"><strong data-start=\"1665\" data-end=\"1679\">Corriente de alarma<\/strong>: 4 mA cuando se enciende el LED<\/p>\n<\/li>\n<li class=\"\" data-start=\"1705\" data-end=\"1750\">\n<p class=\"\" data-start=\"1707\" data-end=\"1750\"><strong data-start=\"1707\" data-end=\"1733\">Temperaturas de funcionamiento<\/strong>:\u201310\u00b0C a 55\u00b0C<\/p>\n<\/li>\n<li class=\"\" data-start=\"1751\" data-end=\"1814\">\n<p class=\"\" data-start=\"1753\" data-end=\"1814\"><strong data-start=\"1753\" data-end=\"1766\">Humedad<\/strong>:0% a 90% RH (sin condensaci\u00f3n ni formaci\u00f3n de hielo)<\/p>\n<\/li>\n<li class=\"\" data-start=\"1815\" data-end=\"1842\">\n<p class=\"\" data-start=\"1817\" data-end=\"1842\"><strong data-start=\"1817\" data-end=\"1825\">Medida<\/strong>:\u00d8103 mm x 55 mm<\/p>\n<\/li>\n<li class=\"\" data-start=\"1843\" data-end=\"1860\">\n<p class=\"\" data-start=\"1845\" data-end=\"1860\"><strong data-start=\"1845\" data-end=\"1853\">Peso<\/strong>:105 gramos<\/p>\n<\/li>\n<li class=\"\" data-start=\"1861\" data-end=\"1909\">\n<p class=\"\" data-start=\"1863\" data-end=\"1909\"><strong data-start=\"1863\" data-end=\"1881\">Compatibilidad<\/strong>: Descubrimiento y protocolo central<\/p>\n<\/li>\n<li class=\"\" data-start=\"1910\" data-end=\"1930\">\n<p class=\"\" data-start=\"1912\" data-end=\"1930\"><strong data-start=\"1912\" data-end=\"1924\">Clase de IP<\/strong>:IP40<\/p>\n<\/li>\n<li class=\"\" data-start=\"1931\" data-end=\"1959\">\n<p class=\"\" data-start=\"1933\" data-end=\"1959\"><strong data-start=\"1933\" data-end=\"1945\">Material<\/strong>:ABS, POM, PC<\/p>\n<\/li>\n<\/ul>","protected":false},"excerpt":{"rendered":"<p>El detector Tri-Sensor Soteria Apollo SA5100-810APO utiliza tecnolog\u00eda de detecci\u00f3n \u00f3ptica dual junto con un sensor de calor y un sensor de CO para una detecci\u00f3n de humo precisa y para minimizar el riesgo de falsas alarmas.<\/p>\n<p>El dispositivo es compatible con Discovery y CoreProtocol y ofrece cinco modelos de sensibilidad.<\/p>","protected":false},"featured_media":149867,"template":"","meta":{"_acf_changed":false},"product_brand":[],"product_cat":[4750],"product_tag":[],"class_list":{"0":"post-149868","1":"product","2":"type-product","3":"status-publish","4":"has-post-thumbnail","6":"product_cat-soteria-serien","7":"pa_brands-apollo-fire-detectors","8":"tm-no-options","10":"first","11":"onbackorder","12":"taxable","13":"shipping-taxable","14":"purchasable","15":"product-type-simple"},"acf":[],"_links":{"self":[{"href":"https:\/\/secureus.se\/es\/wp-json\/wp\/v2\/product\/149868","targetHints":{"allow":["GET"]}}],"collection":[{"href":"https:\/\/secureus.se\/es\/wp-json\/wp\/v2\/product"}],"about":[{"href":"https:\/\/secureus.se\/es\/wp-json\/wp\/v2\/types\/product"}],"wp:featuredmedia":[{"embeddable":true,"href":"https:\/\/secureus.se\/es\/wp-json\/wp\/v2\/media\/149867"}],"wp:attachment":[{"href":"https:\/\/secureus.se\/es\/wp-json\/wp\/v2\/media?parent=149868"}],"wp:term":[{"taxonomy":"product_brand","embeddable":true,"href":"https:\/\/secureus.se\/es\/wp-json\/wp\/v2\/product_brand?post=149868"},{"taxonomy":"product_cat","embeddable":true,"href":"https:\/\/secureus.se\/es\/wp-json\/wp\/v2\/product_cat?post=149868"},{"taxonomy":"product_tag","embeddable":true,"href":"https:\/\/secureus.se\/es\/wp-json\/wp\/v2\/product_tag?post=149868"}],"curies":[{"name":"wp","href":"https:\/\/api.w.org\/{rel}","templated":true}]}}