{"id":149870,"date":"2025-04-03T14:21:07","date_gmt":"2025-04-03T12:21:07","guid":{"rendered":"https:\/\/secureus.se\/apollo-pp2516-soteria-series-purelight-optisk-och-varmekanslig-multisensordetektor-vit\/"},"modified":"2026-05-06T14:04:53","modified_gmt":"2026-05-06T12:04:53","slug":"apollo-pp2516-soteria-series-purelight-optisk-och-varmekanslig-multisensordetektor-vit","status":"publish","type":"product","link":"https:\/\/secureus.se\/es\/apollo-pp2516-soteria-series-purelight-optisk-och-varmekanslig-multisensordetektor-vit\/","title":{"rendered":"Detector multisensor \u00f3ptico y sensible al calor Apollo PP2516 Soteria Series PureLight, blanco"},"content":{"rendered":"<h1>Detector multisensor \u00f3ptico y sensible al calor Apollo PP2516 Soteria Series PureLight, blanco<\/h1>\n<p class=\"\" data-start=\"476\" data-end=\"883\">El detector multisensor \u00f3ptico y t\u00e9rmico PureLight de la serie Soteria Apollo PP2516 utiliza la innovadora tecnolog\u00eda PureLight para detectar part\u00edculas de humo con alta sensibilidad y minimizar el riesgo de falsas alarmas.<\/p>\n<p class=\"\" data-start=\"476\" data-end=\"883\">Est\u00e1 equipado con dos sensores de calor para medir los cambios de temperatura y ofrecer una detecci\u00f3n flexible que puede configurarse para humo, calor o una combinaci\u00f3n de ambos.<\/p>\n<p class=\"\" data-start=\"885\" data-end=\"1290\">Este detector multisensor es ideal para su instalaci\u00f3n en una variedad de entornos, como dormitorios, hoteles, hospitales y oficinas.<\/p>\n<p class=\"\" data-start=\"885\" data-end=\"1290\">Ofrece beneficios como pruebas m\u00e1s r\u00e1pidas con FasTest\u00ae, operaci\u00f3n con comunicaci\u00f3n digital CoreProtocol y es compatible con los sistemas XP95 y Discovery.<\/p>\n<p class=\"\" data-start=\"885\" data-end=\"1290\">Tambi\u00e9n tiene un sistema de compensaci\u00f3n de deriva incorporado y un indicador de estado LED tricolor para mostrar el estado del fuego y la funci\u00f3n.<\/p>\n<p class=\"\" data-start=\"1292\" data-end=\"1312\"><strong data-start=\"1292\" data-end=\"1311\">Presupuesto<\/strong>:<\/p>\n<ul data-start=\"1313\" data-end=\"1808\">\n<li class=\"\" data-start=\"1313\" data-end=\"1337\">\n<p class=\"\" data-start=\"1315\" data-end=\"1337\"><strong data-start=\"1315\" data-end=\"1329\">Fuente de energ\u00eda<\/strong>: 13 V CC<\/p>\n<\/li>\n<li class=\"\" data-start=\"1338\" data-end=\"1412\">\n<p class=\"\" data-start=\"1340\" data-end=\"1412\"><strong data-start=\"1340\" data-end=\"1367\">Protocolo de comunicaci\u00f3n<\/strong>:Compatible con CoreProtocol, XP95 y Discovery<\/p>\n<\/li>\n<li class=\"\" data-start=\"1413\" data-end=\"1466\">\n<p class=\"\" data-start=\"1415\" data-end=\"1466\"><strong data-start=\"1415\" data-end=\"1427\">Sensores<\/strong>: \u00d3ptico (PureLight), T\u00e9rmico (Termistor)<\/p>\n<\/li>\n<li class=\"\" data-start=\"1467\" data-end=\"1511\">\n<p class=\"\" data-start=\"1469\" data-end=\"1511\"><strong data-start=\"1469\" data-end=\"1491\">Medio detectable<\/strong>:Fuego (humo, calor)<\/p>\n<\/li>\n<li class=\"\" data-start=\"1512\" data-end=\"1545\">\n<p class=\"\" data-start=\"1514\" data-end=\"1545\"><strong data-start=\"1514\" data-end=\"1528\">Temperatura<\/strong>:\u201340\u00b0C a 70\u00b0C<\/p>\n<\/li>\n<li class=\"\" data-start=\"1546\" data-end=\"1603\">\n<p class=\"\" data-start=\"1548\" data-end=\"1603\"><strong data-start=\"1548\" data-end=\"1561\">Humedad<\/strong>: 0\u201395% RH (sin condensaci\u00f3n ni formaci\u00f3n de hielo)<\/p>\n<\/li>\n<li class=\"\" data-start=\"1604\" data-end=\"1631\">\n<p class=\"\" data-start=\"1606\" data-end=\"1631\"><strong data-start=\"1606\" data-end=\"1614\">Medida<\/strong>:\u00d8100 mm x 38 mm<\/p>\n<\/li>\n<li class=\"\" data-start=\"1632\" data-end=\"1648\">\n<p class=\"\" data-start=\"1634\" data-end=\"1648\"><strong data-start=\"1634\" data-end=\"1642\">Peso<\/strong>:83 gramos<\/p>\n<\/li>\n<li class=\"\" data-start=\"1649\" data-end=\"1667\">\n<p class=\"\" data-start=\"1651\" data-end=\"1667\"><strong data-start=\"1651\" data-end=\"1659\">Pintar<\/strong>: Plata<\/p>\n<\/li>\n<li class=\"\" data-start=\"1668\" data-end=\"1688\">\n<p class=\"\" data-start=\"1670\" data-end=\"1688\"><strong data-start=\"1670\" data-end=\"1682\">Clase de IP<\/strong>:IP54<\/p>\n<\/li>\n<li class=\"\" data-start=\"1689\" data-end=\"1728\">\n<p class=\"\" data-start=\"1691\" data-end=\"1728\"><strong data-start=\"1691\" data-end=\"1702\">Garantizar<\/strong>:Garant\u00eda limitada de 10 a\u00f1os<\/p>\n<\/li>\n<li class=\"\" data-start=\"1729\" data-end=\"1776\">\n<p class=\"\" data-start=\"1731\" data-end=\"1776\"><strong data-start=\"1731\" data-end=\"1749\">Compatibilidad<\/strong>:Sistemas XP95 y Discovery<\/p>\n<\/li>\n<li class=\"\" data-start=\"1777\" data-end=\"1808\">\n<p class=\"\" data-start=\"1779\" data-end=\"1808\"><strong data-start=\"1779\" data-end=\"1800\">Tecnolog\u00eda de conexi\u00f3n<\/strong>: roscado<\/p>\n<\/li>\n<\/ul>","protected":false},"excerpt":{"rendered":"<p>El detector multisensor PureLight de la serie Soteria Apollo PP2516 combina detecci\u00f3n \u00f3ptica de humo con sensores de calor para una detecci\u00f3n precisa de incendios y reducci\u00f3n de falsas alarmas.<\/p>\n<p>Equipado con FasTest\u00ae para pruebas m\u00e1s r\u00e1pidas, este detector utiliza comunicaci\u00f3n de protocolo central digital y es compatible con los sistemas XP95 y Discovery.<\/p>","protected":false},"featured_media":149869,"template":"","meta":{"_acf_changed":false},"product_brand":[],"product_cat":[4750],"product_tag":[],"class_list":{"0":"post-149870","1":"product","2":"type-product","3":"status-publish","4":"has-post-thumbnail","6":"product_cat-soteria-serien","7":"pa_brands-apollo-fire-detectors","8":"tm-no-options","10":"first","11":"instock","12":"sale","13":"taxable","14":"shipping-taxable","15":"purchasable","16":"product-type-simple"},"acf":[],"_links":{"self":[{"href":"https:\/\/secureus.se\/es\/wp-json\/wp\/v2\/product\/149870","targetHints":{"allow":["GET"]}}],"collection":[{"href":"https:\/\/secureus.se\/es\/wp-json\/wp\/v2\/product"}],"about":[{"href":"https:\/\/secureus.se\/es\/wp-json\/wp\/v2\/types\/product"}],"wp:featuredmedia":[{"embeddable":true,"href":"https:\/\/secureus.se\/es\/wp-json\/wp\/v2\/media\/149869"}],"wp:attachment":[{"href":"https:\/\/secureus.se\/es\/wp-json\/wp\/v2\/media?parent=149870"}],"wp:term":[{"taxonomy":"product_brand","embeddable":true,"href":"https:\/\/secureus.se\/es\/wp-json\/wp\/v2\/product_brand?post=149870"},{"taxonomy":"product_cat","embeddable":true,"href":"https:\/\/secureus.se\/es\/wp-json\/wp\/v2\/product_cat?post=149870"},{"taxonomy":"product_tag","embeddable":true,"href":"https:\/\/secureus.se\/es\/wp-json\/wp\/v2\/product_tag?post=149870"}],"curies":[{"name":"wp","href":"https:\/\/api.w.org\/{rel}","templated":true}]}}