{"id":149872,"date":"2025-04-03T14:21:06","date_gmt":"2025-04-03T12:21:06","guid":{"rendered":"https:\/\/secureus.se\/apollo-pp2517-soteria-series-varmedetektor-vit\/"},"modified":"2026-04-16T15:06:21","modified_gmt":"2026-04-16T13:06:21","slug":"apollo-pp2517-soteria-series-varmedetektor-vit","status":"publish","type":"product","link":"https:\/\/secureus.se\/es\/apollo-pp2517-soteria-series-varmedetektor-vit\/","title":{"rendered":"Detector de calor Apollo PP2517 Serie Soteria, blanco"},"content":{"rendered":"<h1>Detector de calor Apollo PP2517 Serie Soteria, blanco<\/h1>\n<p class=\"\" data-start=\"374\" data-end=\"874\">El detector de calor Apollo PP2517 de la serie Soteria ofrece detecci\u00f3n de incendios de alto rendimiento con sus dos sensores de calor ubicados lateralmente que garantizan una detecci\u00f3n de calor precisa en todas las direcciones.<\/p>\n<p class=\"\" data-start=\"374\" data-end=\"874\">La comunicaci\u00f3n digital CoreProtocol permite funciones avanzadas de detecci\u00f3n de incendios y garantiza la compatibilidad con los sistemas XP95 y Discovery.<\/p>\n<p class=\"\" data-start=\"374\" data-end=\"874\">El detector de calor tambi\u00e9n tiene un indicador de estado LED tricolor para mostrar el estado del incendio, la falla y el estado del aislamiento.<\/p>\n<p class=\"\" data-start=\"876\" data-end=\"1279\">El dispositivo es mec\u00e1nicamente compatible con las bases existentes y est\u00e1 disponible con o sin un aislador conmutable integrado.<\/p>\n<p class=\"\" data-start=\"876\" data-end=\"1279\">Para facilitar pruebas de detector m\u00e1s r\u00e1pidas, tambi\u00e9n cuenta con la funcionalidad FasTest\u00ae, que hace que el mantenimiento y la instalaci\u00f3n sean m\u00e1s f\u00e1ciles y r\u00e1pidos.<\/p>\n<p class=\"\" data-start=\"876\" data-end=\"1279\">Ha sido ampliamente probado para superar el est\u00e1ndar EN 54-5 y ofrece una detecci\u00f3n de incendios confiable en una variedad de entornos.<\/p>\n<p class=\"\" data-start=\"1281\" data-end=\"1301\"><strong data-start=\"1281\" data-end=\"1300\">Presupuesto<\/strong>:<\/p>\n<ul data-start=\"1302\" data-end=\"1735\">\n<li class=\"\" data-start=\"1302\" data-end=\"1329\">\n<p class=\"\" data-start=\"1304\" data-end=\"1329\"><strong data-start=\"1304\" data-end=\"1318\">Fuente de energ\u00eda<\/strong>:17\u201335 V CC<\/p>\n<\/li>\n<li class=\"\" data-start=\"1330\" data-end=\"1404\">\n<p class=\"\" data-start=\"1332\" data-end=\"1404\"><strong data-start=\"1332\" data-end=\"1359\">Protocolo de comunicaci\u00f3n<\/strong>:Compatible con CoreProtocol, XP95 y Discovery<\/p>\n<\/li>\n<li class=\"\" data-start=\"1405\" data-end=\"1438\">\n<p class=\"\" data-start=\"1407\" data-end=\"1438\"><strong data-start=\"1407\" data-end=\"1419\">Sensores<\/strong>: Calefacci\u00f3n (Termistor)<\/p>\n<\/li>\n<li class=\"\" data-start=\"1439\" data-end=\"1466\">\n<p class=\"\" data-start=\"1441\" data-end=\"1466\"><strong data-start=\"1441\" data-end=\"1449\">Medida<\/strong>:\u00d8100 mm x 38 mm<\/p>\n<\/li>\n<li class=\"\" data-start=\"1467\" data-end=\"1483\">\n<p class=\"\" data-start=\"1469\" data-end=\"1483\"><strong data-start=\"1469\" data-end=\"1477\">Peso<\/strong>:83 gramos<\/p>\n<\/li>\n<li class=\"\" data-start=\"1484\" data-end=\"1502\">\n<p class=\"\" data-start=\"1486\" data-end=\"1502\"><strong data-start=\"1486\" data-end=\"1494\">Pintar<\/strong>: Plata<\/p>\n<\/li>\n<li class=\"\" data-start=\"1503\" data-end=\"1523\">\n<p class=\"\" data-start=\"1505\" data-end=\"1523\"><strong data-start=\"1505\" data-end=\"1517\">Clase de IP<\/strong>:IP54<\/p>\n<\/li>\n<li class=\"\" data-start=\"1524\" data-end=\"1557\">\n<p class=\"\" data-start=\"1526\" data-end=\"1557\"><strong data-start=\"1526\" data-end=\"1540\">Temperatura<\/strong>:\u201340\u00b0C a 70\u00b0C<\/p>\n<\/li>\n<li class=\"\" data-start=\"1558\" data-end=\"1615\">\n<p class=\"\" data-start=\"1560\" data-end=\"1615\"><strong data-start=\"1560\" data-end=\"1573\">Humedad<\/strong>: 0\u201395% RH (sin condensaci\u00f3n ni formaci\u00f3n de hielo)<\/p>\n<\/li>\n<li class=\"\" data-start=\"1616\" data-end=\"1655\">\n<p class=\"\" data-start=\"1618\" data-end=\"1655\"><strong data-start=\"1618\" data-end=\"1629\">Garantizar<\/strong>:Garant\u00eda limitada de 10 a\u00f1os<\/p>\n<\/li>\n<li class=\"\" data-start=\"1656\" data-end=\"1703\">\n<p class=\"\" data-start=\"1658\" data-end=\"1703\"><strong data-start=\"1658\" data-end=\"1676\">Compatibilidad<\/strong>:Sistemas XP95 y Discovery<\/p>\n<\/li>\n<li class=\"\" data-start=\"1704\" data-end=\"1735\">\n<p class=\"\" data-start=\"1706\" data-end=\"1735\"><strong data-start=\"1706\" data-end=\"1727\">Tecnolog\u00eda de conexi\u00f3n<\/strong>: roscado<\/p>\n<\/li>\n<\/ul>","protected":false},"excerpt":{"rendered":"<p>El detector de calor Apollo PP2517 Serie Soteria utiliza dos sensores de calor ubicados lateralmente para garantizar una detecci\u00f3n de calor precisa en todas las direcciones.<\/p>\n<p>Est\u00e1 equipado con comunicaci\u00f3n digital CoreProtocol y es compatible con los sistemas XP95 y Discovery.<\/p>","protected":false},"featured_media":149871,"template":"","meta":{"_acf_changed":false},"product_brand":[],"product_cat":[4750,4157],"product_tag":[],"class_list":{"0":"post-149872","1":"product","2":"type-product","3":"status-publish","4":"has-post-thumbnail","6":"product_cat-soteria-serien","7":"product_cat-varmedetektor","8":"pa_brands-apollo-fire-detectors","9":"tm-no-options","11":"first","12":"instock","13":"taxable","14":"shipping-taxable","15":"purchasable","16":"product-type-simple"},"acf":[],"_links":{"self":[{"href":"https:\/\/secureus.se\/es\/wp-json\/wp\/v2\/product\/149872","targetHints":{"allow":["GET"]}}],"collection":[{"href":"https:\/\/secureus.se\/es\/wp-json\/wp\/v2\/product"}],"about":[{"href":"https:\/\/secureus.se\/es\/wp-json\/wp\/v2\/types\/product"}],"wp:featuredmedia":[{"embeddable":true,"href":"https:\/\/secureus.se\/es\/wp-json\/wp\/v2\/media\/149871"}],"wp:attachment":[{"href":"https:\/\/secureus.se\/es\/wp-json\/wp\/v2\/media?parent=149872"}],"wp:term":[{"taxonomy":"product_brand","embeddable":true,"href":"https:\/\/secureus.se\/es\/wp-json\/wp\/v2\/product_brand?post=149872"},{"taxonomy":"product_cat","embeddable":true,"href":"https:\/\/secureus.se\/es\/wp-json\/wp\/v2\/product_cat?post=149872"},{"taxonomy":"product_tag","embeddable":true,"href":"https:\/\/secureus.se\/es\/wp-json\/wp\/v2\/product_tag?post=149872"}],"curies":[{"name":"wp","href":"https:\/\/api.w.org\/{rel}","templated":true}]}}