{"id":149874,"date":"2025-04-03T14:19:28","date_gmt":"2025-04-03T12:19:28","guid":{"rendered":"https:\/\/secureus.se\/apollo-55000-217apo-65-series-rokdetektor-med-jonisering-vit\/"},"modified":"2026-04-16T15:11:19","modified_gmt":"2026-04-16T13:11:19","slug":"apollo-55000-217apo-65-series-rokdetektor-med-jonisering-vit","status":"publish","type":"product","link":"https:\/\/secureus.se\/es\/apollo-55000-217apo-65-series-rokdetektor-med-jonisering-vit\/","title":{"rendered":"Detector de humo por ionizaci\u00f3n Apollo 55000-217APO Serie 65, Blanco. FIN DE L\u00cdNEA: Reemplazado por el modelo 55000-317APO."},"content":{"rendered":"<h1>Detector de humo Apollo 55000-217APO Serie 65 con ionizaci\u00f3n, color blanco<\/h1>\n<p class=\"\" data-start=\"393\" data-end=\"837\">El detector de humo Apollo 55000-217APO serie 65 utiliza una l\u00e1mina radiactiva de baja actividad para detectar humo al irradiar el aire en la c\u00e1mara de humo, lo que genera un flujo de corriente.<\/p>\n<p class=\"\" data-start=\"393\" data-end=\"837\">Cuando el humo entra en la c\u00e1mara, el flujo de corriente disminuye, activando la alarma. Este detector tiene un amplio rango de voltaje operativo de 9 a 33 V y utiliza tecnolog\u00eda electr\u00f3nica avanzada que lo hace eficiente y confiable para una variedad de aplicaciones.<\/p>\n<p class=\"\" data-start=\"839\" data-end=\"1228\">Una de las caracter\u00edsticas m\u00e1s importantes es la opci\u00f3n de LED intermitente opcional que proporciona una indicaci\u00f3n visual en el modo de espera.<\/p>\n<p class=\"\" data-start=\"839\" data-end=\"1228\">El detector tambi\u00e9n est\u00e1 equipado con una opci\u00f3n de interruptor de prueba magn\u00e9tico que facilita la comprobaci\u00f3n de su funcionamiento.<\/p>\n<p class=\"\" data-start=\"839\" data-end=\"1228\">Est\u00e1 dise\u00f1ado para cumplir con las aprobaciones internacionales y es ideal para su uso tanto en sistemas de detecci\u00f3n de incendios como de seguridad.<\/p>\n<p class=\"\" data-start=\"1230\" data-end=\"1250\"><strong data-start=\"1230\" data-end=\"1249\">Presupuesto<\/strong>:<\/p>\n<ul data-start=\"1251\" data-end=\"1717\">\n<li class=\"\" data-start=\"1251\" data-end=\"1277\">\n<p class=\"\" data-start=\"1253\" data-end=\"1277\"><strong data-start=\"1253\" data-end=\"1267\">Fuente de energ\u00eda<\/strong>:9-33 V CC<\/p>\n<\/li>\n<li class=\"\" data-start=\"1278\" data-end=\"1308\">\n<p class=\"\" data-start=\"1280\" data-end=\"1308\"><strong data-start=\"1280\" data-end=\"1303\">Medio detectable<\/strong>: Fumar<\/p>\n<\/li>\n<li class=\"\" data-start=\"1309\" data-end=\"1324\">\n<p class=\"\" data-start=\"1311\" data-end=\"1324\"><strong data-start=\"1311\" data-end=\"1319\">Pintar<\/strong>: Blanco<\/p>\n<\/li>\n<li class=\"\" data-start=\"1325\" data-end=\"1359\">\n<p class=\"\" data-start=\"1327\" data-end=\"1359\"><strong data-start=\"1327\" data-end=\"1334\">Tipo<\/strong>Detector de humo ionizante<\/p>\n<\/li>\n<li class=\"\" data-start=\"1360\" data-end=\"1417\">\n<p class=\"\" data-start=\"1362\" data-end=\"1417\"><strong data-start=\"1362\" data-end=\"1376\">Alternativa<\/strong>: LED intermitente, interruptor de prueba magn\u00e9tico<\/p>\n<\/li>\n<li class=\"\" data-start=\"1418\" data-end=\"1469\">\n<p class=\"\" data-start=\"1420\" data-end=\"1469\"><strong data-start=\"1420\" data-end=\"1428\">Medida<\/strong>:Tama\u00f1o est\u00e1ndar para detectores de la serie 65<\/p>\n<\/li>\n<li class=\"\" data-start=\"1470\" data-end=\"1518\">\n<p class=\"\" data-start=\"1472\" data-end=\"1518\"><strong data-start=\"1472\" data-end=\"1480\">Peso<\/strong>:Peso est\u00e1ndar para detectores de la serie 65<\/p>\n<\/li>\n<li class=\"\" data-start=\"1519\" data-end=\"1565\">\n<p class=\"\" data-start=\"1521\" data-end=\"1565\"><strong data-start=\"1521\" data-end=\"1539\">Funciones de prueba<\/strong>:Interruptor de prueba magn\u00e9tico<\/p>\n<\/li>\n<li class=\"\" data-start=\"1566\" data-end=\"1633\">\n<p class=\"\" data-start=\"1568\" data-end=\"1633\"><strong data-start=\"1568\" data-end=\"1586\">Compatibilidad<\/strong>:Funciona con bases y sistemas Apollo Serie 65<\/p>\n<\/li>\n<li class=\"\" data-start=\"1634\" data-end=\"1717\">\n<p class=\"\" data-start=\"1636\" data-end=\"1717\"><strong data-start=\"1636\" data-end=\"1652\">Proceso de dar un t\u00edtulo<\/strong>:Probado y aprobado seg\u00fan la norma EN 54-7 para detectores de humo.<\/p>\n<\/li>\n<\/ul>","protected":false},"excerpt":{"rendered":"<p>Este producto es descatalogado. Se reemplaza directamente por <strong>55000-317APO<\/strong><\/p>\n<p>La serie Apollo 55000-217APO 65 es un detector de humo por ionizaci\u00f3n con tecnolog\u00eda electr\u00f3nica avanzada y amplio voltaje de funcionamiento.<\/p>\n<p>Equipado con una l\u00e1mina radiactiva y una opci\u00f3n de LED intermitente, detecta humo reduciendo el flujo de corriente cuando el humo ingresa a la c\u00e1mara.<\/p>","protected":false},"featured_media":149873,"template":"","meta":{"_acf_changed":false},"product_brand":[],"product_cat":[4747,3373],"product_tag":[],"class_list":{"0":"post-149874","1":"product","2":"type-product","3":"status-publish","4":"has-post-thumbnail","6":"product_cat-65-serien","7":"product_cat-rokdetektorer","8":"pa_brands-apollo-fire-detectors","9":"tm-no-options","11":"first","12":"outofstock","13":"sale","14":"taxable","15":"shipping-taxable","16":"purchasable","17":"product-type-simple"},"acf":[],"_links":{"self":[{"href":"https:\/\/secureus.se\/es\/wp-json\/wp\/v2\/product\/149874","targetHints":{"allow":["GET"]}}],"collection":[{"href":"https:\/\/secureus.se\/es\/wp-json\/wp\/v2\/product"}],"about":[{"href":"https:\/\/secureus.se\/es\/wp-json\/wp\/v2\/types\/product"}],"wp:featuredmedia":[{"embeddable":true,"href":"https:\/\/secureus.se\/es\/wp-json\/wp\/v2\/media\/149873"}],"wp:attachment":[{"href":"https:\/\/secureus.se\/es\/wp-json\/wp\/v2\/media?parent=149874"}],"wp:term":[{"taxonomy":"product_brand","embeddable":true,"href":"https:\/\/secureus.se\/es\/wp-json\/wp\/v2\/product_brand?post=149874"},{"taxonomy":"product_cat","embeddable":true,"href":"https:\/\/secureus.se\/es\/wp-json\/wp\/v2\/product_cat?post=149874"},{"taxonomy":"product_tag","embeddable":true,"href":"https:\/\/secureus.se\/es\/wp-json\/wp\/v2\/product_tag?post=149874"}],"curies":[{"name":"wp","href":"https:\/\/api.w.org\/{rel}","templated":true}]}}