{"id":149882,"date":"2025-04-03T14:19:23","date_gmt":"2025-04-03T12:19:23","guid":{"rendered":"https:\/\/secureus.se\/apollo-29600-458-intelligent-basmonterad-flamdetektor-med-monteringsbox-for-dackhuvud\/"},"modified":"2026-04-23T13:12:20","modified_gmt":"2026-04-23T11:12:20","slug":"apollo-29600-458-intelligent-basmonterad-flamdetektor-med-monteringsbox-for-dackhuvud","status":"publish","type":"product","link":"https:\/\/secureus.se\/es\/apollo-29600-458-intelligent-basmonterad-flamdetektor-med-monteringsbox-for-dackhuvud\/","title":{"rendered":"Detector de llama inteligente Apollo 29600-458 con base y caja de montaje en cubierta"},"content":{"rendered":"<h1>Detector de llama inteligente Apollo 29600-458 con base y caja de montaje en cubierta<\/h1>\n<p class=\"\" data-start=\"378\" data-end=\"778\">El Apollo 29600-458 es un detector de llama inteligente montado en base que incluye un soporte resistente y una caja de montaje dise\u00f1ada para cabezales de cubierta.<\/p>\n<p class=\"\" data-start=\"378\" data-end=\"778\">Este detector de llama est\u00e1 dise\u00f1ado para identificar incendios de manera r\u00e1pida y eficaz mediante la detecci\u00f3n de firmas de llamas.<\/p>\n<p class=\"\" data-start=\"378\" data-end=\"778\">Se utiliza a menudo en aplicaciones industriales y comerciales donde es necesario responder r\u00e1pidamente a condiciones de incendio.<\/p>\n<p class=\"\" data-start=\"780\" data-end=\"1127\">Los dispositivos compatibles incluyen espec\u00edficamente detectores de llama. Es importante tener en cuenta que la base de montaje interna se vende por separado.<\/p>\n<p class=\"\" data-start=\"780\" data-end=\"1127\">Est\u00e1 hecho de acero inoxidable, lo que garantiza una larga durabilidad y resistencia a la corrosi\u00f3n en entornos hostiles.<\/p>\n<p class=\"\" data-start=\"780\" data-end=\"1127\">Adem\u00e1s, cuenta con el marcado CE, que garantiza que cumple con los est\u00e1ndares de seguridad europeos.<\/p>\n<p class=\"\" data-start=\"1129\" data-end=\"1149\"><strong data-start=\"1129\" data-end=\"1148\">Presupuesto<\/strong>:<\/p>\n<ul data-start=\"1150\" data-end=\"1357\">\n<li class=\"\" data-start=\"1150\" data-end=\"1180\">\n<p class=\"\" data-start=\"1152\" data-end=\"1180\"><strong data-start=\"1152\" data-end=\"1164\">Material<\/strong>:Acero inoxidable<\/p>\n<\/li>\n<li class=\"\" data-start=\"1181\" data-end=\"1196\">\n<p class=\"\" data-start=\"1183\" data-end=\"1196\"><strong data-start=\"1183\" data-end=\"1191\">Pintar<\/strong>: Gris<\/p>\n<\/li>\n<li class=\"\" data-start=\"1197\" data-end=\"1234\">\n<p class=\"\" data-start=\"1199\" data-end=\"1234\"><strong data-start=\"1199\" data-end=\"1220\">Dispositivos compatibles<\/strong>Detector de llama<\/p>\n<\/li>\n<li class=\"\" data-start=\"1235\" data-end=\"1266\">\n<p class=\"\" data-start=\"1237\" data-end=\"1266\"><strong data-start=\"1237\" data-end=\"1253\">Proceso de dar un t\u00edtulo<\/strong>: Marcado CE<\/p>\n<\/li>\n<li class=\"\" data-start=\"1267\" data-end=\"1301\">\n<p class=\"\" data-start=\"1269\" data-end=\"1301\"><strong data-start=\"1269\" data-end=\"1286\">Caja de montaje<\/strong>:Para cabezal de neum\u00e1tico<\/p>\n<\/li>\n<li class=\"\" data-start=\"1302\" data-end=\"1357\">\n<p class=\"\" data-start=\"1304\" data-end=\"1357\"><strong data-start=\"1304\" data-end=\"1321\">Base de montaje<\/strong>:La base de montaje interna se vende por separado<\/p>\n<\/li>\n<\/ul>","protected":false},"excerpt":{"rendered":"<p>El detector de llama de montaje en base inteligente Apollo 29600-458 viene con un soporte y una caja de montaje en cabezal de plataforma, perfecto para usar en entornos industriales donde la detecci\u00f3n de llamas es fundamental.<\/p>\n<p>La base de montaje se vende por separado.<\/p>","protected":false},"featured_media":149881,"template":"","meta":{"_acf_changed":false},"product_brand":[],"product_cat":[4747],"product_tag":[],"class_list":{"0":"post-149882","1":"product","2":"type-product","3":"status-publish","4":"has-post-thumbnail","6":"product_cat-65-serien","7":"pa_brands-apollo-fire-detectors","8":"tm-no-options","10":"first","11":"instock","12":"taxable","13":"shipping-taxable","14":"purchasable","15":"product-type-simple"},"acf":[],"_links":{"self":[{"href":"https:\/\/secureus.se\/es\/wp-json\/wp\/v2\/product\/149882","targetHints":{"allow":["GET"]}}],"collection":[{"href":"https:\/\/secureus.se\/es\/wp-json\/wp\/v2\/product"}],"about":[{"href":"https:\/\/secureus.se\/es\/wp-json\/wp\/v2\/types\/product"}],"wp:featuredmedia":[{"embeddable":true,"href":"https:\/\/secureus.se\/es\/wp-json\/wp\/v2\/media\/149881"}],"wp:attachment":[{"href":"https:\/\/secureus.se\/es\/wp-json\/wp\/v2\/media?parent=149882"}],"wp:term":[{"taxonomy":"product_brand","embeddable":true,"href":"https:\/\/secureus.se\/es\/wp-json\/wp\/v2\/product_brand?post=149882"},{"taxonomy":"product_cat","embeddable":true,"href":"https:\/\/secureus.se\/es\/wp-json\/wp\/v2\/product_cat?post=149882"},{"taxonomy":"product_tag","embeddable":true,"href":"https:\/\/secureus.se\/es\/wp-json\/wp\/v2\/product_tag?post=149882"}],"curies":[{"name":"wp","href":"https:\/\/api.w.org\/{rel}","templated":true}]}}