{"id":149884,"date":"2025-04-03T14:19:19","date_gmt":"2025-04-03T12:19:19","guid":{"rendered":"https:\/\/secureus.se\/apollo-45681-245apo-monteringsbas-for-detektorer-i-65-serien-envagsanpassad-med-relautgang-vit\/"},"modified":"2026-04-09T11:24:36","modified_gmt":"2026-04-09T09:24:36","slug":"apollo-45681-245apo-monteringsbas-for-detektorer-i-65-serien-envagsanpassad-med-relautgang-vit","status":"publish","type":"product","link":"https:\/\/secureus.se\/es\/apollo-45681-245apo-monteringsbas-for-detektorer-i-65-serien-envagsanpassad-med-relautgang-vit\/","title":{"rendered":"Apollo 45681-245APO Base de montaje para detectores serie 65, unidireccional, con salida de rel\u00e9, blanco"},"content":{"rendered":"<h1>Apollo 45681-245APO Base de montaje para detectores serie 65, unidireccional, con salida de rel\u00e9, blanco<\/h1>\n<p class=\"\" data-start=\"452\" data-end=\"886\">La base de montaje Apollo 45681-245APO es una soluci\u00f3n de base funcional y confiable para usar con detectores de la Serie 65.<\/p>\n<p class=\"\" data-start=\"452\" data-end=\"886\">Tiene un ajuste unidireccional que facilita la instalaci\u00f3n y conexi\u00f3n del detector.<\/p>\n<p class=\"\" data-start=\"452\" data-end=\"886\">El mecanismo de bloqueo garantiza que el detector se mantenga en su lugar para un funcionamiento seguro.<\/p>\n<p class=\"\" data-start=\"452\" data-end=\"886\">Esta base de montaje est\u00e1 equipada con una salida de rel\u00e9, lo que permite su uso para enviar se\u00f1ales a otros sistemas en caso de alarma.<\/p>\n<p class=\"\" data-start=\"888\" data-end=\"1228\">La base de montaje es ideal para usar en sistemas de seguridad y tambi\u00e9n se puede utilizar en sistemas de dos y cuatro cables para proporcionar se\u00f1ales de control sin voltaje a sistemas auxiliares, como cierrapuertas autom\u00e1ticos.<\/p>\n<p class=\"\" data-start=\"888\" data-end=\"1228\">La base de rel\u00e9 de la Serie 65 tambi\u00e9n es compatible con los sistemas de la Serie 60, lo que la hace flexible y compatible con los m\u00e9todos de instalaci\u00f3n heredados.<\/p>\n<p class=\"\" data-start=\"1230\" data-end=\"1250\"><strong data-start=\"1230\" data-end=\"1249\">Presupuesto<\/strong>:<\/p>\n<ul data-start=\"1251\" data-end=\"1670\">\n<li class=\"\" data-start=\"1251\" data-end=\"1277\">\n<p class=\"\" data-start=\"1253\" data-end=\"1277\"><strong data-start=\"1253\" data-end=\"1267\">Fuente de energ\u00eda<\/strong>:9\u201333 V CC<\/p>\n<\/li>\n<li class=\"\" data-start=\"1278\" data-end=\"1324\">\n<p class=\"\" data-start=\"1280\" data-end=\"1324\"><strong data-start=\"1280\" data-end=\"1288\">Medida<\/strong>:Tama\u00f1o est\u00e1ndar para bases de la Serie 65<\/p>\n<\/li>\n<li class=\"\" data-start=\"1325\" data-end=\"1340\">\n<p class=\"\" data-start=\"1327\" data-end=\"1340\"><strong data-start=\"1327\" data-end=\"1335\">Pintar<\/strong>: Blanco<\/p>\n<\/li>\n<li class=\"\" data-start=\"1341\" data-end=\"1387\">\n<p class=\"\" data-start=\"1343\" data-end=\"1387\"><strong data-start=\"1343\" data-end=\"1361\">Compatibilidad<\/strong>:Detectores de humo de la serie 65<\/p>\n<\/li>\n<li class=\"\" data-start=\"1388\" data-end=\"1433\">\n<p class=\"\" data-start=\"1390\" data-end=\"1433\"><strong data-start=\"1390\" data-end=\"1404\">Salida de rel\u00e9<\/strong>:Formulario C (cambio de contactos)<\/p>\n<\/li>\n<li class=\"\" data-start=\"1434\" data-end=\"1531\">\n<p class=\"\" data-start=\"1436\" data-end=\"1531\"><strong data-start=\"1436\" data-end=\"1456\">Principio de funcionamiento<\/strong>:Para uso con circuitos de alimentaci\u00f3n de detector de 4 cables y de iniciaci\u00f3n de alarma<\/p>\n<\/li>\n<li class=\"\" data-start=\"1532\" data-end=\"1566\">\n<p class=\"\" data-start=\"1534\" data-end=\"1566\"><strong data-start=\"1534\" data-end=\"1548\">Temperatura<\/strong>:\u201320\u00b0C a +60\u00b0C<\/p>\n<\/li>\n<li class=\"\" data-start=\"1567\" data-end=\"1598\">\n<p class=\"\" data-start=\"1569\" data-end=\"1598\"><strong data-start=\"1569\" data-end=\"1585\">Proceso de dar un t\u00edtulo<\/strong>: Marcado CE<\/p>\n<\/li>\n<li class=\"\" data-start=\"1599\" data-end=\"1648\">\n<p class=\"\" data-start=\"1601\" data-end=\"1648\"><strong data-start=\"1601\" data-end=\"1619\">Conexi\u00f3n a tierra<\/strong>:No se requiere ninguno para una operaci\u00f3n segura<\/p>\n<\/li>\n<li class=\"\" data-start=\"1649\" data-end=\"1670\">\n<p class=\"\" data-start=\"1651\" data-end=\"1670\"><strong data-start=\"1651\" data-end=\"1666\">Respetuoso con el medio ambiente<\/strong>: S\u00ed<\/p>\n<\/li>\n<\/ul>","protected":false},"excerpt":{"rendered":"<p>La base de montaje Apollo 45681-245APO para detectores de la serie 65 es una base personalizada unidireccional con un mecanismo de bloqueo de detector y una salida de rel\u00e9.<\/p>\n<p>Es compatible con detectores de humo y tiene un amplio voltaje de operaci\u00f3n, lo que lo hace ideal tanto para sistemas de seguridad como para aplicaciones de detecci\u00f3n general.<\/p>","protected":false},"featured_media":149883,"template":"","meta":{"_acf_changed":false},"product_brand":[],"product_cat":[4747],"product_tag":[],"class_list":{"0":"post-149884","1":"product","2":"type-product","3":"status-publish","4":"has-post-thumbnail","6":"product_cat-65-serien","7":"pa_brands-apollo-fire-detectors","8":"tm-no-options","10":"first","11":"instock","12":"taxable","13":"shipping-taxable","14":"purchasable","15":"product-type-simple"},"acf":[],"_links":{"self":[{"href":"https:\/\/secureus.se\/es\/wp-json\/wp\/v2\/product\/149884","targetHints":{"allow":["GET"]}}],"collection":[{"href":"https:\/\/secureus.se\/es\/wp-json\/wp\/v2\/product"}],"about":[{"href":"https:\/\/secureus.se\/es\/wp-json\/wp\/v2\/types\/product"}],"wp:featuredmedia":[{"embeddable":true,"href":"https:\/\/secureus.se\/es\/wp-json\/wp\/v2\/media\/149883"}],"wp:attachment":[{"href":"https:\/\/secureus.se\/es\/wp-json\/wp\/v2\/media?parent=149884"}],"wp:term":[{"taxonomy":"product_brand","embeddable":true,"href":"https:\/\/secureus.se\/es\/wp-json\/wp\/v2\/product_brand?post=149884"},{"taxonomy":"product_cat","embeddable":true,"href":"https:\/\/secureus.se\/es\/wp-json\/wp\/v2\/product_cat?post=149884"},{"taxonomy":"product_tag","embeddable":true,"href":"https:\/\/secureus.se\/es\/wp-json\/wp\/v2\/product_tag?post=149884"}],"curies":[{"name":"wp","href":"https:\/\/api.w.org\/{rel}","templated":true}]}}