{"id":149888,"date":"2025-04-03T14:15:46","date_gmt":"2025-04-03T12:15:46","guid":{"rendered":"https:\/\/secureus.se\/apollo-58100-971mar-discovery-marine-manuell-anropspunkt-isolerande\/"},"modified":"2026-04-23T13:12:40","modified_gmt":"2026-04-23T11:12:40","slug":"apollo-58100-971mar-discovery-marine-manuell-anropspunkt-isolerande","status":"publish","type":"product","link":"https:\/\/secureus.se\/es\/apollo-58100-971mar-discovery-marine-manuell-anropspunkt-isolerande\/","title":{"rendered":"Punto de llamada manual Apollo 58100-971MAR Discovery Marine, aislamiento"},"content":{"rendered":"<h1>Punto de llamada manual Apollo 58100-971MAR Discovery Marine, aislamiento<\/h1>\n<p class=\"\" data-start=\"434\" data-end=\"805\">El punto de llamada manual marino Apollo 58100-971MAR Discovery (MCP) es parte de la serie Discovery y est\u00e1 dise\u00f1ado espec\u00edficamente para su uso en aplicaciones marinas en interiores.<\/p>\n<p class=\"\" data-start=\"434\" data-end=\"805\">El punto de llamada tiene un interruptor DIL de siete segmentos para un f\u00e1cil direccionamiento durante la puesta en servicio y utiliza un mecanismo de respuesta r\u00e1pida que interrumpe el protocolo normal al activarse.<\/p>\n<p class=\"\" data-start=\"807\" data-end=\"1177\">Tiene un indicador LED de dos colores que muestra los estados de aislamiento y normal, as\u00ed como un LED rojo que se enciende cuando el punto de llamada est\u00e1 activado.<\/p>\n<p class=\"\" data-start=\"807\" data-end=\"1177\">Para facilitar la instalaci\u00f3n, el punto de llamada se suministra con bloques de terminales con abrazaderas y un conector que permite realizar pruebas de continuidad antes de la instalaci\u00f3n.<\/p>\n<p class=\"\" data-start=\"807\" data-end=\"1177\">La versi\u00f3n aislada del punto de llamada tambi\u00e9n indica un cortocircuito en el cableado.<\/p>\n<p class=\"\" data-start=\"1179\" data-end=\"1473\">Funciona con un elemento reajustable y viene con una caja posterior para montaje en superficie.<\/p>\n<p class=\"\" data-start=\"1179\" data-end=\"1473\">Para mayor protecci\u00f3n, se puede colocar una tapa transparente con bisagras y etiqueta de bloqueo para evitar el funcionamiento accidental, aunque esto puede afectar el cumplimiento de algunas normas cuando est\u00e1 bloqueada.<\/p>\n<p class=\"\" data-start=\"1475\" data-end=\"1495\"><strong data-start=\"1475\" data-end=\"1494\">Presupuesto<\/strong>:<\/p>\n<ul data-start=\"1496\" data-end=\"1970\">\n<li class=\"\" data-start=\"1496\" data-end=\"1534\">\n<p class=\"\" data-start=\"1498\" data-end=\"1534\"><strong data-start=\"1498\" data-end=\"1512\">Fuente de energ\u00eda<\/strong>: 24 V CC, 5 V CC, 9 V CC<\/p>\n<\/li>\n<li class=\"\" data-start=\"1535\" data-end=\"1620\">\n<p class=\"\" data-start=\"1537\" data-end=\"1620\"><strong data-start=\"1537\" data-end=\"1551\">Caracter\u00edsticas<\/strong>: Elemento reiniciable, indicador LED, Plug &amp; Play, enlace de continuidad<\/p>\n<\/li>\n<li class=\"\" data-start=\"1621\" data-end=\"1656\">\n<p class=\"\" data-start=\"1623\" data-end=\"1656\"><strong data-start=\"1623\" data-end=\"1650\">Temperatura m\u00e1xima de funcionamiento<\/strong>:60\u00b0C<\/p>\n<\/li>\n<li class=\"\" data-start=\"1657\" data-end=\"1693\">\n<p class=\"\" data-start=\"1659\" data-end=\"1693\"><strong data-start=\"1659\" data-end=\"1686\">Temperatura m\u00ednima de funcionamiento<\/strong>:\u201320 \u00b0C<\/p>\n<\/li>\n<li class=\"\" data-start=\"1694\" data-end=\"1729\">\n<p class=\"\" data-start=\"1696\" data-end=\"1729\"><strong data-start=\"1696\" data-end=\"1704\">Medida<\/strong>: Ancho 89 mm, Profundidad 60 mm<\/p>\n<\/li>\n<li class=\"\" data-start=\"1730\" data-end=\"1745\">\n<p class=\"\" data-start=\"1732\" data-end=\"1745\"><strong data-start=\"1732\" data-end=\"1740\">Pintar<\/strong>: Rojo<\/p>\n<\/li>\n<li class=\"\" data-start=\"1746\" data-end=\"1779\">\n<p class=\"\" data-start=\"1748\" data-end=\"1779\"><strong data-start=\"1748\" data-end=\"1760\">Material<\/strong>:ABS, policarbonato<\/p>\n<\/li>\n<li class=\"\" data-start=\"1780\" data-end=\"1827\">\n<p class=\"\" data-start=\"1782\" data-end=\"1827\"><strong data-start=\"1782\" data-end=\"1799\">Tipo de montaje<\/strong>: Montaje empotrado, montaje en superficie<\/p>\n<\/li>\n<li class=\"\" data-start=\"1828\" data-end=\"1867\">\n<p class=\"\" data-start=\"1830\" data-end=\"1867\"><strong data-start=\"1830\" data-end=\"1841\">Garantizar<\/strong>:Garant\u00eda limitada de 10 a\u00f1os<\/p>\n<\/li>\n<li class=\"\" data-start=\"1868\" data-end=\"1905\">\n<p class=\"\" data-start=\"1870\" data-end=\"1905\"><strong data-start=\"1870\" data-end=\"1888\">Compatibilidad<\/strong>: Descubrimiento, XP95<\/p>\n<\/li>\n<li class=\"\" data-start=\"1906\" data-end=\"1936\">\n<p class=\"\" data-start=\"1908\" data-end=\"1936\"><strong data-start=\"1908\" data-end=\"1926\">Certificaciones<\/strong>: Marcado CE<\/p>\n<\/li>\n<li class=\"\" data-start=\"1937\" data-end=\"1970\">\n<p class=\"\" data-start=\"1939\" data-end=\"1970\"><strong data-start=\"1939\" data-end=\"1953\">Usar<\/strong>: Interior, Marino<\/p>\n<\/li>\n<\/ul>","protected":false},"excerpt":{"rendered":"<p>El punto de llamada manual Apollo 58100-971MAR Discovery Marine es una soluci\u00f3n r\u00e1pida y confiable para activar alarmas contra incendios en aplicaciones marinas.<\/p>\n<p>Cuenta con conexiones de terminales \u201cPlug and Play\u201d para una f\u00e1cil instalaci\u00f3n, un enlace de continuidad para pruebas de cables y reporta una alarma en menos de 0,2 segundos.<\/p>","protected":false},"featured_media":149887,"template":"","meta":{"_acf_changed":false},"product_brand":[],"product_cat":[4748],"product_tag":[],"class_list":{"0":"post-149888","1":"product","2":"type-product","3":"status-publish","4":"has-post-thumbnail","6":"product_cat-discovery-serien","7":"pa_brands-apollo-fire-detectors","8":"tm-no-options","10":"first","11":"instock","12":"taxable","13":"shipping-taxable","14":"purchasable","15":"product-type-simple"},"acf":[],"_links":{"self":[{"href":"https:\/\/secureus.se\/es\/wp-json\/wp\/v2\/product\/149888","targetHints":{"allow":["GET"]}}],"collection":[{"href":"https:\/\/secureus.se\/es\/wp-json\/wp\/v2\/product"}],"about":[{"href":"https:\/\/secureus.se\/es\/wp-json\/wp\/v2\/types\/product"}],"wp:featuredmedia":[{"embeddable":true,"href":"https:\/\/secureus.se\/es\/wp-json\/wp\/v2\/media\/149887"}],"wp:attachment":[{"href":"https:\/\/secureus.se\/es\/wp-json\/wp\/v2\/media?parent=149888"}],"wp:term":[{"taxonomy":"product_brand","embeddable":true,"href":"https:\/\/secureus.se\/es\/wp-json\/wp\/v2\/product_brand?post=149888"},{"taxonomy":"product_cat","embeddable":true,"href":"https:\/\/secureus.se\/es\/wp-json\/wp\/v2\/product_cat?post=149888"},{"taxonomy":"product_tag","embeddable":true,"href":"https:\/\/secureus.se\/es\/wp-json\/wp\/v2\/product_tag?post=149888"}],"curies":[{"name":"wp","href":"https:\/\/api.w.org\/{rel}","templated":true}]}}