{"id":149894,"date":"2025-04-03T14:15:42","date_gmt":"2025-04-03T12:15:42","guid":{"rendered":"https:\/\/secureus.se\/apollo-58000-300apo-discovery-series-kolmonoxiddetektor-vit\/"},"modified":"2026-04-16T15:16:00","modified_gmt":"2026-04-16T13:16:00","slug":"apollo-58000-300apo-discovery-series-kolmonoxiddetektor-vit","status":"publish","type":"product","link":"https:\/\/secureus.se\/es\/apollo-58000-300apo-discovery-series-kolmonoxiddetektor-vit\/","title":{"rendered":"Detector de mon\u00f3xido de carbono Apollo 58000-300APO Discovery Series, blanco"},"content":{"rendered":"<h1>Detector de mon\u00f3xido de carbono Apollo 58000-300APO Discovery Series<\/h1>\n<p class=\"\" data-start=\"426\" data-end=\"872\">El detector de mon\u00f3xido de carbono Apollo 58000-300APO Discovery Series es un detector de incendios avanzado que utiliza un sensor electroqu\u00edmico para detectar mon\u00f3xido de carbono (CO), lo que lo hace particularmente eficaz para identificar incendios latentes donde los detectores de humo pueden ser menos confiables.<\/p>\n<p class=\"\" data-start=\"426\" data-end=\"872\">El detector es muy sensible a los aumentos r\u00e1pidos de CO, que a menudo est\u00e1n asociados con incendios fuertes, y proporciona una respuesta r\u00e1pida en estas condiciones.<\/p>\n<p class=\"\" data-start=\"874\" data-end=\"1279\">Con una amplia interoperabilidad, incluido soporte para los sistemas XP95 y Discovery, este detector est\u00e1 dise\u00f1ado para proporcionar una alerta temprana de niveles peligrosos de CO en el medio ambiente, aumentando la seguridad en entornos residenciales y comerciales.<\/p>\n<p class=\"\" data-start=\"874\" data-end=\"1279\">El detector tambi\u00e9n es m\u00e1s resistente a falsas alarmas de vapores o part\u00edculas comunes en el aire, lo que lo hace m\u00e1s confiable en algunas aplicaciones que los detectores de humo.<\/p>\n<p class=\"\" data-start=\"1281\" data-end=\"1301\"><strong data-start=\"1281\" data-end=\"1300\">Presupuesto<\/strong>:<\/p>\n<ul data-start=\"1302\" data-end=\"1929\">\n<li class=\"\" data-start=\"1302\" data-end=\"1329\">\n<p class=\"\" data-start=\"1304\" data-end=\"1329\"><strong data-start=\"1304\" data-end=\"1318\">Fuente de energ\u00eda<\/strong>:17\u201328 V CC<\/p>\n<\/li>\n<li class=\"\" data-start=\"1330\" data-end=\"1357\">\n<p class=\"\" data-start=\"1332\" data-end=\"1357\"><strong data-start=\"1332\" data-end=\"1340\">Medida<\/strong>:\u00d8100 mm x 42 mm<\/p>\n<\/li>\n<li class=\"\" data-start=\"1358\" data-end=\"1373\">\n<p class=\"\" data-start=\"1360\" data-end=\"1373\"><strong data-start=\"1360\" data-end=\"1368\">Pintar<\/strong>: Blanco<\/p>\n<\/li>\n<li class=\"\" data-start=\"1374\" data-end=\"1391\">\n<p class=\"\" data-start=\"1376\" data-end=\"1391\"><strong data-start=\"1376\" data-end=\"1384\">Peso<\/strong>:105 gramos<\/p>\n<\/li>\n<li class=\"\" data-start=\"1392\" data-end=\"1430\">\n<p class=\"\" data-start=\"1394\" data-end=\"1430\"><strong data-start=\"1394\" data-end=\"1413\">Gas detectable<\/strong>:Mon\u00f3xido de carbono (CO)<\/p>\n<\/li>\n<li class=\"\" data-start=\"1431\" data-end=\"1504\">\n<p class=\"\" data-start=\"1433\" data-end=\"1504\"><strong data-start=\"1433\" data-end=\"1447\">Temperatura<\/strong>: \u201320 \u00b0C a +50 \u00b0C (estado transitorio: \u201320 \u00b0C a +55 \u00b0C)<\/p>\n<\/li>\n<li class=\"\" data-start=\"1505\" data-end=\"1537\">\n<p class=\"\" data-start=\"1507\" data-end=\"1537\"><strong data-start=\"1507\" data-end=\"1520\">Humedad<\/strong>:15% a 90% derecha<\/p>\n<\/li>\n<li class=\"\" data-start=\"1538\" data-end=\"1558\">\n<p class=\"\" data-start=\"1540\" data-end=\"1558\"><strong data-start=\"1540\" data-end=\"1552\">Clase de IP<\/strong>:IP44<\/p>\n<\/li>\n<li class=\"\" data-start=\"1559\" data-end=\"1610\">\n<p class=\"\" data-start=\"1561\" data-end=\"1610\"><strong data-start=\"1561\" data-end=\"1579\">Certificaciones<\/strong>: EN 54-11, EN 54-17, RCP, LPCB<\/p>\n<\/li>\n<li class=\"\" data-start=\"1611\" data-end=\"1666\">\n<p class=\"\" data-start=\"1613\" data-end=\"1666\"><strong data-start=\"1613\" data-end=\"1631\">Presi\u00f3n m\u00e1xima<\/strong>:Instalaci\u00f3n hasta 2000 m de altitud<\/p>\n<\/li>\n<li class=\"\" data-start=\"1667\" data-end=\"1738\">\n<p class=\"\" data-start=\"1669\" data-end=\"1738\"><strong data-start=\"1669\" data-end=\"1696\">Protocolo de comunicaci\u00f3n<\/strong>: XP95, Discovery, compatible con CoreProtocol<\/p>\n<\/li>\n<li class=\"\" data-start=\"1739\" data-end=\"1763\">\n<p class=\"\" data-start=\"1741\" data-end=\"1763\"><strong data-start=\"1741\" data-end=\"1753\">Calificaci\u00f3n<\/strong>: Marcado CE<\/p>\n<\/li>\n<li class=\"\" data-start=\"1764\" data-end=\"1806\">\n<p class=\"\" data-start=\"1766\" data-end=\"1806\"><strong data-start=\"1766\" data-end=\"1780\">Duraci\u00f3n de la bater\u00eda<\/strong>:5 a\u00f1os (vida \u00fatil de la c\u00e9lula)<\/p>\n<\/li>\n<li class=\"\" data-start=\"1807\" data-end=\"1853\">\n<p class=\"\" data-start=\"1809\" data-end=\"1853\"><strong data-start=\"1809\" data-end=\"1821\">Material<\/strong>:Policarbonato (retardante de llama)<\/p>\n<\/li>\n<li class=\"\" data-start=\"1854\" data-end=\"1929\">\n<p class=\"\" data-start=\"1856\" data-end=\"1929\"><strong data-start=\"1856\" data-end=\"1870\">Caracter\u00edsticas<\/strong>: Elemento reiniciable, indicador LED, funci\u00f3n de prueba remota<\/p>\n<\/li>\n<\/ul>","protected":false},"excerpt":{"rendered":"<p>El detector de mon\u00f3xido de carbono Apollo 58000-300APO Discovery Series est\u00e1 dise\u00f1ado espec\u00edficamente para detectar incendios latentes y brindar una alerta temprana, especialmente en el caso de incendios incandescentes.<\/p>\n<p>Es menos sensible a las falsas alarmas de vapor que los detectores de humo y es ideal para su uso en entornos donde se dan estas condiciones.<\/p>","protected":false},"featured_media":149893,"template":"","meta":{"_acf_changed":false},"product_brand":[],"product_cat":[4748],"product_tag":[],"class_list":{"0":"post-149894","1":"product","2":"type-product","3":"status-publish","4":"has-post-thumbnail","6":"product_cat-discovery-serien","7":"pa_brands-apollo-fire-detectors","8":"tm-no-options","10":"first","11":"onbackorder","12":"taxable","13":"shipping-taxable","14":"purchasable","15":"product-type-simple"},"acf":[],"_links":{"self":[{"href":"https:\/\/secureus.se\/es\/wp-json\/wp\/v2\/product\/149894","targetHints":{"allow":["GET"]}}],"collection":[{"href":"https:\/\/secureus.se\/es\/wp-json\/wp\/v2\/product"}],"about":[{"href":"https:\/\/secureus.se\/es\/wp-json\/wp\/v2\/types\/product"}],"wp:featuredmedia":[{"embeddable":true,"href":"https:\/\/secureus.se\/es\/wp-json\/wp\/v2\/media\/149893"}],"wp:attachment":[{"href":"https:\/\/secureus.se\/es\/wp-json\/wp\/v2\/media?parent=149894"}],"wp:term":[{"taxonomy":"product_brand","embeddable":true,"href":"https:\/\/secureus.se\/es\/wp-json\/wp\/v2\/product_brand?post=149894"},{"taxonomy":"product_cat","embeddable":true,"href":"https:\/\/secureus.se\/es\/wp-json\/wp\/v2\/product_cat?post=149894"},{"taxonomy":"product_tag","embeddable":true,"href":"https:\/\/secureus.se\/es\/wp-json\/wp\/v2\/product_tag?post=149894"}],"curies":[{"name":"wp","href":"https:\/\/api.w.org\/{rel}","templated":true}]}}