{"id":149896,"date":"2025-04-03T14:15:41","date_gmt":"2025-04-03T12:15:41","guid":{"rendered":"https:\/\/secureus.se\/apollo-58000-400apo-discovery-series-varmedetektor-vit\/"},"modified":"2026-04-23T13:12:48","modified_gmt":"2026-04-23T11:12:48","slug":"apollo-58000-400apo-discovery-series-varmedetektor-vit","status":"publish","type":"product","link":"https:\/\/secureus.se\/es\/apollo-58000-400apo-discovery-series-varmedetektor-vit\/","title":{"rendered":"Detector de calor Apollo 58000-400APO Discovery Series, color blanco"},"content":{"rendered":"<h1>Detector de calor Apollo 58000-400APO Discovery Series<\/h1>\n<p class=\"\" data-start=\"397\" data-end=\"871\">El detector de calor de la serie Discovery Apollo 58000-400APO utiliza un solo termistor para medir con precisi\u00f3n la temperatura del aire en la ubicaci\u00f3n del detector.<\/p>\n<p class=\"\" data-start=\"397\" data-end=\"871\">Utilizando una red de resistencias, se genera una salida de voltaje dependiente de la temperatura que proporciona una respuesta lineal entre 10 \u00b0C y 80 \u00b0C.<\/p>\n<p class=\"\" data-start=\"397\" data-end=\"871\">El detector es muy preciso y no se ve afectado por factores externos como el viento o la presi\u00f3n atmosf\u00e9rica, lo que lo hace especialmente adecuado para su uso en entornos sucios o con humo.<\/p>\n<p class=\"\" data-start=\"873\" data-end=\"1239\">Dispone de cinco modos de respuesta diferentes homologados seg\u00fan EN54-5, lo que permite adaptar la sensibilidad en funci\u00f3n de la aplicaci\u00f3n.<\/p>\n<p class=\"\" data-start=\"873\" data-end=\"1239\">El detector de calor es compatible con los sistemas XP95 y Discovery y se puede conectar a ellos mediante conexiones de dos cables. Tambi\u00e9n tiene una funci\u00f3n de prueba integrada que facilita la prueba del funcionamiento del detector desde el panel de control.<\/p>\n<p class=\"\" data-start=\"1241\" data-end=\"1261\"><strong data-start=\"1241\" data-end=\"1260\">Presupuesto<\/strong>:<\/p>\n<ul data-start=\"1262\" data-end=\"1824\">\n<li class=\"\" data-start=\"1262\" data-end=\"1289\">\n<p class=\"\" data-start=\"1264\" data-end=\"1289\"><strong data-start=\"1264\" data-end=\"1278\">Fuente de energ\u00eda<\/strong>:17\u201328 V CC<\/p>\n<\/li>\n<li class=\"\" data-start=\"1290\" data-end=\"1317\">\n<p class=\"\" data-start=\"1292\" data-end=\"1317\"><strong data-start=\"1292\" data-end=\"1300\">Medida<\/strong>:\u00d8100 mm x 42 mm<\/p>\n<\/li>\n<li class=\"\" data-start=\"1318\" data-end=\"1333\">\n<p class=\"\" data-start=\"1320\" data-end=\"1333\"><strong data-start=\"1320\" data-end=\"1328\">Pintar<\/strong>: Blanco<\/p>\n<\/li>\n<li class=\"\" data-start=\"1334\" data-end=\"1351\">\n<p class=\"\" data-start=\"1336\" data-end=\"1351\"><strong data-start=\"1336\" data-end=\"1344\">Peso<\/strong>:105 gramos<\/p>\n<\/li>\n<li class=\"\" data-start=\"1352\" data-end=\"1425\">\n<p class=\"\" data-start=\"1354\" data-end=\"1425\"><strong data-start=\"1354\" data-end=\"1368\">Temperatura<\/strong>: \u201320 \u00b0C a +50 \u00b0C (estado transitorio: \u201320 \u00b0C a +55 \u00b0C)<\/p>\n<\/li>\n<li class=\"\" data-start=\"1426\" data-end=\"1489\">\n<p class=\"\" data-start=\"1428\" data-end=\"1489\"><strong data-start=\"1428\" data-end=\"1441\">Humedad<\/strong>:0% a 95% RH (sin condensaci\u00f3n ni formaci\u00f3n de hielo)<\/p>\n<\/li>\n<li class=\"\" data-start=\"1490\" data-end=\"1510\">\n<p class=\"\" data-start=\"1492\" data-end=\"1510\"><strong data-start=\"1492\" data-end=\"1504\">Clase de IP<\/strong>:IP44<\/p>\n<\/li>\n<li class=\"\" data-start=\"1511\" data-end=\"1549\">\n<p class=\"\" data-start=\"1513\" data-end=\"1549\"><strong data-start=\"1513\" data-end=\"1531\">Compatibilidad<\/strong>:XP95 y Soteria<\/p>\n<\/li>\n<li class=\"\" data-start=\"1550\" data-end=\"1624\">\n<p class=\"\" data-start=\"1552\" data-end=\"1624\"><strong data-start=\"1552\" data-end=\"1579\">Protocolo de comunicaci\u00f3n<\/strong>:Compatible con Discovery, XP95 y CoreProtocol<\/p>\n<\/li>\n<li class=\"\" data-start=\"1625\" data-end=\"1677\">\n<p class=\"\" data-start=\"1627\" data-end=\"1677\"><strong data-start=\"1627\" data-end=\"1645\">Certificaciones<\/strong>: EN 54-5, RCP, LPCB, VdS, BOSEC<\/p>\n<\/li>\n<li class=\"\" data-start=\"1678\" data-end=\"1728\">\n<p class=\"\" data-start=\"1680\" data-end=\"1728\"><strong data-start=\"1680\" data-end=\"1710\">Temperatura m\u00e1xima de almacenamiento<\/strong>:\u201310\u00b0C a +30\u00b0C<\/p>\n<\/li>\n<li class=\"\" data-start=\"1729\" data-end=\"1777\">\n<p class=\"\" data-start=\"1731\" data-end=\"1777\"><strong data-start=\"1731\" data-end=\"1749\">Conexi\u00f3n a tierra<\/strong>:No hay requisitos para una operaci\u00f3n segura<\/p>\n<\/li>\n<li class=\"\" data-start=\"1778\" data-end=\"1824\">\n<p class=\"\" data-start=\"1780\" data-end=\"1824\"><strong data-start=\"1780\" data-end=\"1792\">Material<\/strong>:Policarbonato (retardante de llama)<\/p>\n<\/li>\n<\/ul>","protected":false},"excerpt":{"rendered":"<p>El detector de calor Apollo 58000-400APO Discovery Series es ideal para usar en entornos donde los detectores de humo pueden no ser adecuados, como \u00e1reas sucias o con humo.<\/p>\n<p>Es ideal para almacenes, muelles de carga y estacionamientos y no le afectan ni el viento ni la presi\u00f3n atmosf\u00e9rica.<\/p>","protected":false},"featured_media":149895,"template":"","meta":{"_acf_changed":false},"product_brand":[],"product_cat":[4748],"product_tag":[],"class_list":{"0":"post-149896","1":"product","2":"type-product","3":"status-publish","4":"has-post-thumbnail","6":"product_cat-discovery-serien","7":"pa_brands-apollo-fire-detectors","8":"tm-no-options","10":"first","11":"instock","12":"taxable","13":"shipping-taxable","14":"purchasable","15":"product-type-simple"},"acf":[],"_links":{"self":[{"href":"https:\/\/secureus.se\/es\/wp-json\/wp\/v2\/product\/149896","targetHints":{"allow":["GET"]}}],"collection":[{"href":"https:\/\/secureus.se\/es\/wp-json\/wp\/v2\/product"}],"about":[{"href":"https:\/\/secureus.se\/es\/wp-json\/wp\/v2\/types\/product"}],"wp:featuredmedia":[{"embeddable":true,"href":"https:\/\/secureus.se\/es\/wp-json\/wp\/v2\/media\/149895"}],"wp:attachment":[{"href":"https:\/\/secureus.se\/es\/wp-json\/wp\/v2\/media?parent=149896"}],"wp:term":[{"taxonomy":"product_brand","embeddable":true,"href":"https:\/\/secureus.se\/es\/wp-json\/wp\/v2\/product_brand?post=149896"},{"taxonomy":"product_cat","embeddable":true,"href":"https:\/\/secureus.se\/es\/wp-json\/wp\/v2\/product_cat?post=149896"},{"taxonomy":"product_tag","embeddable":true,"href":"https:\/\/secureus.se\/es\/wp-json\/wp\/v2\/product_tag?post=149896"}],"curies":[{"name":"wp","href":"https:\/\/api.w.org\/{rel}","templated":true}]}}