{"id":149902,"date":"2025-04-03T14:15:36","date_gmt":"2025-04-03T12:15:36","guid":{"rendered":"https:\/\/secureus.se\/apollo-58000-600mar-discovery-series-sil2-marin-optisk-rokdetektor-vit\/"},"modified":"2026-04-16T15:22:34","modified_gmt":"2026-04-16T13:22:34","slug":"apollo-58000-600mar-discovery-series-sil2-marin-optisk-rokdetektor-vit","status":"publish","type":"product","link":"https:\/\/secureus.se\/es\/apollo-58000-600mar-discovery-series-sil2-marin-optisk-rokdetektor-vit\/","title":{"rendered":"Detector \u00f3ptico de humo marino Apollo 58000-600MAR Discovery Series, SIL2, blanco"},"content":{"rendered":"<h1>Detector \u00f3ptico de humo marino Apollo 58000-600MAR Discovery Series, SIL2<\/h1>\n<p class=\"\" data-start=\"417\" data-end=\"742\">El detector de humo \u00f3ptico marino Apollo 58000-600MAR Discovery Series es un detector avanzado que utiliza el principio de dispersi\u00f3n de luz para detectar humo.<\/p>\n<p class=\"\" data-start=\"417\" data-end=\"742\">Es particularmente eficaz en incendios de combusti\u00f3n lenta o sin llama, lo que lo hace perfecto para entornos marinos donde este tipo de incendios son m\u00e1s probables.<\/p>\n<p class=\"\" data-start=\"744\" data-end=\"1066\">El detector est\u00e1 dise\u00f1ado para no verse afectado por el viento ni la presi\u00f3n atmosf\u00e9rica y tiene cinco modos de funcionamiento aprobados seg\u00fan EN54-5, lo que lo hace flexible para una variedad de aplicaciones.<\/p>\n<p class=\"\" data-start=\"744\" data-end=\"1066\">Tambi\u00e9n incluye una funci\u00f3n de rechazo transitorio y tiene una funci\u00f3n de prueba remota para garantizar la funcionalidad durante la operaci\u00f3n.<\/p>\n<p class=\"\" data-start=\"1068\" data-end=\"1088\"><strong data-start=\"1068\" data-end=\"1087\">Presupuesto<\/strong>:<\/p>\n<ul data-start=\"1089\" data-end=\"1903\">\n<li class=\"\" data-start=\"1089\" data-end=\"1116\">\n<p class=\"\" data-start=\"1091\" data-end=\"1116\"><strong data-start=\"1091\" data-end=\"1105\">Fuente de energ\u00eda<\/strong>:17\u201328 V CC<\/p>\n<\/li>\n<li class=\"\" data-start=\"1117\" data-end=\"1144\">\n<p class=\"\" data-start=\"1119\" data-end=\"1144\"><strong data-start=\"1119\" data-end=\"1127\">Medida<\/strong>:\u00d8100 mm x 42 mm<\/p>\n<\/li>\n<li class=\"\" data-start=\"1145\" data-end=\"1160\">\n<p class=\"\" data-start=\"1147\" data-end=\"1160\"><strong data-start=\"1147\" data-end=\"1155\">Pintar<\/strong>: Blanco<\/p>\n<\/li>\n<li class=\"\" data-start=\"1161\" data-end=\"1178\">\n<p class=\"\" data-start=\"1163\" data-end=\"1178\"><strong data-start=\"1163\" data-end=\"1171\">Peso<\/strong>:105 gramos<\/p>\n<\/li>\n<li class=\"\" data-start=\"1179\" data-end=\"1213\">\n<p class=\"\" data-start=\"1181\" data-end=\"1213\"><strong data-start=\"1181\" data-end=\"1195\">Temperatura<\/strong>:\u201340\u00b0C a +70\u00b0C<\/p>\n<\/li>\n<li class=\"\" data-start=\"1214\" data-end=\"1271\">\n<p class=\"\" data-start=\"1216\" data-end=\"1271\"><strong data-start=\"1216\" data-end=\"1229\">Humedad<\/strong>: 0\u201395% RH (sin condensaci\u00f3n ni formaci\u00f3n de hielo)<\/p>\n<\/li>\n<li class=\"\" data-start=\"1272\" data-end=\"1346\">\n<p class=\"\" data-start=\"1274\" data-end=\"1346\"><strong data-start=\"1274\" data-end=\"1301\">Protocolo de comunicaci\u00f3n<\/strong>:Compatible con XP95, Discovery y CoreProtocol<\/p>\n<\/li>\n<li class=\"\" data-start=\"1347\" data-end=\"1385\">\n<p class=\"\" data-start=\"1349\" data-end=\"1385\"><strong data-start=\"1349\" data-end=\"1372\">Medio detectable<\/strong>:Fuego (humo)<\/p>\n<\/li>\n<li class=\"\" data-start=\"1386\" data-end=\"1424\">\n<p class=\"\" data-start=\"1388\" data-end=\"1424\"><strong data-start=\"1388\" data-end=\"1407\">Gas detectable<\/strong>:Mon\u00f3xido de carbono (CO)<\/p>\n<\/li>\n<li class=\"\" data-start=\"1425\" data-end=\"1475\">\n<p class=\"\" data-start=\"1427\" data-end=\"1475\"><strong data-start=\"1427\" data-end=\"1457\">Temperatura m\u00e1xima de almacenamiento<\/strong>:\u201340\u00b0C a +80\u00b0C<\/p>\n<\/li>\n<li class=\"\" data-start=\"1476\" data-end=\"1510\">\n<p class=\"\" data-start=\"1478\" data-end=\"1510\"><strong data-start=\"1478\" data-end=\"1490\">Clase de IP<\/strong>:IP44 (resistente al agua)<\/p>\n<\/li>\n<li class=\"\" data-start=\"1511\" data-end=\"1561\">\n<p class=\"\" data-start=\"1513\" data-end=\"1561\"><strong data-start=\"1513\" data-end=\"1525\">Material<\/strong>:Policarbonato blanco (retardante de llama)<\/p>\n<\/li>\n<li class=\"\" data-start=\"1562\" data-end=\"1646\">\n<p class=\"\" data-start=\"1564\" data-end=\"1646\"><strong data-start=\"1564\" data-end=\"1582\">Certificaciones<\/strong>: EN 54-7, CPR, LPCB, MED, LR, DNV-GL, BV, ABS, CCS, KRS, VNIIPO<\/p>\n<\/li>\n<li class=\"\" data-start=\"1647\" data-end=\"1747\">\n<p class=\"\" data-start=\"1649\" data-end=\"1747\"><strong data-start=\"1649\" data-end=\"1663\">Caracter\u00edsticas<\/strong>: Cinco modos de respuesta, compensaci\u00f3n de deriva, detecci\u00f3n fotoel\u00e9ctrica \u00f3ptica, indicador LED<\/p>\n<\/li>\n<li class=\"\" data-start=\"1748\" data-end=\"1796\">\n<p class=\"\" data-start=\"1750\" data-end=\"1796\"><strong data-start=\"1750\" data-end=\"1768\">Conexi\u00f3n a tierra<\/strong>:No hay requisitos para una operaci\u00f3n segura<\/p>\n<\/li>\n<li class=\"\" data-start=\"1797\" data-end=\"1903\">\n<p class=\"\" data-start=\"1799\" data-end=\"1903\"><strong data-start=\"1799\" data-end=\"1813\">Usar<\/strong>:Para uso en exteriores en aplicaciones marinas como pasillos, rutas de escape y cubiertas interiores.<\/p>\n<\/li>\n<\/ul>","protected":false},"excerpt":{"rendered":"<p>El detector de humo \u00f3ptico marino Apollo 58000-600MAR Discovery Series SIL2 ofrece una detecci\u00f3n confiable de incendios de combusti\u00f3n lenta y sin llama.<\/p>\n<p>Con cinco modos de funcionamiento y compensaci\u00f3n de deriva, garantiza una sensibilidad constante y es ideal para uso en exteriores en aplicaciones marinas.<\/p>","protected":false},"featured_media":149901,"template":"","meta":{"_acf_changed":false},"product_brand":[],"product_cat":[4748],"product_tag":[],"class_list":{"0":"post-149902","1":"product","2":"type-product","3":"status-publish","4":"has-post-thumbnail","6":"product_cat-discovery-serien","7":"pa_brands-apollo-fire-detectors","8":"tm-no-options","10":"first","11":"instock","12":"sale","13":"taxable","14":"shipping-taxable","15":"purchasable","16":"product-type-simple"},"acf":[],"_links":{"self":[{"href":"https:\/\/secureus.se\/es\/wp-json\/wp\/v2\/product\/149902","targetHints":{"allow":["GET"]}}],"collection":[{"href":"https:\/\/secureus.se\/es\/wp-json\/wp\/v2\/product"}],"about":[{"href":"https:\/\/secureus.se\/es\/wp-json\/wp\/v2\/types\/product"}],"wp:featuredmedia":[{"embeddable":true,"href":"https:\/\/secureus.se\/es\/wp-json\/wp\/v2\/media\/149901"}],"wp:attachment":[{"href":"https:\/\/secureus.se\/es\/wp-json\/wp\/v2\/media?parent=149902"}],"wp:term":[{"taxonomy":"product_brand","embeddable":true,"href":"https:\/\/secureus.se\/es\/wp-json\/wp\/v2\/product_brand?post=149902"},{"taxonomy":"product_cat","embeddable":true,"href":"https:\/\/secureus.se\/es\/wp-json\/wp\/v2\/product_cat?post=149902"},{"taxonomy":"product_tag","embeddable":true,"href":"https:\/\/secureus.se\/es\/wp-json\/wp\/v2\/product_tag?post=149902"}],"curies":[{"name":"wp","href":"https:\/\/api.w.org\/{rel}","templated":true}]}}