{"id":149904,"date":"2025-04-03T14:15:36","date_gmt":"2025-04-03T12:15:36","guid":{"rendered":"https:\/\/secureus.se\/apollo-58000-700apo-discovery-series-optisk-och-varmesensor-med-flera-sensorer-vit\/"},"modified":"2026-04-23T13:12:53","modified_gmt":"2026-04-23T11:12:53","slug":"apollo-58000-700apo-discovery-series-optisk-och-varmesensor-med-flera-sensorer-vit","status":"publish","type":"product","link":"https:\/\/secureus.se\/es\/apollo-58000-700apo-discovery-series-optisk-och-varmesensor-med-flera-sensorer-vit\/","title":{"rendered":"Apollo 58000-700APO Discovery Series, sensor \u00f3ptico y t\u00e9rmico multisensor, blanco"},"content":{"rendered":"<h1>Apollo 58000-700APO Discovery Series, sensor \u00f3ptico y t\u00e9rmico multisensor<\/h1>\n<p class=\"\" data-start=\"405\" data-end=\"839\">El detector \u00f3ptico y t\u00e9rmico multisensor Apollo 58000-700APO Discovery Series utiliza sensores \u00f3pticos y t\u00e9rmicos para proporcionar una se\u00f1al combinada y una se\u00f1al t\u00e9rmica separada para gestionar de forma m\u00e1s eficaz las falsas alarmas.<\/p>\n<p class=\"\" data-start=\"405\" data-end=\"839\">El detector es particularmente \u00fatil para aplicaciones donde pueden ocurrir cambios de humo y temperatura simult\u00e1neamente, lo que lo convierte en una excelente opci\u00f3n para entornos como habitaciones de hotel y salas de hospitales.<\/p>\n<p class=\"\" data-start=\"841\" data-end=\"1177\">Est\u00e1 equipado con cinco modos de funcionamiento que permiten ajustar la sensibilidad para adaptarse a diferentes aplicaciones, desde la detecci\u00f3n de humo en entornos comunes hasta el manejo de incendios de combusti\u00f3n lenta o latente.<\/p>\n<p class=\"\" data-start=\"841\" data-end=\"1177\">La compensaci\u00f3n de deriva garantiza que el detector mantenga una sensibilidad constante a lo largo del tiempo y en condiciones ambientales variables.<\/p>\n<p class=\"\" data-start=\"1179\" data-end=\"1199\"><strong data-start=\"1179\" data-end=\"1198\">Presupuesto<\/strong>:<\/p>\n<ul data-start=\"1200\" data-end=\"1774\">\n<li class=\"\" data-start=\"1200\" data-end=\"1227\">\n<p class=\"\" data-start=\"1202\" data-end=\"1227\"><strong data-start=\"1202\" data-end=\"1216\">Fuente de energ\u00eda<\/strong>:17\u201328 V CC<\/p>\n<\/li>\n<li class=\"\" data-start=\"1228\" data-end=\"1255\">\n<p class=\"\" data-start=\"1230\" data-end=\"1255\"><strong data-start=\"1230\" data-end=\"1238\">Medida<\/strong>:\u00d8100mm x 50mm<\/p>\n<\/li>\n<li class=\"\" data-start=\"1256\" data-end=\"1271\">\n<p class=\"\" data-start=\"1258\" data-end=\"1271\"><strong data-start=\"1258\" data-end=\"1266\">Pintar<\/strong>: Blanco<\/p>\n<\/li>\n<li class=\"\" data-start=\"1272\" data-end=\"1289\">\n<p class=\"\" data-start=\"1274\" data-end=\"1289\"><strong data-start=\"1274\" data-end=\"1282\">Peso<\/strong>:105 gramos<\/p>\n<\/li>\n<li class=\"\" data-start=\"1290\" data-end=\"1324\">\n<p class=\"\" data-start=\"1292\" data-end=\"1324\"><strong data-start=\"1292\" data-end=\"1306\">Temperatura<\/strong>:\u201340\u00b0C a +70\u00b0C<\/p>\n<\/li>\n<li class=\"\" data-start=\"1325\" data-end=\"1382\">\n<p class=\"\" data-start=\"1327\" data-end=\"1382\"><strong data-start=\"1327\" data-end=\"1340\">Humedad<\/strong>: 0\u201395% RH (sin condensaci\u00f3n ni formaci\u00f3n de hielo)<\/p>\n<\/li>\n<li class=\"\" data-start=\"1383\" data-end=\"1421\">\n<p class=\"\" data-start=\"1385\" data-end=\"1421\"><strong data-start=\"1385\" data-end=\"1408\">Medio detectable<\/strong>:Fuego (humo)<\/p>\n<\/li>\n<li class=\"\" data-start=\"1422\" data-end=\"1496\">\n<p class=\"\" data-start=\"1424\" data-end=\"1496\"><strong data-start=\"1424\" data-end=\"1451\">Protocolo de comunicaci\u00f3n<\/strong>:Compatible con Discovery, XP95 y CoreProtocol<\/p>\n<\/li>\n<li class=\"\" data-start=\"1497\" data-end=\"1590\">\n<p class=\"\" data-start=\"1499\" data-end=\"1590\"><strong data-start=\"1499\" data-end=\"1513\">Caracter\u00edsticas<\/strong>:Cinco modos de respuesta, detecci\u00f3n fotoel\u00e9ctrica \u00f3ptica, sensor de temperatura de termistor<\/p>\n<\/li>\n<li class=\"\" data-start=\"1591\" data-end=\"1630\">\n<p class=\"\" data-start=\"1593\" data-end=\"1630\"><strong data-start=\"1593\" data-end=\"1604\">Garantizar<\/strong>:Garant\u00eda limitada de 10 a\u00f1os<\/p>\n<\/li>\n<li class=\"\" data-start=\"1631\" data-end=\"1665\">\n<p class=\"\" data-start=\"1633\" data-end=\"1665\"><strong data-start=\"1633\" data-end=\"1645\">Clase de IP<\/strong>:IP44 (resistente al agua)<\/p>\n<\/li>\n<li class=\"\" data-start=\"1666\" data-end=\"1717\">\n<p class=\"\" data-start=\"1668\" data-end=\"1717\"><strong data-start=\"1668\" data-end=\"1686\">Compatibilidad<\/strong>: XP95, Descubrimiento, Protocolo central<\/p>\n<\/li>\n<li class=\"\" data-start=\"1718\" data-end=\"1774\">\n<p class=\"\" data-start=\"1720\" data-end=\"1774\"><strong data-start=\"1720\" data-end=\"1741\">Certificaci\u00f3n ambiental<\/strong>: BOSEC, RCP, LPCB, VdS, SBSC, FG<\/p>\n<\/li>\n<\/ul>","protected":false},"excerpt":{"rendered":"<p>El detector \u00f3ptico y de calor multisensor Apollo 58000-700APO Discovery Series combina detecci\u00f3n \u00f3ptica de humo y sensores de temperatura de termistor para brindar una mejor gesti\u00f3n de falsas alarmas y una detecci\u00f3n confiable en una amplia gama de aplicaciones.<\/p>","protected":false},"featured_media":149903,"template":"","meta":{"_acf_changed":false},"product_brand":[],"product_cat":[4748],"product_tag":[],"class_list":{"0":"post-149904","1":"product","2":"type-product","3":"status-publish","4":"has-post-thumbnail","6":"product_cat-discovery-serien","7":"pa_brands-apollo-fire-detectors","8":"tm-no-options","10":"first","11":"instock","12":"sale","13":"taxable","14":"shipping-taxable","15":"purchasable","16":"product-type-simple"},"acf":[],"_links":{"self":[{"href":"https:\/\/secureus.se\/es\/wp-json\/wp\/v2\/product\/149904","targetHints":{"allow":["GET"]}}],"collection":[{"href":"https:\/\/secureus.se\/es\/wp-json\/wp\/v2\/product"}],"about":[{"href":"https:\/\/secureus.se\/es\/wp-json\/wp\/v2\/types\/product"}],"wp:featuredmedia":[{"embeddable":true,"href":"https:\/\/secureus.se\/es\/wp-json\/wp\/v2\/media\/149903"}],"wp:attachment":[{"href":"https:\/\/secureus.se\/es\/wp-json\/wp\/v2\/media?parent=149904"}],"wp:term":[{"taxonomy":"product_brand","embeddable":true,"href":"https:\/\/secureus.se\/es\/wp-json\/wp\/v2\/product_brand?post=149904"},{"taxonomy":"product_cat","embeddable":true,"href":"https:\/\/secureus.se\/es\/wp-json\/wp\/v2\/product_cat?post=149904"},{"taxonomy":"product_tag","embeddable":true,"href":"https:\/\/secureus.se\/es\/wp-json\/wp\/v2\/product_tag?post=149904"}],"curies":[{"name":"wp","href":"https:\/\/api.w.org\/{rel}","templated":true}]}}