{"id":149906,"date":"2025-04-03T14:12:35","date_gmt":"2025-04-03T12:12:35","guid":{"rendered":"https:\/\/secureus.se\/apollo-55100-021mar-konventionell-manuell-anropssignal-for-sjofarten-en-54-11-certifierad-rod\/"},"modified":"2026-04-23T13:12:53","modified_gmt":"2026-04-23T11:12:53","slug":"apollo-55100-021mar-konventionell-manuell-anropssignal-for-sjofarten-en-54-11-certifierad-rod","status":"publish","type":"product","link":"https:\/\/secureus.se\/es\/apollo-55100-021mar-konventionell-manuell-anropssignal-for-sjofarten-en-54-11-certifierad-rod\/","title":{"rendered":"Apollo 55100-021MAR Indicativo de llamada marino convencional, certificado EN 54-11, rojo"},"content":{"rendered":"<h1>Apollo 55100-021MAR Indicativo de llamada mar\u00edtima convencional manual<\/h1>\n<p class=\"\" data-start=\"403\" data-end=\"825\">El indicativo manual convencional Apollo 55100-021MAR est\u00e1 dise\u00f1ado para su uso en sistemas de detecci\u00f3n de incendios marinos.<\/p>\n<p class=\"\" data-start=\"403\" data-end=\"825\">Tiene un mecanismo f\u00e1cilmente reajustable en lugar de vidrio, lo que lo hace m\u00e1s duradero y seguro para su uso en barcos e instalaciones marinas.<\/p>\n<p class=\"\" data-start=\"403\" data-end=\"825\">El indicativo se suministra con una caja posterior para montaje en superficie y una instalaci\u00f3n \u201cPlug and Play\u201d, lo que hace que el cableado sea r\u00e1pido y eficiente.<\/p>\n<p class=\"\" data-start=\"827\" data-end=\"1168\">Esta unidad est\u00e1 equipada con un enlace de continuidad que permite probar el cable antes de la puesta en servicio, mejorando tanto la seguridad como la eficiencia de la instalaci\u00f3n.<\/p>\n<p class=\"\" data-start=\"827\" data-end=\"1168\">Una vez activada la se\u00f1al de llamada, se puede restablecer insertando una llave de prueba en la parte inferior de la unidad y encajando en su lugar.<\/p>\n<p class=\"\" data-start=\"827\" data-end=\"1168\">El indicador rojo se ilumina cuando el dispositivo est\u00e1 activado.<\/p>\n<p class=\"\" data-start=\"1170\" data-end=\"1327\">Este indicativo est\u00e1 aprobado seg\u00fan la norma EN 54-11 y la Directiva de equipos marinos 96\/98\/EC, lo que lo hace confiable y seguro para su uso en entornos marinos.<\/p>\n<p class=\"\" data-start=\"1329\" data-end=\"1349\"><strong data-start=\"1329\" data-end=\"1348\">Presupuesto<\/strong>:<\/p>\n<ul data-start=\"1350\" data-end=\"1869\">\n<li class=\"\" data-start=\"1350\" data-end=\"1374\">\n<p class=\"\" data-start=\"1352\" data-end=\"1374\"><strong data-start=\"1352\" data-end=\"1366\">Fuente de energ\u00eda<\/strong>:30 V CC<\/p>\n<\/li>\n<li class=\"\" data-start=\"1375\" data-end=\"1402\">\n<p class=\"\" data-start=\"1377\" data-end=\"1402\"><strong data-start=\"1377\" data-end=\"1385\">Medida<\/strong>:93 mm x 59,5 mm<\/p>\n<\/li>\n<li class=\"\" data-start=\"1403\" data-end=\"1418\">\n<p class=\"\" data-start=\"1405\" data-end=\"1418\"><strong data-start=\"1405\" data-end=\"1413\">Pintar<\/strong>: Rojo<\/p>\n<\/li>\n<li class=\"\" data-start=\"1419\" data-end=\"1436\">\n<p class=\"\" data-start=\"1421\" data-end=\"1436\"><strong data-start=\"1421\" data-end=\"1429\">Peso<\/strong>:180 gramos<\/p>\n<\/li>\n<li class=\"\" data-start=\"1437\" data-end=\"1505\">\n<p class=\"\" data-start=\"1439\" data-end=\"1505\"><strong data-start=\"1439\" data-end=\"1453\">Temperatura<\/strong>: Interior \u201310 \u00b0C a +55 \u00b0C, Exterior \u201325 \u00b0C a +70 \u00b0C<\/p>\n<\/li>\n<li class=\"\" data-start=\"1506\" data-end=\"1546\">\n<p class=\"\" data-start=\"1508\" data-end=\"1546\"><strong data-start=\"1508\" data-end=\"1521\">Humedad<\/strong>:0-93% RH (sin condensaci\u00f3n)<\/p>\n<\/li>\n<li class=\"\" data-start=\"1547\" data-end=\"1592\">\n<p class=\"\" data-start=\"1549\" data-end=\"1592\"><strong data-start=\"1549\" data-end=\"1561\">Clase de IP<\/strong>: Interior: IP24D, Exterior: IP67<\/p>\n<\/li>\n<li class=\"\" data-start=\"1593\" data-end=\"1652\">\n<p class=\"\" data-start=\"1595\" data-end=\"1652\"><strong data-start=\"1595\" data-end=\"1607\">Material<\/strong>:Policarbonato o ABS seg\u00fan funci\u00f3n<\/p>\n<\/li>\n<li class=\"\" data-start=\"1653\" data-end=\"1719\">\n<p class=\"\" data-start=\"1655\" data-end=\"1719\"><strong data-start=\"1655\" data-end=\"1673\">Certificaciones<\/strong>: EN54-11, Directiva de equipos marinos 96\/98\/CE<\/p>\n<\/li>\n<li class=\"\" data-start=\"1720\" data-end=\"1766\">\n<p class=\"\" data-start=\"1722\" data-end=\"1766\"><strong data-start=\"1722\" data-end=\"1740\">Compatibilidad<\/strong>Traductor de protocolo XP95<\/p>\n<\/li>\n<li class=\"\" data-start=\"1767\" data-end=\"1829\">\n<p class=\"\" data-start=\"1769\" data-end=\"1829\"><strong data-start=\"1769\" data-end=\"1783\">Caracter\u00edsticas<\/strong>: Reiniciable, &quot;Plug and Play&quot;, Montaje en superficie<\/p>\n<\/li>\n<li class=\"\" data-start=\"1830\" data-end=\"1869\">\n<p class=\"\" data-start=\"1832\" data-end=\"1869\"><strong data-start=\"1832\" data-end=\"1843\">Garantizar<\/strong>:Garant\u00eda limitada de 10 a\u00f1os<\/p>\n<\/li>\n<\/ul>","protected":false},"excerpt":{"rendered":"<p>El indicativo marino manual convencional Apollo 55100-021MAR cuenta con certificaci\u00f3n EN 54-11 y conexiones de terminales \u201cPlug and Play\u201d para una instalaci\u00f3n r\u00e1pida.<\/p>\n<p>Es ideal para aplicaciones marinas y tiene un enlace de continuidad para probar el cable antes de la puesta en servicio.<\/p>","protected":false},"featured_media":149905,"template":"","meta":{"_acf_changed":false},"product_brand":[],"product_cat":[4749,1830,4828],"product_tag":[],"class_list":{"0":"post-149906","1":"product","2":"type-product","3":"status-publish","4":"has-post-thumbnail","6":"product_cat-orbis-serien","7":"product_cat-brandknappar","8":"product_cat-nodknappar","9":"pa_brands-apollo-fire-detectors","10":"tm-no-options","12":"first","13":"onbackorder","14":"sale","15":"taxable","16":"shipping-taxable","17":"purchasable","18":"product-type-simple"},"acf":[],"_links":{"self":[{"href":"https:\/\/secureus.se\/es\/wp-json\/wp\/v2\/product\/149906","targetHints":{"allow":["GET"]}}],"collection":[{"href":"https:\/\/secureus.se\/es\/wp-json\/wp\/v2\/product"}],"about":[{"href":"https:\/\/secureus.se\/es\/wp-json\/wp\/v2\/types\/product"}],"wp:featuredmedia":[{"embeddable":true,"href":"https:\/\/secureus.se\/es\/wp-json\/wp\/v2\/media\/149905"}],"wp:attachment":[{"href":"https:\/\/secureus.se\/es\/wp-json\/wp\/v2\/media?parent=149906"}],"wp:term":[{"taxonomy":"product_brand","embeddable":true,"href":"https:\/\/secureus.se\/es\/wp-json\/wp\/v2\/product_brand?post=149906"},{"taxonomy":"product_cat","embeddable":true,"href":"https:\/\/secureus.se\/es\/wp-json\/wp\/v2\/product_cat?post=149906"},{"taxonomy":"product_tag","embeddable":true,"href":"https:\/\/secureus.se\/es\/wp-json\/wp\/v2\/product_tag?post=149906"}],"curies":[{"name":"wp","href":"https:\/\/api.w.org\/{rel}","templated":true}]}}