{"id":149908,"date":"2025-04-03T14:12:32","date_gmt":"2025-04-03T12:12:32","guid":{"rendered":"https:\/\/secureus.se\/apollo-pp2620-orbis-series-optisk-och-varmekanslig-multisensordetektor\/"},"modified":"2026-04-23T13:13:03","modified_gmt":"2026-04-23T11:13:03","slug":"apollo-pp2620-orbis-series-optisk-och-varmekanslig-multisensordetektor","status":"publish","type":"product","link":"https:\/\/secureus.se\/es\/apollo-pp2620-orbis-series-optisk-och-varmekanslig-multisensordetektor\/","title":{"rendered":"Detector multisensor \u00f3ptico y t\u00e9rmico Apollo PP2620 Orbis Series"},"content":{"rendered":"<h1>Detector multisensor \u00f3ptico y t\u00e9rmico Apollo PP2620 Orbis Series<\/h1>\n<p class=\"\" data-start=\"430\" data-end=\"837\">El detector \u00f3ptico y de calor multisensor Apollo PP2620 Orbis Series es un detector de incendios innovador que utiliza detecci\u00f3n \u00f3ptica de humo y un sensor de temperatura de termistor para proporcionar una se\u00f1al combinada y separada para se\u00f1ales de calor.<\/p>\n<p class=\"\" data-start=\"430\" data-end=\"837\">Esto permite que el detector gestione eficazmente las falsas alarmas, especialmente en entornos donde pueden producirse cambios simult\u00e1neos de humo y temperatura.<\/p>\n<p class=\"\" data-start=\"839\" data-end=\"1189\">Este detector tiene algoritmos de rechazo transitorio, lo que reduce el riesgo de falsas alarmas y garantiza una detecci\u00f3n de incendios confiable y efectiva.<\/p>\n<p class=\"\" data-start=\"839\" data-end=\"1189\">La compensaci\u00f3n de deriva, incluido DirtAlert (un LED amarillo intermitente), facilita la identificaci\u00f3n de cu\u00e1ndo el detector necesita limpieza y garantiza una sensibilidad constante incluso cuando el detector se ensucia.<\/p>\n<p class=\"\" data-start=\"1191\" data-end=\"1211\"><strong data-start=\"1191\" data-end=\"1210\">Presupuesto<\/strong>:<\/p>\n<ul data-start=\"1212\" data-end=\"1695\">\n<li class=\"\" data-start=\"1212\" data-end=\"1239\">\n<p class=\"\" data-start=\"1214\" data-end=\"1239\"><strong data-start=\"1214\" data-end=\"1228\">Fuente de energ\u00eda<\/strong>:17\u201328 V CC<\/p>\n<\/li>\n<li class=\"\" data-start=\"1240\" data-end=\"1268\">\n<p class=\"\" data-start=\"1242\" data-end=\"1268\"><strong data-start=\"1242\" data-end=\"1250\">Medida<\/strong>: \u00d897 mm x 41,9 mm<\/p>\n<\/li>\n<li class=\"\" data-start=\"1269\" data-end=\"1287\">\n<p class=\"\" data-start=\"1271\" data-end=\"1287\"><strong data-start=\"1271\" data-end=\"1279\">Pintar<\/strong>: Plata<\/p>\n<\/li>\n<li class=\"\" data-start=\"1288\" data-end=\"1306\">\n<p class=\"\" data-start=\"1290\" data-end=\"1306\"><strong data-start=\"1290\" data-end=\"1298\">Peso<\/strong>:81,6 gramos<\/p>\n<\/li>\n<li class=\"\" data-start=\"1307\" data-end=\"1341\">\n<p class=\"\" data-start=\"1309\" data-end=\"1341\"><strong data-start=\"1309\" data-end=\"1323\">Temperatura<\/strong>:\u201340\u00b0C a +70\u00b0C<\/p>\n<\/li>\n<li class=\"\" data-start=\"1342\" data-end=\"1382\">\n<p class=\"\" data-start=\"1344\" data-end=\"1382\"><strong data-start=\"1344\" data-end=\"1357\">Humedad<\/strong>: 0\u201395% RH (sin condensaci\u00f3n)<\/p>\n<\/li>\n<li class=\"\" data-start=\"1383\" data-end=\"1421\">\n<p class=\"\" data-start=\"1385\" data-end=\"1421\"><strong data-start=\"1385\" data-end=\"1408\">Medio detectable<\/strong>:Fuego (humo)<\/p>\n<\/li>\n<li class=\"\" data-start=\"1422\" data-end=\"1467\">\n<p class=\"\" data-start=\"1424\" data-end=\"1467\"><strong data-start=\"1424\" data-end=\"1444\">Tecnolog\u00eda de detecci\u00f3n<\/strong>: \u00d3ptico, fotoel\u00e9ctrico<\/p>\n<\/li>\n<li class=\"\" data-start=\"1468\" data-end=\"1552\">\n<p class=\"\" data-start=\"1470\" data-end=\"1552\"><strong data-start=\"1470\" data-end=\"1484\">Caracter\u00edsticas<\/strong>: Cinco modos de respuesta, compensaci\u00f3n de deriva, DirtAlert, FasTest (4 segundos)<\/p>\n<\/li>\n<li class=\"\" data-start=\"1553\" data-end=\"1592\">\n<p class=\"\" data-start=\"1555\" data-end=\"1592\"><strong data-start=\"1555\" data-end=\"1566\">Garantizar<\/strong>:Garant\u00eda limitada de 10 a\u00f1os<\/p>\n<\/li>\n<li class=\"\" data-start=\"1593\" data-end=\"1613\">\n<p class=\"\" data-start=\"1595\" data-end=\"1613\"><strong data-start=\"1595\" data-end=\"1607\">Clase de IP<\/strong>:IP44<\/p>\n<\/li>\n<li class=\"\" data-start=\"1614\" data-end=\"1695\">\n<p class=\"\" data-start=\"1616\" data-end=\"1695\"><strong data-start=\"1616\" data-end=\"1634\">Compatibilidad<\/strong>:Serie Apollo 65 y series de detectores convencionales anteriores<\/p>\n<\/li>\n<\/ul>","protected":false},"excerpt":{"rendered":"<p>El detector \u00f3ptico y de calor multisensor Apollo PP2620 Orbis Series combina detecci\u00f3n \u00f3ptica de humo y sensores de temperatura de termistor para mejorar la detecci\u00f3n de incendios y minimizar las falsas alarmas.<\/p>\n<p>Es ideal para una amplia gama de aplicaciones y cuenta con compensaci\u00f3n autom\u00e1tica de deriva.<\/p>","protected":false},"featured_media":149907,"template":"","meta":{"_acf_changed":false},"product_brand":[],"product_cat":[4749,3373,4157],"product_tag":[],"class_list":{"0":"post-149908","1":"product","2":"type-product","3":"status-publish","4":"has-post-thumbnail","6":"product_cat-orbis-serien","7":"product_cat-rokdetektorer","8":"product_cat-varmedetektor","9":"pa_brands-apollo-fire-detectors","10":"tm-no-options","12":"first","13":"instock","14":"sale","15":"taxable","16":"shipping-taxable","17":"purchasable","18":"product-type-simple"},"acf":[],"_links":{"self":[{"href":"https:\/\/secureus.se\/es\/wp-json\/wp\/v2\/product\/149908","targetHints":{"allow":["GET"]}}],"collection":[{"href":"https:\/\/secureus.se\/es\/wp-json\/wp\/v2\/product"}],"about":[{"href":"https:\/\/secureus.se\/es\/wp-json\/wp\/v2\/types\/product"}],"wp:featuredmedia":[{"embeddable":true,"href":"https:\/\/secureus.se\/es\/wp-json\/wp\/v2\/media\/149907"}],"wp:attachment":[{"href":"https:\/\/secureus.se\/es\/wp-json\/wp\/v2\/media?parent=149908"}],"wp:term":[{"taxonomy":"product_brand","embeddable":true,"href":"https:\/\/secureus.se\/es\/wp-json\/wp\/v2\/product_brand?post=149908"},{"taxonomy":"product_cat","embeddable":true,"href":"https:\/\/secureus.se\/es\/wp-json\/wp\/v2\/product_cat?post=149908"},{"taxonomy":"product_tag","embeddable":true,"href":"https:\/\/secureus.se\/es\/wp-json\/wp\/v2\/product_tag?post=149908"}],"curies":[{"name":"wp","href":"https:\/\/api.w.org\/{rel}","templated":true}]}}