{"id":149977,"date":"2025-04-03T14:12:31","date_gmt":"2025-04-03T12:12:31","guid":{"rendered":"https:\/\/secureus.se\/apollo-pp5021-orbis-serie-marin-optisk-rokdetektor-vit\/"},"modified":"2026-04-23T13:13:03","modified_gmt":"2026-04-23T11:13:03","slug":"apollo-pp5021-orbis-serie-marin-optisk-rokdetektor-vit","status":"publish","type":"product","link":"https:\/\/secureus.se\/es\/apollo-pp5021-orbis-serie-marin-optisk-rokdetektor-vit\/","title":{"rendered":"Detector \u00f3ptico de humo marino Apollo PP5021 Orbis, color blanco"},"content":{"rendered":"<h1>Detector \u00f3ptico de humo marino Apollo PP5021 Orbis Series<\/h1>\n<p class=\"\" data-start=\"383\" data-end=\"834\">El detector de humo \u00f3ptico marino Apollo PP5021 Orbis Series se basa en el principio de dispersi\u00f3n de luz para medir part\u00edculas de humo en el aire.<\/p>\n<p class=\"\" data-start=\"383\" data-end=\"834\">Este detector tiene un dise\u00f1o innovador que lo hace m\u00e1s sensible al humo negro, mejorando su rendimiento en comparaci\u00f3n con los detectores de humo \u00f3pticos tradicionales.<\/p>\n<p class=\"\" data-start=\"383\" data-end=\"834\">Tambi\u00e9n cuenta con algoritmos avanzados para reducir el riesgo de falsas alarmas al rechazar transitorios y manejar incendios de combusti\u00f3n lenta.<\/p>\n<p class=\"\" data-start=\"836\" data-end=\"1177\">Con tecnolog\u00eda de detecci\u00f3n estable y confiable y un LED intermitente que proporciona informaci\u00f3n de estado, este detector es ideal para entornos marinos donde la detecci\u00f3n precisa de humo es fundamental.<\/p>\n<p class=\"\" data-start=\"836\" data-end=\"1177\">Est\u00e1 certificado seg\u00fan varios est\u00e1ndares internacionales y tiene caracter\u00edsticas como DirtAlert y SensAlert para indicar la necesidad de limpieza o pruebas de funcionamiento.<\/p>\n<p class=\"\" data-start=\"1179\" data-end=\"1199\"><strong data-start=\"1179\" data-end=\"1198\">Presupuesto<\/strong>:<\/p>\n<ul data-start=\"1200\" data-end=\"1712\">\n<li class=\"\" data-start=\"1200\" data-end=\"1224\">\n<p class=\"\" data-start=\"1202\" data-end=\"1224\"><strong data-start=\"1202\" data-end=\"1216\">Fuente de energ\u00eda<\/strong>:33 V CC<\/p>\n<\/li>\n<li class=\"\" data-start=\"1225\" data-end=\"1251\">\n<p class=\"\" data-start=\"1227\" data-end=\"1251\"><strong data-start=\"1227\" data-end=\"1235\">Medida<\/strong>: \u00d897 mm x 31 mm<\/p>\n<\/li>\n<li class=\"\" data-start=\"1252\" data-end=\"1267\">\n<p class=\"\" data-start=\"1254\" data-end=\"1267\"><strong data-start=\"1254\" data-end=\"1262\">Pintar<\/strong>: Blanco<\/p>\n<\/li>\n<li class=\"\" data-start=\"1268\" data-end=\"1284\">\n<p class=\"\" data-start=\"1270\" data-end=\"1284\"><strong data-start=\"1270\" data-end=\"1278\">Peso<\/strong>:75 gramos<\/p>\n<\/li>\n<li class=\"\" data-start=\"1285\" data-end=\"1319\">\n<p class=\"\" data-start=\"1287\" data-end=\"1319\"><strong data-start=\"1287\" data-end=\"1301\">Temperatura<\/strong>:\u201340\u00b0C a +70\u00b0C<\/p>\n<\/li>\n<li class=\"\" data-start=\"1320\" data-end=\"1360\">\n<p class=\"\" data-start=\"1322\" data-end=\"1360\"><strong data-start=\"1322\" data-end=\"1335\">Humedad<\/strong>: 0\u201398% RH (sin condensaci\u00f3n)<\/p>\n<\/li>\n<li class=\"\" data-start=\"1361\" data-end=\"1399\">\n<p class=\"\" data-start=\"1363\" data-end=\"1399\"><strong data-start=\"1363\" data-end=\"1386\">Medio detectable<\/strong>:Fuego (humo)<\/p>\n<\/li>\n<li class=\"\" data-start=\"1400\" data-end=\"1455\">\n<p class=\"\" data-start=\"1402\" data-end=\"1455\"><strong data-start=\"1402\" data-end=\"1422\">Tecnolog\u00eda de detecci\u00f3n<\/strong>: Infrarrojos, \u00f3pticos, fotoel\u00e9ctricos<\/p>\n<\/li>\n<li class=\"\" data-start=\"1456\" data-end=\"1503\">\n<p class=\"\" data-start=\"1458\" data-end=\"1503\"><strong data-start=\"1458\" data-end=\"1472\">Caracter\u00edsticas<\/strong>: Alerta de suciedad, Alerta Sens, Prueba r\u00e1pida<\/p>\n<\/li>\n<li class=\"\" data-start=\"1504\" data-end=\"1568\">\n<p class=\"\" data-start=\"1506\" data-end=\"1568\"><strong data-start=\"1506\" data-end=\"1524\">Certificaciones<\/strong>: EN54-7, MED, BV, ABS, CCS, CRS, DNV.GL, LR<\/p>\n<\/li>\n<li class=\"\" data-start=\"1569\" data-end=\"1650\">\n<p class=\"\" data-start=\"1571\" data-end=\"1650\"><strong data-start=\"1571\" data-end=\"1589\">Compatibilidad<\/strong>:Serie Apollo 65 y series de detectores convencionales anteriores<\/p>\n<\/li>\n<li class=\"\" data-start=\"1651\" data-end=\"1672\">\n<p class=\"\" data-start=\"1653\" data-end=\"1672\"><strong data-start=\"1653\" data-end=\"1665\">Clase de IP<\/strong>:IP23D<\/p>\n<\/li>\n<li class=\"\" data-start=\"1673\" data-end=\"1712\">\n<p class=\"\" data-start=\"1675\" data-end=\"1712\"><strong data-start=\"1675\" data-end=\"1686\">Garantizar<\/strong>:Garant\u00eda limitada de 10 a\u00f1os<\/p>\n<\/li>\n<\/ul>","protected":false},"excerpt":{"rendered":"<p>El detector de humo \u00f3ptico marino Apollo PP5021 Orbis Series es un dispositivo avanzado que utiliza el principio de dispersi\u00f3n de luz para proporcionar una detecci\u00f3n confiable de humo.<\/p>\n<p>Reduce el riesgo de falsas alarmas gracias a una tecnolog\u00eda mejorada y es ideal para su uso en entornos marinos.<\/p>","protected":false},"featured_media":149976,"template":"","meta":{"_acf_changed":false},"product_brand":[],"product_cat":[4749,3373],"product_tag":[],"class_list":{"0":"post-149977","1":"product","2":"type-product","3":"status-publish","4":"has-post-thumbnail","6":"product_cat-orbis-serien","7":"product_cat-rokdetektorer","8":"pa_brands-apollo-fire-detectors","9":"tm-no-options","11":"first","12":"instock","13":"sale","14":"taxable","15":"shipping-taxable","16":"purchasable","17":"product-type-simple"},"acf":[],"_links":{"self":[{"href":"https:\/\/secureus.se\/es\/wp-json\/wp\/v2\/product\/149977","targetHints":{"allow":["GET"]}}],"collection":[{"href":"https:\/\/secureus.se\/es\/wp-json\/wp\/v2\/product"}],"about":[{"href":"https:\/\/secureus.se\/es\/wp-json\/wp\/v2\/types\/product"}],"wp:featuredmedia":[{"embeddable":true,"href":"https:\/\/secureus.se\/es\/wp-json\/wp\/v2\/media\/149976"}],"wp:attachment":[{"href":"https:\/\/secureus.se\/es\/wp-json\/wp\/v2\/media?parent=149977"}],"wp:term":[{"taxonomy":"product_brand","embeddable":true,"href":"https:\/\/secureus.se\/es\/wp-json\/wp\/v2\/product_brand?post=149977"},{"taxonomy":"product_cat","embeddable":true,"href":"https:\/\/secureus.se\/es\/wp-json\/wp\/v2\/product_cat?post=149977"},{"taxonomy":"product_tag","embeddable":true,"href":"https:\/\/secureus.se\/es\/wp-json\/wp\/v2\/product_tag?post=149977"}],"curies":[{"name":"wp","href":"https:\/\/api.w.org\/{rel}","templated":true}]}}