{"id":149979,"date":"2025-04-03T14:11:22","date_gmt":"2025-04-03T12:11:22","guid":{"rendered":"https:\/\/secureus.se\/apollo-orb-ht-41018-mar-orbis-series-cs-marin-varmedetektor-med-blinkande-led-vit\/"},"modified":"2026-04-16T15:29:14","modified_gmt":"2026-04-16T13:29:14","slug":"apollo-orb-ht-41018-mar-orbis-series-cs-marin-varmedetektor-med-blinkande-led-vit","status":"publish","type":"product","link":"https:\/\/secureus.se\/es\/apollo-orb-ht-41018-mar-orbis-series-cs-marin-varmedetektor-med-blinkande-led-vit\/","title":{"rendered":"Detector de calor marino Apollo ORB-HT-41018-MAR Orbis Serie CS con LED intermitente, blanco"},"content":{"rendered":"<h1>Detector de calor marino Apollo ORB-HT-41018-MAR Orbis Serie CS con LED intermitente<\/h1>\n<p class=\"\" data-start=\"445\" data-end=\"922\">El detector de calor marino Apollo ORB-HT-41018-MAR Orbis Serie CS es un sensor de calor que utiliza un termistor para monitorear la temperatura del aire ambiente.<\/p>\n<p class=\"\" data-start=\"445\" data-end=\"922\">Es especialmente \u00fatil en entornos donde los detectores de humo no son adecuados, como \u00e1reas sucias o con humo, as\u00ed como para uso marino.<\/p>\n<p class=\"\" data-start=\"445\" data-end=\"922\">Este detector es una opci\u00f3n ideal para habitaciones de hotel, salas de hospitales y otras \u00e1reas donde el monitoreo preciso de la temperatura es esencial para garantizar la seguridad.<\/p>\n<p class=\"\" data-start=\"924\" data-end=\"1187\">Con LED intermitentes que advierten de la necesidad de limpieza o cuando la compensaci\u00f3n de deriva ha llegado a su l\u00edmite, este detector facilita su mantenimiento en \u00f3ptimas condiciones.<\/p>\n<p class=\"\" data-start=\"924\" data-end=\"1187\">Tambi\u00e9n es compatible con la mayor\u00eda de los sistemas convencionales y se puede conectar a cables de dos hilos.<\/p>\n<p class=\"\" data-start=\"1189\" data-end=\"1209\"><strong data-start=\"1189\" data-end=\"1208\">Presupuesto<\/strong>:<\/p>\n<ul data-start=\"1210\" data-end=\"1841\">\n<li class=\"\" data-start=\"1210\" data-end=\"1236\">\n<p class=\"\" data-start=\"1212\" data-end=\"1236\"><strong data-start=\"1212\" data-end=\"1226\">Fuente de energ\u00eda<\/strong>:5\u201333 V CC<\/p>\n<\/li>\n<li class=\"\" data-start=\"1237\" data-end=\"1263\">\n<p class=\"\" data-start=\"1239\" data-end=\"1263\"><strong data-start=\"1239\" data-end=\"1247\">Medida<\/strong>: \u00d897 mm x 36 mm<\/p>\n<\/li>\n<li class=\"\" data-start=\"1264\" data-end=\"1279\">\n<p class=\"\" data-start=\"1266\" data-end=\"1279\"><strong data-start=\"1266\" data-end=\"1274\">Pintar<\/strong>: Blanco<\/p>\n<\/li>\n<li class=\"\" data-start=\"1280\" data-end=\"1296\">\n<p class=\"\" data-start=\"1282\" data-end=\"1296\"><strong data-start=\"1282\" data-end=\"1290\">Peso<\/strong>:80 gramos<\/p>\n<\/li>\n<li class=\"\" data-start=\"1297\" data-end=\"1331\">\n<p class=\"\" data-start=\"1299\" data-end=\"1331\"><strong data-start=\"1299\" data-end=\"1313\">Temperatura<\/strong>:\u201340\u00b0C a +70\u00b0C<\/p>\n<\/li>\n<li class=\"\" data-start=\"1332\" data-end=\"1357\">\n<p class=\"\" data-start=\"1334\" data-end=\"1357\"><strong data-start=\"1334\" data-end=\"1347\">Humedad<\/strong>: 0\u201398% RH<\/p>\n<\/li>\n<li class=\"\" data-start=\"1358\" data-end=\"1398\">\n<p class=\"\" data-start=\"1360\" data-end=\"1398\"><strong data-start=\"1360\" data-end=\"1383\">Medio detectable<\/strong>:Fuego (Calor)<\/p>\n<\/li>\n<li class=\"\" data-start=\"1399\" data-end=\"1446\">\n<p class=\"\" data-start=\"1401\" data-end=\"1446\"><strong data-start=\"1401\" data-end=\"1421\">Tecnolog\u00eda de detecci\u00f3n<\/strong>: Termistor (sensor de calor)<\/p>\n<\/li>\n<li class=\"\" data-start=\"1447\" data-end=\"1565\">\n<p class=\"\" data-start=\"1449\" data-end=\"1565\"><strong data-start=\"1449\" data-end=\"1463\">Caracter\u00edsticas<\/strong>: DirtAlert (para indicaci\u00f3n de limpieza), SensAlert (para problemas de funcionamiento), LED intermitente para estado visual<\/p>\n<\/li>\n<li class=\"\" data-start=\"1566\" data-end=\"1647\">\n<p class=\"\" data-start=\"1568\" data-end=\"1647\"><strong data-start=\"1568\" data-end=\"1586\">Compatibilidad<\/strong>:Serie Apollo 65 y series de detectores convencionales anteriores<\/p>\n<\/li>\n<li class=\"\" data-start=\"1648\" data-end=\"1687\">\n<p class=\"\" data-start=\"1650\" data-end=\"1687\"><strong data-start=\"1650\" data-end=\"1661\">Garantizar<\/strong>:Garant\u00eda limitada de 10 a\u00f1os<\/p>\n<\/li>\n<li class=\"\" data-start=\"1688\" data-end=\"1779\">\n<p class=\"\" data-start=\"1690\" data-end=\"1779\"><strong data-start=\"1690\" data-end=\"1702\">Clase de IP<\/strong>:IP23D (Protegido contra la entrada de objetos mayores a 12 mm y goteo de agua)<\/p>\n<\/li>\n<li class=\"\" data-start=\"1780\" data-end=\"1841\">\n<p class=\"\" data-start=\"1782\" data-end=\"1841\"><strong data-start=\"1782\" data-end=\"1800\">Certificaciones<\/strong>: EN 54-5, MED, DNV-GL, BV, CCS, KRS, CRS<\/p>\n<\/li>\n<\/ul>","protected":false},"excerpt":{"rendered":"<p>El detector de calor marino Apollo ORB-HT-41018-MAR Orbis Serie CS con LED intermitente est\u00e1 dise\u00f1ado para su uso en entornos marinos donde los detectores de humo no son adecuados.<\/p>\n<p>Tiene una alta sensibilidad a los cambios de temperatura e incluye caracter\u00edsticas para mejorar la confiabilidad operativa y reducir las falsas alarmas.<\/p>","protected":false},"featured_media":149978,"template":"","meta":{"_acf_changed":false},"product_brand":[],"product_cat":[4749,4157],"product_tag":[],"class_list":{"0":"post-149979","1":"product","2":"type-product","3":"status-publish","4":"has-post-thumbnail","6":"product_cat-orbis-serien","7":"product_cat-varmedetektor","8":"pa_brands-apollo-fire-detectors","9":"tm-no-options","11":"first","12":"instock","13":"sale","14":"taxable","15":"shipping-taxable","16":"purchasable","17":"product-type-simple"},"acf":[],"_links":{"self":[{"href":"https:\/\/secureus.se\/es\/wp-json\/wp\/v2\/product\/149979","targetHints":{"allow":["GET"]}}],"collection":[{"href":"https:\/\/secureus.se\/es\/wp-json\/wp\/v2\/product"}],"about":[{"href":"https:\/\/secureus.se\/es\/wp-json\/wp\/v2\/types\/product"}],"wp:featuredmedia":[{"embeddable":true,"href":"https:\/\/secureus.se\/es\/wp-json\/wp\/v2\/media\/149978"}],"wp:attachment":[{"href":"https:\/\/secureus.se\/es\/wp-json\/wp\/v2\/media?parent=149979"}],"wp:term":[{"taxonomy":"product_brand","embeddable":true,"href":"https:\/\/secureus.se\/es\/wp-json\/wp\/v2\/product_brand?post=149979"},{"taxonomy":"product_cat","embeddable":true,"href":"https:\/\/secureus.se\/es\/wp-json\/wp\/v2\/product_cat?post=149979"},{"taxonomy":"product_tag","embeddable":true,"href":"https:\/\/secureus.se\/es\/wp-json\/wp\/v2\/product_tag?post=149979"}],"curies":[{"name":"wp","href":"https:\/\/api.w.org\/{rel}","templated":true}]}}