{"id":149981,"date":"2025-04-03T14:11:21","date_gmt":"2025-04-03T12:11:21","guid":{"rendered":"https:\/\/secureus.se\/apollo-orb-ht-41004-mar-orbis-series-bs-marin-varmedetektor-vit\/"},"modified":"2026-04-23T13:14:13","modified_gmt":"2026-04-23T11:14:13","slug":"apollo-orb-ht-41004-mar-orbis-series-bs-marin-varmedetektor-vit","status":"publish","type":"product","link":"https:\/\/secureus.se\/es\/apollo-orb-ht-41004-mar-orbis-series-bs-marin-varmedetektor-vit\/","title":{"rendered":"Detector de calor marino Apollo ORB-HT-41004-MAR Orbis Serie BS, blanco"},"content":{"rendered":"<h1>Detector de calor marino Apollo ORB-HT-41004-MAR Orbis Serie BS<\/h1>\n<p class=\"\" data-start=\"404\" data-end=\"744\">El detector de calor marino Apollo ORB-HT-41004-MAR Orbis Serie BS est\u00e1 dise\u00f1ado para funcionar en entornos donde los detectores de humo no son adecuados, particularmente en \u00e1reas sucias o con humo.<\/p>\n<p class=\"\" data-start=\"404\" data-end=\"744\">Utiliza un termistor para medir la temperatura del aire cada segundo y compara estos valores con l\u00edmites preestablecidos para detectar incendios.<\/p>\n<p class=\"\" data-start=\"746\" data-end=\"1072\">Con un LED rojo parpadeante al iniciarse, el detector confirma que est\u00e1 operativo y funciona eficazmente.<\/p>\n<p class=\"\" data-start=\"746\" data-end=\"1072\">Para mejorar la confiabilidad y reducir el riesgo de falsas alarmas, el detector est\u00e1 equipado con algoritmos que manejan transitorios y compensaci\u00f3n de deriva, as\u00ed como DirtAlert, que alerta a los usuarios cuando el detector necesita mantenimiento.<\/p>\n<p class=\"\" data-start=\"1074\" data-end=\"1223\">El detector es parte de la serie Orbis Marine, que est\u00e1 dise\u00f1ada espec\u00edficamente para entornos marinos y tiene una clasificaci\u00f3n IP23D de protecci\u00f3n contra la entrada de agua.<\/p>\n<p class=\"\" data-start=\"1225\" data-end=\"1245\"><strong data-start=\"1225\" data-end=\"1244\">Presupuesto<\/strong>:<\/p>\n<ul data-start=\"1246\" data-end=\"1751\">\n<li class=\"\" data-start=\"1246\" data-end=\"1272\">\n<p class=\"\" data-start=\"1248\" data-end=\"1272\"><strong data-start=\"1248\" data-end=\"1262\">Fuente de energ\u00eda<\/strong>:5\u201333 V CC<\/p>\n<\/li>\n<li class=\"\" data-start=\"1273\" data-end=\"1299\">\n<p class=\"\" data-start=\"1275\" data-end=\"1299\"><strong data-start=\"1275\" data-end=\"1283\">Medida<\/strong>: \u00d897 mm x 36 mm<\/p>\n<\/li>\n<li class=\"\" data-start=\"1300\" data-end=\"1315\">\n<p class=\"\" data-start=\"1302\" data-end=\"1315\"><strong data-start=\"1302\" data-end=\"1310\">Pintar<\/strong>: Blanco<\/p>\n<\/li>\n<li class=\"\" data-start=\"1316\" data-end=\"1332\">\n<p class=\"\" data-start=\"1318\" data-end=\"1332\"><strong data-start=\"1318\" data-end=\"1326\">Peso<\/strong>:70 gramos<\/p>\n<\/li>\n<li class=\"\" data-start=\"1333\" data-end=\"1367\">\n<p class=\"\" data-start=\"1335\" data-end=\"1367\"><strong data-start=\"1335\" data-end=\"1349\">Temperatura<\/strong>:\u201340\u00b0C a +70\u00b0C<\/p>\n<\/li>\n<li class=\"\" data-start=\"1368\" data-end=\"1408\">\n<p class=\"\" data-start=\"1370\" data-end=\"1408\"><strong data-start=\"1370\" data-end=\"1383\">Humedad<\/strong>: 0\u201398% RH (sin condensaci\u00f3n)<\/p>\n<\/li>\n<li class=\"\" data-start=\"1409\" data-end=\"1449\">\n<p class=\"\" data-start=\"1411\" data-end=\"1449\"><strong data-start=\"1411\" data-end=\"1434\">Medio detectable<\/strong>:Fuego (Calor)<\/p>\n<\/li>\n<li class=\"\" data-start=\"1450\" data-end=\"1483\">\n<p class=\"\" data-start=\"1452\" data-end=\"1483\"><strong data-start=\"1452\" data-end=\"1472\">Tecnolog\u00eda de detecci\u00f3n<\/strong>: Termistor<\/p>\n<\/li>\n<li class=\"\" data-start=\"1484\" data-end=\"1546\">\n<p class=\"\" data-start=\"1486\" data-end=\"1546\"><strong data-start=\"1486\" data-end=\"1500\">Caracter\u00edsticas<\/strong>: DirtAlert, SensAlert, LED parpadeante, FasTest<\/p>\n<\/li>\n<li class=\"\" data-start=\"1547\" data-end=\"1607\">\n<p class=\"\" data-start=\"1549\" data-end=\"1607\"><strong data-start=\"1549\" data-end=\"1567\">Certificaciones<\/strong>: EN54-5, MED, DNV.GL, BV, CCS, KRS, CRS<\/p>\n<\/li>\n<li class=\"\" data-start=\"1608\" data-end=\"1689\">\n<p class=\"\" data-start=\"1610\" data-end=\"1689\"><strong data-start=\"1610\" data-end=\"1628\">Compatibilidad<\/strong>:Serie Apollo 65 y series de detectores convencionales anteriores<\/p>\n<\/li>\n<li class=\"\" data-start=\"1690\" data-end=\"1711\">\n<p class=\"\" data-start=\"1692\" data-end=\"1711\"><strong data-start=\"1692\" data-end=\"1704\">Clase de IP<\/strong>:IP23D<\/p>\n<\/li>\n<li class=\"\" data-start=\"1712\" data-end=\"1751\">\n<p class=\"\" data-start=\"1714\" data-end=\"1751\"><strong data-start=\"1714\" data-end=\"1725\">Garantizar<\/strong>:Garant\u00eda limitada de 10 a\u00f1os<\/p>\n<\/li>\n<\/ul>","protected":false},"excerpt":{"rendered":"<p>El detector de calor marino Apollo ORB-HT-41004-MAR Orbis Serie BS con LED intermitente es una soluci\u00f3n confiable para detectar aumentos de temperatura en entornos donde los detectores de humo no son adecuados.<\/p>\n<p>Tiene un sistema de sensor de calor eficaz y proporciona informaci\u00f3n visual a trav\u00e9s de un LED rojo intermitente.<\/p>","protected":false},"featured_media":149980,"template":"","meta":{"_acf_changed":false},"product_brand":[],"product_cat":[4749,4157],"product_tag":[],"class_list":{"0":"post-149981","1":"product","2":"type-product","3":"status-publish","4":"has-post-thumbnail","6":"product_cat-orbis-serien","7":"product_cat-varmedetektor","8":"pa_brands-apollo-fire-detectors","9":"tm-no-options","11":"first","12":"instock","13":"taxable","14":"shipping-taxable","15":"purchasable","16":"product-type-simple"},"acf":[],"_links":{"self":[{"href":"https:\/\/secureus.se\/es\/wp-json\/wp\/v2\/product\/149981","targetHints":{"allow":["GET"]}}],"collection":[{"href":"https:\/\/secureus.se\/es\/wp-json\/wp\/v2\/product"}],"about":[{"href":"https:\/\/secureus.se\/es\/wp-json\/wp\/v2\/types\/product"}],"wp:featuredmedia":[{"embeddable":true,"href":"https:\/\/secureus.se\/es\/wp-json\/wp\/v2\/media\/149980"}],"wp:attachment":[{"href":"https:\/\/secureus.se\/es\/wp-json\/wp\/v2\/media?parent=149981"}],"wp:term":[{"taxonomy":"product_brand","embeddable":true,"href":"https:\/\/secureus.se\/es\/wp-json\/wp\/v2\/product_brand?post=149981"},{"taxonomy":"product_cat","embeddable":true,"href":"https:\/\/secureus.se\/es\/wp-json\/wp\/v2\/product_cat?post=149981"},{"taxonomy":"product_tag","embeddable":true,"href":"https:\/\/secureus.se\/es\/wp-json\/wp\/v2\/product_tag?post=149981"}],"curies":[{"name":"wp","href":"https:\/\/api.w.org\/{rel}","templated":true}]}}