{"id":149988,"date":"2025-04-03T14:11:17","date_gmt":"2025-04-03T12:11:17","guid":{"rendered":"https:\/\/secureus.se\/apollo-pp5025-orbis-series-kontinuitetsbrytare-marine-timesaver-base-vit\/"},"modified":"2026-04-23T13:16:23","modified_gmt":"2026-04-23T11:16:23","slug":"apollo-pp5025-orbis-series-kontinuitetsbrytare-marine-timesaver-base-vit","status":"publish","type":"product","link":"https:\/\/secureus.se\/es\/apollo-pp5025-orbis-series-kontinuitetsbrytare-marine-timesaver-base-vit\/","title":{"rendered":"Interruptor de continuidad Apollo PP5025 Orbis Series, base marina TimeSaver, blanco"},"content":{"rendered":"<h1>Interruptor de continuidad Apollo PP5025 Orbis Series, base marina TimeSaver<\/h1>\n<p class=\"\" data-start=\"391\" data-end=\"833\">La base Apollo PP5025 Orbis Series Marine TimeSaver es una base de montaje que hace que la instalaci\u00f3n de los detectores de la serie Orbis sea r\u00e1pida y sencilla.<\/p>\n<p class=\"\" data-start=\"391\" data-end=\"833\">Con un concepto de dise\u00f1o innovador, esta base ofrece una superficie de trabajo abierta con orificios de montaje para permitir un montaje r\u00e1pido.<\/p>\n<p class=\"\" data-start=\"391\" data-end=\"833\">Tiene dos puntos de fijaci\u00f3n y una marca de alineaci\u00f3n de LED que ayuda a garantizar que todos los detectores est\u00e9n instalados correctamente con los LED orientados en la misma direcci\u00f3n.<\/p>\n<p class=\"\" data-start=\"835\" data-end=\"1200\">Est\u00e1 equipado con una gu\u00eda de pelado de cables para hacer a\u00fan m\u00e1s f\u00e1cil la instalaci\u00f3n y garantizar que los cables est\u00e9n correctamente preparados.<\/p>\n<p class=\"\" data-start=\"835\" data-end=\"1200\">Esto hace que la Base TimeSaver sea una opci\u00f3n eficaz para instalar detectores de humo y calor en entornos marinos.<\/p>\n<p class=\"\" data-start=\"835\" data-end=\"1200\">Tambi\u00e9n est\u00e1 aprobado seg\u00fan la Directiva de equipos marinos 2014\/90\/UE para su uso en aplicaciones marinas.<\/p>\n<p class=\"\" data-start=\"1202\" data-end=\"1222\"><strong data-start=\"1202\" data-end=\"1221\">Presupuesto<\/strong>:<\/p>\n<ul data-start=\"1223\" data-end=\"1528\">\n<li class=\"\" data-start=\"1223\" data-end=\"1241\">\n<p class=\"\" data-start=\"1225\" data-end=\"1241\"><strong data-start=\"1225\" data-end=\"1233\">Pintar<\/strong>: Plata<\/p>\n<\/li>\n<li class=\"\" data-start=\"1242\" data-end=\"1286\">\n<p class=\"\" data-start=\"1244\" data-end=\"1286\"><strong data-start=\"1244\" data-end=\"1252\">Medida<\/strong>:Tama\u00f1o est\u00e1ndar para la serie Orbis<\/p>\n<\/li>\n<li class=\"\" data-start=\"1287\" data-end=\"1363\">\n<p class=\"\" data-start=\"1289\" data-end=\"1363\"><strong data-start=\"1289\" data-end=\"1303\">Caracter\u00edsticas<\/strong>: Dos puntos de fijaci\u00f3n, marca de alineaci\u00f3n LED, gu\u00eda para pelar cables<\/p>\n<\/li>\n<li class=\"\" data-start=\"1364\" data-end=\"1415\">\n<p class=\"\" data-start=\"1366\" data-end=\"1415\"><strong data-start=\"1366\" data-end=\"1384\">Compatibilidad<\/strong>Detector de calor, detector de humo<\/p>\n<\/li>\n<li class=\"\" data-start=\"1416\" data-end=\"1488\">\n<p class=\"\" data-start=\"1418\" data-end=\"1488\"><strong data-start=\"1418\" data-end=\"1436\">Certificaciones<\/strong>: Marcado CE, Directiva de equipos marinos 2014\/90\/UE<\/p>\n<\/li>\n<li class=\"\" data-start=\"1489\" data-end=\"1528\">\n<p class=\"\" data-start=\"1491\" data-end=\"1528\"><strong data-start=\"1491\" data-end=\"1502\">Garantizar<\/strong>:Garant\u00eda limitada de 10 a\u00f1os<\/p>\n<\/li>\n<\/ul>","protected":false},"excerpt":{"rendered":"<p>La base Marine TimeSaver con interruptor de continuidad serie Orbis Apollo PP5025 est\u00e1 dise\u00f1ada para una instalaci\u00f3n f\u00e1cil y r\u00e1pida de detectores.<\/p>\n<p>Tiene dos puntos de fijaci\u00f3n, una marca de alineaci\u00f3n LED para una correcta instalaci\u00f3n y una gu\u00eda de pelado de cables para un trabajo eficiente.<\/p>","protected":false},"featured_media":149987,"template":"","meta":{"_acf_changed":false},"product_brand":[],"product_cat":[4749],"product_tag":[],"class_list":{"0":"post-149988","1":"product","2":"type-product","3":"status-publish","4":"has-post-thumbnail","6":"product_cat-orbis-serien","7":"pa_brands-apollo-fire-detectors","8":"tm-no-options","10":"first","11":"instock","12":"taxable","13":"shipping-taxable","14":"purchasable","15":"product-type-simple"},"acf":[],"_links":{"self":[{"href":"https:\/\/secureus.se\/es\/wp-json\/wp\/v2\/product\/149988","targetHints":{"allow":["GET"]}}],"collection":[{"href":"https:\/\/secureus.se\/es\/wp-json\/wp\/v2\/product"}],"about":[{"href":"https:\/\/secureus.se\/es\/wp-json\/wp\/v2\/types\/product"}],"wp:featuredmedia":[{"embeddable":true,"href":"https:\/\/secureus.se\/es\/wp-json\/wp\/v2\/media\/149987"}],"wp:attachment":[{"href":"https:\/\/secureus.se\/es\/wp-json\/wp\/v2\/media?parent=149988"}],"wp:term":[{"taxonomy":"product_brand","embeddable":true,"href":"https:\/\/secureus.se\/es\/wp-json\/wp\/v2\/product_brand?post=149988"},{"taxonomy":"product_cat","embeddable":true,"href":"https:\/\/secureus.se\/es\/wp-json\/wp\/v2\/product_cat?post=149988"},{"taxonomy":"product_tag","embeddable":true,"href":"https:\/\/secureus.se\/es\/wp-json\/wp\/v2\/product_tag?post=149988"}],"curies":[{"name":"wp","href":"https:\/\/api.w.org\/{rel}","templated":true}]}}