{"id":149992,"date":"2025-04-03T14:11:14","date_gmt":"2025-04-03T12:11:14","guid":{"rendered":"https:\/\/secureus.se\/apollo-orb-mb-50018-apo-orbis-series-egensaker-timesaver-bas-vit\/"},"modified":"2026-04-09T11:29:49","modified_gmt":"2026-04-09T09:29:49","slug":"apollo-orb-mb-50018-apo-orbis-series-egensaker-timesaver-bas-vit","status":"publish","type":"product","link":"https:\/\/secureus.se\/es\/apollo-orb-mb-50018-apo-orbis-series-egensaker-timesaver-bas-vit\/","title":{"rendered":"Apollo ORB-MB-50018-APO Base TimeSaver intr\u00ednsecamente segura serie Orbis, blanco"},"content":{"rendered":"<h1>Apollo ORB-MB-50018-APO Base TimeSaver intr\u00ednsecamente segura serie Orbis<\/h1>\n<p class=\"\" data-start=\"558\" data-end=\"1130\">Apollo Orbis IS TimeSaver Base es una soluci\u00f3n innovadora para detectores de incendios que simplifica tanto la instalaci\u00f3n como el uso.<\/p>\n<p class=\"\" data-start=\"558\" data-end=\"1130\">Est\u00e1 especialmente dise\u00f1ado para ser intr\u00ednsecamente seguro, lo que permite su uso en entornos peligrosos.<\/p>\n<p class=\"\" data-start=\"558\" data-end=\"1130\">La base tiene dos puntos de fijaci\u00f3n y viene con marcas de alineaci\u00f3n LED para una f\u00e1cil instalaci\u00f3n y una correcta orientaci\u00f3n de los detectores con indicadores LED.<\/p>\n<p class=\"\" data-start=\"558\" data-end=\"1130\">Adem\u00e1s, los tornillos de los terminales est\u00e1n asegurados para evitar que se caigan durante la instalaci\u00f3n, ahorrando tiempo y facilitando el trabajo de los instaladores.<\/p>\n<p class=\"\" data-start=\"1132\" data-end=\"1520\">El producto tiene la marca CE y cumple con los requisitos de la Directiva de equipos marinos 2014\/90\/UE, lo que lo hace adecuado para su uso en barcos.<\/p>\n<p class=\"\" data-start=\"1132\" data-end=\"1520\">Con m\u00faltiples puntos de fijaci\u00f3n y una gu\u00eda para tirador de cable, la base Orbis IS TimeSaver hace que la instalaci\u00f3n sea r\u00e1pida y c\u00f3moda.<\/p>\n<p class=\"\" data-start=\"1132\" data-end=\"1520\">La base admite detectores como detectores de calor y detectores de humo, y se puede utilizar en sistemas que requieren un funcionamiento seguro y estable en \u00e1reas peligrosas.<\/p>\n<p class=\"\" data-start=\"1522\" data-end=\"1552\"><strong data-start=\"1522\" data-end=\"1550\">Caracter\u00edsticas principales:<\/strong><\/p>\n<ul data-start=\"1553\" data-end=\"1871\">\n<li class=\"\" data-start=\"1553\" data-end=\"1572\">\n<p class=\"\" data-start=\"1555\" data-end=\"1572\">Dos puntos de fijaci\u00f3n<\/p>\n<\/li>\n<li class=\"\" data-start=\"1573\" data-end=\"1597\">\n<p class=\"\" data-start=\"1575\" data-end=\"1597\">Marca de alineaci\u00f3n de LED<\/p>\n<\/li>\n<li class=\"\" data-start=\"1598\" data-end=\"1650\">\n<p class=\"\" data-start=\"1600\" data-end=\"1650\">Dispositivos compatibles: detector de calor, detector de humo<\/p>\n<\/li>\n<li class=\"\" data-start=\"1651\" data-end=\"1697\">\n<p class=\"\" data-start=\"1653\" data-end=\"1697\">Terminales agrupados para facilitar el cableado<\/p>\n<\/li>\n<li class=\"\" data-start=\"1698\" data-end=\"1774\">\n<p class=\"\" data-start=\"1700\" data-end=\"1774\">Marcado CE y certificado seg\u00fan la Directiva de equipos marinos 2014\/90\/UE<\/p>\n<\/li>\n<li class=\"\" data-start=\"1775\" data-end=\"1811\">\n<p class=\"\" data-start=\"1777\" data-end=\"1811\">Soporte para blindaje seguro de cables<\/p>\n<\/li>\n<li class=\"\" data-start=\"1812\" data-end=\"1871\">\n<p class=\"\" data-start=\"1814\" data-end=\"1871\">Dise\u00f1o intr\u00ednsecamente seguro para uso en entornos peligrosos<\/p>\n<\/li>\n<\/ul>\n<p class=\"\" data-start=\"1873\" data-end=\"1904\"><strong data-start=\"1873\" data-end=\"1902\">Especificaciones t\u00e9cnicas:<\/strong><\/p>\n<ul data-start=\"1905\" data-end=\"2038\">\n<li class=\"\" data-start=\"1905\" data-end=\"1921\">\n<p class=\"\" data-start=\"1907\" data-end=\"1921\">Color: Plata<\/p>\n<\/li>\n<li class=\"\" data-start=\"1922\" data-end=\"1950\">\n<p class=\"\" data-start=\"1924\" data-end=\"1950\">Certificaciones: Marcado CE<\/p>\n<\/li>\n<li class=\"\" data-start=\"1951\" data-end=\"1994\">\n<p class=\"\" data-start=\"1953\" data-end=\"1994\">Intr\u00ednsecamente seguro seg\u00fan ATEX e IECEx<\/p>\n<\/li>\n<li class=\"\" data-start=\"1995\" data-end=\"2038\">\n<p class=\"\" data-start=\"1997\" data-end=\"2038\">Compatible con detectores de calor y humo<\/p>\n<\/li>\n<\/ul>","protected":false},"excerpt":{"rendered":"<p>La base Apollo Orbis IS TimeSaver es una base intr\u00ednsecamente segura dise\u00f1ada para una instalaci\u00f3n r\u00e1pida y sencilla.<\/p>\n<p>Equipado con dos puntos de fijaci\u00f3n y una marca de alineaci\u00f3n LED, proporciona al instalador una superficie de trabajo eficiente para montar detectores como detectores de calor y humo.<\/p>\n<p>La base con marcado CE cumple con los est\u00e1ndares de seguridad y facilita la instalaci\u00f3n con sus terminales conectados en grupo.<\/p>","protected":false},"featured_media":149991,"template":"","meta":{"_acf_changed":false},"product_brand":[],"product_cat":[4749],"product_tag":[],"class_list":{"0":"post-149992","1":"product","2":"type-product","3":"status-publish","4":"has-post-thumbnail","6":"product_cat-orbis-serien","7":"pa_brands-apollo-fire-detectors","8":"tm-no-options","10":"first","11":"instock","12":"taxable","13":"shipping-taxable","14":"purchasable","15":"product-type-simple"},"acf":[],"_links":{"self":[{"href":"https:\/\/secureus.se\/es\/wp-json\/wp\/v2\/product\/149992","targetHints":{"allow":["GET"]}}],"collection":[{"href":"https:\/\/secureus.se\/es\/wp-json\/wp\/v2\/product"}],"about":[{"href":"https:\/\/secureus.se\/es\/wp-json\/wp\/v2\/types\/product"}],"wp:featuredmedia":[{"embeddable":true,"href":"https:\/\/secureus.se\/es\/wp-json\/wp\/v2\/media\/149991"}],"wp:attachment":[{"href":"https:\/\/secureus.se\/es\/wp-json\/wp\/v2\/media?parent=149992"}],"wp:term":[{"taxonomy":"product_brand","embeddable":true,"href":"https:\/\/secureus.se\/es\/wp-json\/wp\/v2\/product_brand?post=149992"},{"taxonomy":"product_cat","embeddable":true,"href":"https:\/\/secureus.se\/es\/wp-json\/wp\/v2\/product_cat?post=149992"},{"taxonomy":"product_tag","embeddable":true,"href":"https:\/\/secureus.se\/es\/wp-json\/wp\/v2\/product_tag?post=149992"}],"curies":[{"name":"wp","href":"https:\/\/api.w.org\/{rel}","templated":true}]}}