{"id":149996,"date":"2025-04-03T14:11:10","date_gmt":"2025-04-03T12:11:10","guid":{"rendered":"https:\/\/secureus.se\/apollo-pp2632-orbis-series-optisk-rokdetektor-vit\/"},"modified":"2026-03-27T09:50:51","modified_gmt":"2026-03-27T08:50:51","slug":"apollo-pp2632-orbis-series-optisk-rokdetektor-vit","status":"publish","type":"product","link":"https:\/\/secureus.se\/es\/apollo-pp2632-orbis-series-optisk-rokdetektor-vit\/","title":{"rendered":"Detector \u00f3ptico de humo Apollo PP2632 Orbis Series, blanco"},"content":{"rendered":"<h1>Detector \u00f3ptico de humo Apollo PP2632 Orbis Series<\/h1>\n<p class=\"\" data-start=\"521\" data-end=\"960\">El detector de humo \u00f3ptico Apollo Orbis est\u00e1 dise\u00f1ado para mejorar los sistemas de detecci\u00f3n de incendios con su tecnolog\u00eda avanzada y confiabilidad.<\/p>\n<p class=\"\" data-start=\"521\" data-end=\"960\">Al utilizar el principio de dispersi\u00f3n de luz, proporciona una sensibilidad mejorada tanto al humo negro como al blanco.<\/p>\n<p class=\"\" data-start=\"521\" data-end=\"960\">Una ventaja \u00fanica de Orbis es su capacidad para manejar el humo negro de manera efectiva, lo que lo distingue de los detectores de humo tradicionales que tienen un mejor rendimiento para el humo blanco.<\/p>\n<p class=\"\" data-start=\"962\" data-end=\"1352\">Otra caracter\u00edstica importante son los algoritmos de rechazo transitorio, que reducen el n\u00famero de falsas alarmas y garantizan que el detector no reaccione a cambios ambientales o fen\u00f3menos no relacionados con el fuego.<\/p>\n<p class=\"\" data-start=\"962\" data-end=\"1352\">La compensaci\u00f3n autom\u00e1tica de deriva y la tecnolog\u00eda DirtAlert\u00ae facilitan la identificaci\u00f3n de detectores sucios a trav\u00e9s de un LED amarillo intermitente, lo que hace que el mantenimiento sea r\u00e1pido y eficiente.<\/p>\n<p class=\"\" data-start=\"1354\" data-end=\"1602\">Con una temperatura de funcionamiento de -40 \u00b0C a +70 \u00b0C y clasificaci\u00f3n IP23D, este detector es confiable tanto en entornos interiores como exteriores.<\/p>\n<p class=\"\" data-start=\"1354\" data-end=\"1602\">Tambi\u00e9n tiene un bajo consumo de energ\u00eda y es compatible con la Serie Apollo 65 y detectores convencionales anteriores.<\/p>\n<p class=\"\" data-start=\"1604\" data-end=\"1634\"><strong data-start=\"1604\" data-end=\"1632\">Caracter\u00edsticas principales:<\/strong><\/p>\n<ul data-start=\"1635\" data-end=\"2031\">\n<li class=\"\" data-start=\"1635\" data-end=\"1697\">\n<p class=\"\" data-start=\"1637\" data-end=\"1697\">Algoritmos para rechazar transitorios y reducir falsas alarmas<\/p>\n<\/li>\n<li class=\"\" data-start=\"1698\" data-end=\"1792\">\n<p class=\"\" data-start=\"1700\" data-end=\"1792\">Compensaci\u00f3n autom\u00e1tica de deriva con DirtAlert\u00ae para una f\u00e1cil identificaci\u00f3n de detectores sucios<\/p>\n<\/li>\n<li class=\"\" data-start=\"1793\" data-end=\"1832\">\n<p class=\"\" data-start=\"1795\" data-end=\"1832\">Sensibilidad mejorada al humo negro<\/p>\n<\/li>\n<li class=\"\" data-start=\"1833\" data-end=\"1898\">\n<p class=\"\" data-start=\"1835\" data-end=\"1898\">Rendimiento mejorado para incendios latentes y de combusti\u00f3n r\u00e1pida<\/p>\n<\/li>\n<li class=\"\" data-start=\"1899\" data-end=\"1973\">\n<p class=\"\" data-start=\"1901\" data-end=\"1973\">Compatible con la serie Apollo 65 y detectores convencionales anteriores<\/p>\n<\/li>\n<li class=\"\" data-start=\"1974\" data-end=\"2031\">\n<p class=\"\" data-start=\"1976\" data-end=\"2031\">Marcado CE y cumple con las directivas EMC y de productos de construcci\u00f3n.<\/p>\n<\/li>\n<\/ul>\n<p class=\"\" data-start=\"2033\" data-end=\"2064\"><strong data-start=\"2033\" data-end=\"2062\">Especificaciones t\u00e9cnicas:<\/strong><\/p>\n<ul data-start=\"2065\" data-end=\"2293\">\n<li class=\"\" data-start=\"2065\" data-end=\"2081\">\n<p class=\"\" data-start=\"2067\" data-end=\"2081\">Color: Plata<\/p>\n<\/li>\n<li class=\"\" data-start=\"2082\" data-end=\"2108\">\n<p class=\"\" data-start=\"2084\" data-end=\"2108\">Material: policarbonato<\/p>\n<\/li>\n<li class=\"\" data-start=\"2109\" data-end=\"2124\">\n<p class=\"\" data-start=\"2111\" data-end=\"2124\">Altura: 31 mm<\/p>\n<\/li>\n<li class=\"\" data-start=\"2125\" data-end=\"2144\">\n<p class=\"\" data-start=\"2127\" data-end=\"2144\">Di\u00e1metro: 97 mm<\/p>\n<\/li>\n<li class=\"\" data-start=\"2145\" data-end=\"2170\">\n<p class=\"\" data-start=\"2147\" data-end=\"2170\">Peso: 75 g (sin base)<\/p>\n<\/li>\n<li class=\"\" data-start=\"2171\" data-end=\"2203\">\n<p class=\"\" data-start=\"2173\" data-end=\"2203\">Fuente de alimentaci\u00f3n: 8,5\u201333 V CC<\/p>\n<\/li>\n<li class=\"\" data-start=\"2204\" data-end=\"2242\">\n<p class=\"\" data-start=\"2206\" data-end=\"2242\">Temperatura de funcionamiento: -40\u00b0C a +70\u00b0C<\/p>\n<\/li>\n<li class=\"\" data-start=\"2243\" data-end=\"2271\">\n<p class=\"\" data-start=\"2245\" data-end=\"2271\">Clasificaci\u00f3n IP: IP23D<\/p>\n<\/li>\n<li class=\"\" data-start=\"2272\" data-end=\"2293\">\n<p class=\"\" data-start=\"2274\" data-end=\"2293\">Periodo de garant\u00eda: 10 a\u00f1os<\/p>\n<\/li>\n<\/ul>","protected":false},"excerpt":{"rendered":"<p>El detector de humo \u00f3ptico Apollo Orbis proporciona una sensibilidad mejorada al humo negro y reduce el riesgo de falsas alarmas mediante algoritmos avanzados de rechazo transitorio.<\/p>\n<p>Con tecnolog\u00eda DirtAlert\u00ae para compensaci\u00f3n autom\u00e1tica de deriva, advierte con un LED amarillo intermitente sobre los detectores sucios.<\/p>\n<p>Ideal para alerta temprana de incendios latentes.<\/p>","protected":false},"featured_media":149995,"template":"","meta":{"_acf_changed":false},"product_brand":[],"product_cat":[4749],"product_tag":[],"class_list":{"0":"post-149996","1":"product","2":"type-product","3":"status-publish","4":"has-post-thumbnail","6":"product_cat-orbis-serien","7":"pa_brands-apollo-fire-detectors","8":"tm-no-options","10":"first","11":"instock","12":"sale","13":"taxable","14":"shipping-taxable","15":"purchasable","16":"product-type-simple"},"acf":[],"_links":{"self":[{"href":"https:\/\/secureus.se\/es\/wp-json\/wp\/v2\/product\/149996","targetHints":{"allow":["GET"]}}],"collection":[{"href":"https:\/\/secureus.se\/es\/wp-json\/wp\/v2\/product"}],"about":[{"href":"https:\/\/secureus.se\/es\/wp-json\/wp\/v2\/types\/product"}],"wp:featuredmedia":[{"embeddable":true,"href":"https:\/\/secureus.se\/es\/wp-json\/wp\/v2\/media\/149995"}],"wp:attachment":[{"href":"https:\/\/secureus.se\/es\/wp-json\/wp\/v2\/media?parent=149996"}],"wp:term":[{"taxonomy":"product_brand","embeddable":true,"href":"https:\/\/secureus.se\/es\/wp-json\/wp\/v2\/product_brand?post=149996"},{"taxonomy":"product_cat","embeddable":true,"href":"https:\/\/secureus.se\/es\/wp-json\/wp\/v2\/product_cat?post=149996"},{"taxonomy":"product_tag","embeddable":true,"href":"https:\/\/secureus.se\/es\/wp-json\/wp\/v2\/product_tag?post=149996"}],"curies":[{"name":"wp","href":"https:\/\/api.w.org\/{rel}","templated":true}]}}