{"id":149998,"date":"2025-04-03T14:11:09","date_gmt":"2025-04-03T12:11:09","guid":{"rendered":"https:\/\/secureus.se\/apollo-pp2147-orbis-series-timesaver-detektorbas-med-rela\/"},"modified":"2026-03-27T09:51:46","modified_gmt":"2026-03-27T08:51:46","slug":"apollo-pp2147-orbis-series-timesaver-detektorbas-med-rela","status":"publish","type":"product","link":"https:\/\/secureus.se\/es\/apollo-pp2147-orbis-series-timesaver-detektorbas-med-rela\/","title":{"rendered":"Base de detector TimeSaver Apollo PP2147 Orbis Series con rel\u00e9"},"content":{"rendered":"<h1>Base de detector TimeSaver Apollo PP2147 Orbis Series con rel\u00e9<\/h1>\n<p class=\"\" data-start=\"501\" data-end=\"880\">La base de detector Apollo Orbis TimeSaver con rel\u00e9 est\u00e1 dise\u00f1ada para agilizar la instalaci\u00f3n y el funcionamiento de los detectores de incendios.<\/p>\n<p class=\"\" data-start=\"501\" data-end=\"880\">La base est\u00e1 equipada con terminales agrupados que simplifican el cableado y la instalaci\u00f3n, as\u00ed como dos puntos de fijaci\u00f3n y una marca de alineaci\u00f3n LED que facilita a los instaladores montar y calibrar correctamente los detectores.<\/p>\n<p class=\"\" data-start=\"882\" data-end=\"1308\">El rel\u00e9 en la base tiene un contacto de conmutaci\u00f3n unipolar, libre de voltaje, que se activa cuando el detector entra en modo de alarma.<\/p>\n<p class=\"\" data-start=\"882\" data-end=\"1308\">Esto permite la conexi\u00f3n a equipos y sistemas externos, y el rel\u00e9 permanece activado hasta que se reinicia el detector.<\/p>\n<p class=\"\" data-start=\"882\" data-end=\"1308\">La base tambi\u00e9n cuenta con un enlace de continuidad para facilitar la prueba de voltaje de los cables de zona antes de la puesta en servicio, lo que garantiza que todas las conexiones funcionen correctamente antes de poner el sistema en funcionamiento.<\/p>\n<p class=\"\" data-start=\"1310\" data-end=\"1522\">La base est\u00e1 hecha de policarbonato, lo que la hace duradera y respetuosa con el medio ambiente.<\/p>\n<p class=\"\" data-start=\"1310\" data-end=\"1522\">Cuenta con la marca CE y viene con una garant\u00eda de 10 a\u00f1os, lo que asegura el rendimiento y la confiabilidad a largo plazo del sistema de detecci\u00f3n de incendios.<\/p>\n<p class=\"\" data-start=\"1524\" data-end=\"1554\"><strong data-start=\"1524\" data-end=\"1552\">Caracter\u00edsticas principales:<\/strong><\/p>\n<ul data-start=\"1555\" data-end=\"1960\">\n<li class=\"\" data-start=\"1555\" data-end=\"1604\">\n<p class=\"\" data-start=\"1557\" data-end=\"1604\">Terminales agrupados para facilitar el cableado<\/p>\n<\/li>\n<li class=\"\" data-start=\"1605\" data-end=\"1672\">\n<p class=\"\" data-start=\"1607\" data-end=\"1672\">Dos puntos de fijaci\u00f3n y marca de alineaci\u00f3n LED para una f\u00e1cil instalaci\u00f3n.<\/p>\n<\/li>\n<li class=\"\" data-start=\"1673\" data-end=\"1754\">\n<p class=\"\" data-start=\"1675\" data-end=\"1754\">Contacto de conmutaci\u00f3n unipolar para equipos externos (puede conmutar hasta 30 V a 1 A)<\/p>\n<\/li>\n<li class=\"\" data-start=\"1755\" data-end=\"1811\">\n<p class=\"\" data-start=\"1757\" data-end=\"1811\">Gu\u00eda para pelado de cables y mecanismo de bloqueo del detector<\/p>\n<\/li>\n<li class=\"\" data-start=\"1812\" data-end=\"1886\">\n<p class=\"\" data-start=\"1814\" data-end=\"1886\">Enlace de continuidad para pruebas de tensi\u00f3n de cables de zona antes de la puesta en servicio<\/p>\n<\/li>\n<li class=\"\" data-start=\"1887\" data-end=\"1925\">\n<p class=\"\" data-start=\"1889\" data-end=\"1925\">Marcado CE y dise\u00f1o respetuoso con el medio ambiente<\/p>\n<\/li>\n<li class=\"\" data-start=\"1926\" data-end=\"1960\">\n<p class=\"\" data-start=\"1928\" data-end=\"1960\">Compatible con detectores de humo<\/p>\n<\/li>\n<\/ul>\n<p class=\"\" data-start=\"1962\" data-end=\"1993\"><strong data-start=\"1962\" data-end=\"1991\">Especificaciones t\u00e9cnicas:<\/strong><\/p>\n<ul data-start=\"1994\" data-end=\"2130\">\n<li class=\"\" data-start=\"1994\" data-end=\"2011\">\n<p class=\"\" data-start=\"1996\" data-end=\"2011\">Profundidad: 23,5 mm<\/p>\n<\/li>\n<li class=\"\" data-start=\"2012\" data-end=\"2028\">\n<p class=\"\" data-start=\"2014\" data-end=\"2028\">Color: Plata<\/p>\n<\/li>\n<li class=\"\" data-start=\"2029\" data-end=\"2056\">\n<p class=\"\" data-start=\"2031\" data-end=\"2056\">Material: policarbonato<\/p>\n<\/li>\n<li class=\"\" data-start=\"2057\" data-end=\"2078\">\n<p class=\"\" data-start=\"2059\" data-end=\"2078\">Periodo de garant\u00eda: 10 a\u00f1os<\/p>\n<\/li>\n<li class=\"\" data-start=\"2079\" data-end=\"2110\">\n<p class=\"\" data-start=\"2081\" data-end=\"2110\">Certificaciones: Marcado CE<\/p>\n<\/li>\n<li class=\"\" data-start=\"2111\" data-end=\"2130\">\n<p class=\"\" data-start=\"2113\" data-end=\"2130\">Ecol\u00f3gico: S\u00ed<\/p>\n<\/li>\n<\/ul>","protected":false},"excerpt":{"rendered":"<p>La base del detector Apollo Orbis TimeSaver con rel\u00e9 ofrece una soluci\u00f3n de instalaci\u00f3n simple y r\u00e1pida con terminales agrupados para cableado, dos puntos de fijaci\u00f3n y una marca de alineaci\u00f3n LED.<\/p>\n<p>El rel\u00e9 se activa cuando el detector entra en modo de alarma, lo que permite una f\u00e1cil conexi\u00f3n de equipos externos.<\/p>","protected":false},"featured_media":149997,"template":"","meta":{"_acf_changed":false},"product_brand":[],"product_cat":[4749],"product_tag":[],"class_list":{"0":"post-149998","1":"product","2":"type-product","3":"status-publish","4":"has-post-thumbnail","6":"product_cat-orbis-serien","7":"pa_brands-apollo-fire-detectors","8":"tm-no-options","10":"first","11":"instock","12":"sale","13":"taxable","14":"shipping-taxable","15":"purchasable","16":"product-type-simple"},"acf":[],"_links":{"self":[{"href":"https:\/\/secureus.se\/es\/wp-json\/wp\/v2\/product\/149998","targetHints":{"allow":["GET"]}}],"collection":[{"href":"https:\/\/secureus.se\/es\/wp-json\/wp\/v2\/product"}],"about":[{"href":"https:\/\/secureus.se\/es\/wp-json\/wp\/v2\/types\/product"}],"wp:featuredmedia":[{"embeddable":true,"href":"https:\/\/secureus.se\/es\/wp-json\/wp\/v2\/media\/149997"}],"wp:attachment":[{"href":"https:\/\/secureus.se\/es\/wp-json\/wp\/v2\/media?parent=149998"}],"wp:term":[{"taxonomy":"product_brand","embeddable":true,"href":"https:\/\/secureus.se\/es\/wp-json\/wp\/v2\/product_brand?post=149998"},{"taxonomy":"product_cat","embeddable":true,"href":"https:\/\/secureus.se\/es\/wp-json\/wp\/v2\/product_cat?post=149998"},{"taxonomy":"product_tag","embeddable":true,"href":"https:\/\/secureus.se\/es\/wp-json\/wp\/v2\/product_tag?post=149998"}],"curies":[{"name":"wp","href":"https:\/\/api.w.org\/{rel}","templated":true}]}}