{"id":150000,"date":"2025-04-03T14:11:09","date_gmt":"2025-04-03T12:11:09","guid":{"rendered":"https:\/\/secureus.se\/apollo-pp5037-orbis-series-egensaker-optisk-rokdetektor-vit\/"},"modified":"2026-04-09T11:30:37","modified_gmt":"2026-04-09T09:30:37","slug":"apollo-pp5037-orbis-series-egensaker-optisk-rokdetektor-vit","status":"publish","type":"product","link":"https:\/\/secureus.se\/es\/apollo-pp5037-orbis-series-egensaker-optisk-rokdetektor-vit\/","title":{"rendered":"Detector de humo \u00f3ptico intr\u00ednsecamente seguro Apollo PP5037 Orbis Series, blanco"},"content":{"rendered":"<h1>Detector de humo \u00f3ptico intr\u00ednsecamente seguro Apollo PP5037 Orbis Series<\/h1>\n<p class=\"\" data-start=\"469\" data-end=\"988\">El detector de humo \u00f3ptico Apollo Orbis IS es una soluci\u00f3n de alto rendimiento para detectar incendios de forma fiable, especialmente incendios de combusti\u00f3n lenta o sin llama.<\/p>\n<p class=\"\" data-start=\"469\" data-end=\"988\">Utilizando el principio de dispersi\u00f3n de luz, mide la luz dispersada por los gases de humo, lo que lo hace muy eficaz para detectar humo blanco y negro.<\/p>\n<p class=\"\" data-start=\"469\" data-end=\"988\">El modelo Orbis IS ofrece una sensibilidad mejorada al humo negro, lo que lo hace superior a los detectores \u00f3pticos est\u00e1ndar que son m\u00e1s sensibles al humo blanco.<\/p>\n<p class=\"\" data-start=\"990\" data-end=\"1347\">Otra caracter\u00edstica clave son los algoritmos que ayudan a reducir las falsas alarmas filtrando los transitorios, lo que garantiza que el detector no reaccione a fen\u00f3menos no relacionados con el fuego, como el humo del tabaco u otras fuentes.<\/p>\n<p class=\"\" data-start=\"990\" data-end=\"1347\">La tecnolog\u00eda DirtAlert\u00ae informa si el detector necesita limpieza y SensAlert\u00ae advierte si el detector no est\u00e1 funcionando correctamente.<\/p>\n<p class=\"\" data-start=\"1349\" data-end=\"1675\">Con un rango de temperatura de funcionamiento de -40 \u00b0C a +70 \u00b0C y clasificaci\u00f3n IP23D, este detector es confiable en entornos hostiles y variados.<\/p>\n<p class=\"\" data-start=\"1349\" data-end=\"1675\">Tiene marca CE, es intr\u00ednsecamente seguro y cumple con m\u00faltiples certificaciones internacionales, lo que lo hace perfecto para su uso en entornos peligrosos como instalaciones terrestres y marinas.<\/p>\n<p class=\"\" data-start=\"1677\" data-end=\"1707\"><strong data-start=\"1677\" data-end=\"1705\">Caracter\u00edsticas principales:<\/strong><\/p>\n<ul data-start=\"1708\" data-end=\"2083\">\n<li class=\"\" data-start=\"1708\" data-end=\"1747\">\n<p class=\"\" data-start=\"1710\" data-end=\"1747\">Sensibilidad mejorada al humo negro<\/p>\n<\/li>\n<li class=\"\" data-start=\"1748\" data-end=\"1820\">\n<p class=\"\" data-start=\"1750\" data-end=\"1820\">Reduce las falsas alarmas mediante algoritmos avanzados de gesti\u00f3n de transitorios<\/p>\n<\/li>\n<li class=\"\" data-start=\"1821\" data-end=\"1893\">\n<p class=\"\" data-start=\"1823\" data-end=\"1893\">Incluye DirtAlert\u00ae para una f\u00e1cil identificaci\u00f3n de detectores sucios<\/p>\n<\/li>\n<li class=\"\" data-start=\"1894\" data-end=\"1958\">\n<p class=\"\" data-start=\"1896\" data-end=\"1958\">SensAlert\u00ae para indicar si el sensor no est\u00e1 funcionando correctamente<\/p>\n<\/li>\n<li class=\"\" data-start=\"1959\" data-end=\"2026\">\n<p class=\"\" data-start=\"1961\" data-end=\"2026\">Marcado CE e intr\u00ednsecamente seguro para su uso en entornos peligrosos.<\/p>\n<\/li>\n<li class=\"\" data-start=\"2027\" data-end=\"2083\">\n<p class=\"\" data-start=\"2029\" data-end=\"2083\">Compatible con instalaciones tanto interiores como exteriores.<\/p>\n<\/li>\n<\/ul>\n<p class=\"\" data-start=\"2085\" data-end=\"2116\"><strong data-start=\"2085\" data-end=\"2114\">Especificaciones t\u00e9cnicas:<\/strong><\/p>\n<ul data-start=\"2117\" data-end=\"2380\">\n<li class=\"\" data-start=\"2117\" data-end=\"2133\">\n<p class=\"\" data-start=\"2119\" data-end=\"2133\">Color: Plata<\/p>\n<\/li>\n<li class=\"\" data-start=\"2134\" data-end=\"2149\">\n<p class=\"\" data-start=\"2136\" data-end=\"2149\">Altura: 42 mm<\/p>\n<\/li>\n<li class=\"\" data-start=\"2150\" data-end=\"2170\">\n<p class=\"\" data-start=\"2152\" data-end=\"2170\">Di\u00e1metro: 100 mm<\/p>\n<\/li>\n<li class=\"\" data-start=\"2171\" data-end=\"2196\">\n<p class=\"\" data-start=\"2173\" data-end=\"2196\">Peso: 75 g (sin base)<\/p>\n<\/li>\n<li class=\"\" data-start=\"2197\" data-end=\"2225\">\n<p class=\"\" data-start=\"2199\" data-end=\"2225\">Descripci\u00f3n de la alimentaci\u00f3n: 28 V CC<\/p>\n<\/li>\n<li class=\"\" data-start=\"2226\" data-end=\"2258\">\n<p class=\"\" data-start=\"2228\" data-end=\"2258\">Temperatura: -40\u00b0C a +70\u00b0C<\/p>\n<\/li>\n<li class=\"\" data-start=\"2259\" data-end=\"2287\">\n<p class=\"\" data-start=\"2261\" data-end=\"2287\">Clasificaci\u00f3n IP: IP23D<\/p>\n<\/li>\n<li class=\"\" data-start=\"2288\" data-end=\"2309\">\n<p class=\"\" data-start=\"2290\" data-end=\"2309\">Periodo de garant\u00eda: 10 a\u00f1os<\/p>\n<\/li>\n<li class=\"\" data-start=\"2310\" data-end=\"2380\">\n<p class=\"\" data-start=\"2312\" data-end=\"2380\">Certificaciones: Marca CE, ATEX, IECEx, MED, VdS, LPCB y m\u00e1s<\/p>\n<\/li>\n<\/ul>","protected":false},"excerpt":{"rendered":"<p>El detector de humo \u00f3ptico intr\u00ednsecamente seguro Apollo Orbis ofrece una sensibilidad mejorada al humo negro y reduce las falsas alarmas mediante algoritmos avanzados de manejo de transitorios.<\/p>\n<p>Ideal para la alerta temprana de incendios tanto en ambientes interiores como exteriores.<\/p>","protected":false},"featured_media":149999,"template":"","meta":{"_acf_changed":false},"product_brand":[],"product_cat":[4749],"product_tag":[],"class_list":{"0":"post-150000","1":"product","2":"type-product","3":"status-publish","4":"has-post-thumbnail","6":"product_cat-orbis-serien","7":"pa_brands-apollo-fire-detectors","8":"tm-no-options","10":"first","11":"instock","12":"taxable","13":"shipping-taxable","14":"purchasable","15":"product-type-simple"},"acf":[],"_links":{"self":[{"href":"https:\/\/secureus.se\/es\/wp-json\/wp\/v2\/product\/150000","targetHints":{"allow":["GET"]}}],"collection":[{"href":"https:\/\/secureus.se\/es\/wp-json\/wp\/v2\/product"}],"about":[{"href":"https:\/\/secureus.se\/es\/wp-json\/wp\/v2\/types\/product"}],"wp:featuredmedia":[{"embeddable":true,"href":"https:\/\/secureus.se\/es\/wp-json\/wp\/v2\/media\/149999"}],"wp:attachment":[{"href":"https:\/\/secureus.se\/es\/wp-json\/wp\/v2\/media?parent=150000"}],"wp:term":[{"taxonomy":"product_brand","embeddable":true,"href":"https:\/\/secureus.se\/es\/wp-json\/wp\/v2\/product_brand?post=150000"},{"taxonomy":"product_cat","embeddable":true,"href":"https:\/\/secureus.se\/es\/wp-json\/wp\/v2\/product_cat?post=150000"},{"taxonomy":"product_tag","embeddable":true,"href":"https:\/\/secureus.se\/es\/wp-json\/wp\/v2\/product_tag?post=150000"}],"curies":[{"name":"wp","href":"https:\/\/api.w.org\/{rel}","templated":true}]}}