{"id":150002,"date":"2025-04-03T14:07:52","date_gmt":"2025-04-03T12:07:52","guid":{"rendered":"https:\/\/secureus.se\/apollo-55100-940apo-xp95-series-egenkontrollerad-manuell-anropspunkt\/"},"modified":"2026-04-16T15:37:31","modified_gmt":"2026-04-16T13:37:31","slug":"apollo-55100-940apo-xp95-series-egenkontrollerad-manuell-anropspunkt","status":"publish","type":"product","link":"https:\/\/secureus.se\/es\/apollo-55100-940apo-xp95-series-egenkontrollerad-manuell-anropspunkt\/","title":{"rendered":"Pulsador de llamada manual autocontrolado Apollo 55100-940APO serie XP95"},"content":{"rendered":"<h1>Pulsador de llamada manual autocontrolado Apollo 55100-940APO serie XP95<\/h1>\n<p>El punto de llamada manual (MCP) Apollo XP95 IS es un dispositivo robusto y confiable dise\u00f1ado para usarse en atm\u00f3sferas explosivas y entornos peligrosos.<\/p>\n<p>Funciona dentro de un rango de voltaje de 14-22 V CC y est\u00e1 equipado con un interruptor DIL para una f\u00e1cil configuraci\u00f3n de la direcci\u00f3n.<\/p>\n<p>Al activarse, el MCP informa r\u00e1pidamente su direcci\u00f3n al panel de control de incendios, lo que permite informar el estado de la alarma y la posici\u00f3n en menos de 0,2 segundos.<\/p>\n<p>El pulsador de llamada manual tiene un LED de alarma rojo que se ilumina cuando se activa y el reinicio se realiza f\u00e1cilmente mediante una tecla de prueba y presionando la cubierta frontal.<\/p>\n<p>Para facilitar la instalaci\u00f3n, el MCP dispone de una soluci\u00f3n de bloque de terminales para un cableado r\u00e1pido, lo que reduce significativamente el tiempo de instalaci\u00f3n.<\/p>\n<p>Tambi\u00e9n est\u00e1 dise\u00f1ado para ser resistente al agua y a la intemperie (IP67), lo que lo hace adecuado tanto para instalaciones interiores como exteriores.<\/p>\n<p>El Apollo 55100-940APO est\u00e1 certificado seg\u00fan m\u00faltiples est\u00e1ndares internacionales, incluidos ATEX e IECEx, y tiene una garant\u00eda de 10 a\u00f1os.<\/p>\n<p class=\"\" data-start=\"1606\" data-end=\"1636\"><strong data-start=\"1606\" data-end=\"1634\">Caracter\u00edsticas principales:<\/strong><\/p>\n<ul data-start=\"1637\" data-end=\"1999\">\n<li class=\"\" data-start=\"1637\" data-end=\"1676\">\n<p class=\"\" data-start=\"1639\" data-end=\"1676\">Resistente al agua y a la intemperie (IP67)<\/p>\n<\/li>\n<li class=\"\" data-start=\"1677\" data-end=\"1744\">\n<p class=\"\" data-start=\"1679\" data-end=\"1744\">Dise\u00f1ado para su uso en atm\u00f3sferas explosivas (ATEX, IECEx)<\/p>\n<\/li>\n<li class=\"\" data-start=\"1745\" data-end=\"1808\">\n<p class=\"\" data-start=\"1747\" data-end=\"1808\">Conexiones de terminales \u201cPlug and Play\u201d para una instalaci\u00f3n r\u00e1pida<\/p>\n<\/li>\n<li class=\"\" data-start=\"1809\" data-end=\"1852\">\n<p class=\"\" data-start=\"1811\" data-end=\"1852\">LED de alarma rojo para una f\u00e1cil indicaci\u00f3n del estado<\/p>\n<\/li>\n<li class=\"\" data-start=\"1853\" data-end=\"1908\">\n<p class=\"\" data-start=\"1855\" data-end=\"1908\">Informe de direcci\u00f3n tras la activaci\u00f3n para una respuesta r\u00e1pida<\/p>\n<\/li>\n<li class=\"\" data-start=\"1909\" data-end=\"1940\">\n<p class=\"\" data-start=\"1911\" data-end=\"1940\">Reiniciable mediante llave de prueba<\/p>\n<\/li>\n<li class=\"\" data-start=\"1941\" data-end=\"1999\">\n<p class=\"\" data-start=\"1943\" data-end=\"1999\">Compatible con instalaciones tanto interiores como exteriores.<\/p>\n<\/li>\n<\/ul>\n<p class=\"\" data-start=\"2001\" data-end=\"2032\"><strong data-start=\"2001\" data-end=\"2030\">Especificaciones t\u00e9cnicas:<\/strong><\/p>\n<ul data-start=\"2033\" data-end=\"2340\">\n<li class=\"\" data-start=\"2033\" data-end=\"2046\">\n<p class=\"\" data-start=\"2035\" data-end=\"2046\">Color: Rojo<\/p>\n<\/li>\n<li class=\"\" data-start=\"2047\" data-end=\"2082\">\n<p class=\"\" data-start=\"2049\" data-end=\"2082\">Dimensiones: 99 mm x 94,5 mm x 73,5 mm<\/p>\n<\/li>\n<li class=\"\" data-start=\"2083\" data-end=\"2098\">\n<p class=\"\" data-start=\"2085\" data-end=\"2098\">Peso: 240g<\/p>\n<\/li>\n<li class=\"\" data-start=\"2099\" data-end=\"2125\">\n<p class=\"\" data-start=\"2101\" data-end=\"2125\">Material: policarbonato<\/p>\n<\/li>\n<li class=\"\" data-start=\"2126\" data-end=\"2160\">\n<p class=\"\" data-start=\"2128\" data-end=\"2160\">Rango de voltaje: 14-22 V CC<\/p>\n<\/li>\n<li class=\"\" data-start=\"2161\" data-end=\"2227\">\n<p class=\"\" data-start=\"2163\" data-end=\"2227\">Temperatura de funcionamiento: -20 \u00b0C a +70 \u00b0C (T5), -20 \u00b0C a +60 \u00b0C (T4)<\/p>\n<\/li>\n<li class=\"\" data-start=\"2228\" data-end=\"2255\">\n<p class=\"\" data-start=\"2230\" data-end=\"2255\">Clasificaci\u00f3n IP: IP67<\/p>\n<\/li>\n<li class=\"\" data-start=\"2256\" data-end=\"2318\">\n<p class=\"\" data-start=\"2258\" data-end=\"2318\">Certificaciones: marcado CE, ATEX, IECEx, MED, UL y m\u00e1s<\/p>\n<\/li>\n<li class=\"\" data-start=\"2319\" data-end=\"2340\">\n<p class=\"\" data-start=\"2321\" data-end=\"2340\">Periodo de garant\u00eda: 10 a\u00f1os<\/p>\n<\/li>\n<\/ul>","protected":false},"excerpt":{"rendered":"<p>El punto de llamada manual intr\u00ednsecamente seguro (MCP) de la serie Apollo XP95 est\u00e1 dise\u00f1ado para usarse en atm\u00f3sferas potencialmente explosivas.<\/p>\n<p>Es resistente al agua (IP67) y a la intemperie, con conexiones de terminales \u201cPlug and Play\u201d para una r\u00e1pida instalaci\u00f3n.<\/p>\n<p>Al activarse informa su direcci\u00f3n y proporciona una respuesta r\u00e1pida al panel de control.<\/p>","protected":false},"featured_media":150001,"template":"","meta":{"_acf_changed":false},"product_brand":[],"product_cat":[4751,4748],"product_tag":[],"class_list":{"0":"post-150002","1":"product","2":"type-product","3":"status-publish","4":"has-post-thumbnail","6":"product_cat-xp95-serien","7":"product_cat-discovery-serien","8":"pa_brands-apollo-fire-detectors","9":"tm-no-options","11":"first","12":"instock","13":"taxable","14":"shipping-taxable","15":"purchasable","16":"product-type-simple"},"acf":[],"_links":{"self":[{"href":"https:\/\/secureus.se\/es\/wp-json\/wp\/v2\/product\/150002","targetHints":{"allow":["GET"]}}],"collection":[{"href":"https:\/\/secureus.se\/es\/wp-json\/wp\/v2\/product"}],"about":[{"href":"https:\/\/secureus.se\/es\/wp-json\/wp\/v2\/types\/product"}],"wp:featuredmedia":[{"embeddable":true,"href":"https:\/\/secureus.se\/es\/wp-json\/wp\/v2\/media\/150001"}],"wp:attachment":[{"href":"https:\/\/secureus.se\/es\/wp-json\/wp\/v2\/media?parent=150002"}],"wp:term":[{"taxonomy":"product_brand","embeddable":true,"href":"https:\/\/secureus.se\/es\/wp-json\/wp\/v2\/product_brand?post=150002"},{"taxonomy":"product_cat","embeddable":true,"href":"https:\/\/secureus.se\/es\/wp-json\/wp\/v2\/product_cat?post=150002"},{"taxonomy":"product_tag","embeddable":true,"href":"https:\/\/secureus.se\/es\/wp-json\/wp\/v2\/product_tag?post=150002"}],"curies":[{"name":"wp","href":"https:\/\/api.w.org\/{rel}","templated":true}]}}