{"id":150008,"date":"2025-04-03T14:07:48","date_gmt":"2025-04-03T12:07:48","guid":{"rendered":"https:\/\/secureus.se\/apollo-55000-001apo-xp95-series-isolerande-hogtalar-for-oppet-omrade-100db-a-inomhusbruk-en-54-3-kompatibel-rod\/"},"modified":"2026-04-09T11:31:01","modified_gmt":"2026-04-09T09:31:01","slug":"apollo-55000-001apo-xp95-series-isolerande-hogtalar-for-oppet-omrade-100db-a-inomhusbruk-en-54-3-kompatibel-rod","status":"publish","type":"product","link":"https:\/\/secureus.se\/es\/apollo-55000-001apo-xp95-series-isolerande-hogtalar-for-oppet-omrade-100db-a-inomhusbruk-en-54-3-kompatibel-rod\/","title":{"rendered":"Altavoz aislante para \u00e1reas abiertas Apollo 55000-001APO serie XP95, 100 dB A, para uso en interiores, conforme a la norma EN 54-3, color rojo"},"content":{"rendered":"<h1>Altavoz aislante para \u00e1reas abiertas Apollo 55000-001APO serie XP95, 100 dB A, para uso en interiores, conforme a la norma EN 54-3, color rojo<\/h1>\n<p class=\"\" data-start=\"494\" data-end=\"923\">El altavoz aislante de la serie Apollo XP95 es una soluci\u00f3n de advertencia de audio de alta calidad para \u00e1reas abiertas, dise\u00f1ada para conectarse a los sistemas XP95 y Discovery.<\/p>\n<p class=\"\" data-start=\"494\" data-end=\"923\">Ofrece tres tonos seleccionables: Apollo, slow whoop y DIN, lo que permite personalizar las se\u00f1ales de advertencia para diferentes tipos de sistemas de alarma contra incendios.<\/p>\n<p class=\"\" data-start=\"494\" data-end=\"923\">Puede ajustar el nivel de sonido a 92 dB(A) o 100 dB(A) seg\u00fan las necesidades.<\/p>\n<p class=\"\" data-start=\"925\" data-end=\"1300\">Los graves aislados (4\u2033) lo hacen ideal para usar donde es necesario distribuir el sonido en \u00e1reas extensas.<\/p>\n<p class=\"\" data-start=\"925\" data-end=\"1300\">El producto cumple con la norma EN 54-3 y est\u00e1 dise\u00f1ado para proporcionar un rendimiento confiable incluso en entornos exigentes.<\/p>\n<p class=\"\" data-start=\"925\" data-end=\"1300\">Es f\u00e1cil de instalar con su conexi\u00f3n \u201cPlug and Play\u201d y se puede sincronizar con otros dispositivos en el mismo bucle para garantizar que los tonos de alarma no se mezclen.<\/p>\n<p data-start=\"925\" data-end=\"1300\">El acabado rojo hace que sea f\u00e1cil de identificar en emergencias y, con su garant\u00eda de 10 a\u00f1os, proporciona seguridad duradera para cualquier sistema de alarma contra incendios.<\/p>\n<p class=\"\" data-start=\"1451\" data-end=\"1481\"><strong data-start=\"1451\" data-end=\"1479\">Caracter\u00edsticas principales:<\/strong><\/p>\n<ul data-start=\"1482\" data-end=\"1752\">\n<li class=\"\" data-start=\"1482\" data-end=\"1527\">\n<p class=\"\" data-start=\"1484\" data-end=\"1527\">Niveles de volumen seleccionables: 92dB(A) y 100dB(A)<\/p>\n<\/li>\n<li class=\"\" data-start=\"1528\" data-end=\"1572\">\n<p class=\"\" data-start=\"1530\" data-end=\"1572\">Tres tonos: Apolo, grito lento y DIN<\/p>\n<\/li>\n<li class=\"\" data-start=\"1573\" data-end=\"1634\">\n<p class=\"\" data-start=\"1575\" data-end=\"1634\">Sincronizaci\u00f3n de tonos para evitar mezclar alarmas<\/p>\n<\/li>\n<li class=\"\" data-start=\"1635\" data-end=\"1657\">\n<p class=\"\" data-start=\"1637\" data-end=\"1657\">Cumple con la norma EN 54-3<\/p>\n<\/li>\n<li class=\"\" data-start=\"1658\" data-end=\"1677\">\n<p class=\"\" data-start=\"1660\" data-end=\"1677\">Base aislada de 4\u2033<\/p>\n<\/li>\n<li class=\"\" data-start=\"1678\" data-end=\"1720\">\n<p class=\"\" data-start=\"1680\" data-end=\"1720\">Funciona con sistemas XP95 y Discovery<\/p>\n<\/li>\n<li class=\"\" data-start=\"1721\" data-end=\"1752\">\n<p class=\"\" data-start=\"1723\" data-end=\"1752\">Marcado CE y 10 a\u00f1os de garant\u00eda<\/p>\n<\/li>\n<\/ul>\n<p class=\"\" data-start=\"1754\" data-end=\"1785\"><strong data-start=\"1754\" data-end=\"1783\">Especificaciones t\u00e9cnicas:<\/strong><\/p>\n<ul data-start=\"1786\" data-end=\"2029\">\n<li class=\"\" data-start=\"1786\" data-end=\"1799\">\n<p class=\"\" data-start=\"1788\" data-end=\"1799\">Color: Rojo<\/p>\n<\/li>\n<li class=\"\" data-start=\"1800\" data-end=\"1844\">\n<p class=\"\" data-start=\"1802\" data-end=\"1844\">Dimensiones: 104 mm (di\u00e1metro) x 97,5 mm (altura)<\/p>\n<\/li>\n<li class=\"\" data-start=\"1845\" data-end=\"1860\">\n<p class=\"\" data-start=\"1847\" data-end=\"1860\">Peso: 225g<\/p>\n<\/li>\n<li class=\"\" data-start=\"1861\" data-end=\"1889\">\n<p class=\"\" data-start=\"1863\" data-end=\"1889\">Fuente de alimentaci\u00f3n: 28 V CC<\/p>\n<\/li>\n<li class=\"\" data-start=\"1890\" data-end=\"1910\">\n<p class=\"\" data-start=\"1892\" data-end=\"1910\">Nivel de sonido: 100 dB<\/p>\n<\/li>\n<li class=\"\" data-start=\"1911\" data-end=\"1952\">\n<p class=\"\" data-start=\"1913\" data-end=\"1952\">Rango de temperatura: -10\u00b0C a +55\u00b0C<\/p>\n<\/li>\n<li class=\"\" data-start=\"1953\" data-end=\"1980\">\n<p class=\"\" data-start=\"1955\" data-end=\"1980\">Clasificaci\u00f3n IP: IP65<\/p>\n<\/li>\n<li class=\"\" data-start=\"1981\" data-end=\"2007\">\n<p class=\"\" data-start=\"1983\" data-end=\"2007\">Material: policarbonato<\/p>\n<\/li>\n<li class=\"\" data-start=\"2008\" data-end=\"2029\">\n<p class=\"\" data-start=\"2010\" data-end=\"2029\">Periodo de garant\u00eda: 10 a\u00f1os<\/p>\n<\/li>\n<\/ul>","protected":false},"excerpt":{"rendered":"<p>Los altavoces aislantes de la serie Apollo XP95 ofrecen niveles de volumen seleccionables (92 dB(A) y 100 dB(A)) y un woofer aislado de 4\u2033 para usar en \u00e1reas abiertas.<\/p>\n<p>Cumple con la norma EN 54-17 y funciona en sistemas Discovery y XP95.<\/p>","protected":false},"featured_media":150007,"template":"","meta":{"_acf_changed":false},"product_brand":[],"product_cat":[4751,4748],"product_tag":[],"class_list":{"0":"post-150008","1":"product","2":"type-product","3":"status-publish","4":"has-post-thumbnail","6":"product_cat-xp95-serien","7":"product_cat-discovery-serien","8":"pa_brands-apollo-fire-detectors","9":"tm-no-options","11":"first","12":"instock","13":"taxable","14":"shipping-taxable","15":"purchasable","16":"product-type-simple"},"acf":[],"_links":{"self":[{"href":"https:\/\/secureus.se\/es\/wp-json\/wp\/v2\/product\/150008","targetHints":{"allow":["GET"]}}],"collection":[{"href":"https:\/\/secureus.se\/es\/wp-json\/wp\/v2\/product"}],"about":[{"href":"https:\/\/secureus.se\/es\/wp-json\/wp\/v2\/types\/product"}],"wp:featuredmedia":[{"embeddable":true,"href":"https:\/\/secureus.se\/es\/wp-json\/wp\/v2\/media\/150007"}],"wp:attachment":[{"href":"https:\/\/secureus.se\/es\/wp-json\/wp\/v2\/media?parent=150008"}],"wp:term":[{"taxonomy":"product_brand","embeddable":true,"href":"https:\/\/secureus.se\/es\/wp-json\/wp\/v2\/product_brand?post=150008"},{"taxonomy":"product_cat","embeddable":true,"href":"https:\/\/secureus.se\/es\/wp-json\/wp\/v2\/product_cat?post=150008"},{"taxonomy":"product_tag","embeddable":true,"href":"https:\/\/secureus.se\/es\/wp-json\/wp\/v2\/product_tag?post=150008"}],"curies":[{"name":"wp","href":"https:\/\/api.w.org\/{rel}","templated":true}]}}