{"id":150010,"date":"2025-04-03T14:07:47","date_gmt":"2025-04-03T12:07:47","guid":{"rendered":"https:\/\/secureus.se\/apollo-45681-276apo-xp95-series-monteringsbas-for-kompletterande-flertonljudgivare-85db-a-inomhusbruk-en54-3-kompatibel-vit\/"},"modified":"2026-05-06T14:09:15","modified_gmt":"2026-05-06T12:09:15","slug":"apollo-45681-276apo-xp95-series-monteringsbas-for-kompletterande-flertonljudgivare-85db-a-inomhusbruk-en54-3-kompatibel-vit","status":"publish","type":"product","link":"https:\/\/secureus.se\/es\/apollo-45681-276apo-xp95-series-monteringsbas-for-kompletterande-flertonljudgivare-85db-a-inomhusbruk-en54-3-kompatibel-vit\/","title":{"rendered":"Apollo 45681-276APO Serie XP95, Base de montaje para sirena multitono suplementaria de 85 dB A, Uso en interiores, Cumple con la norma EN54-3, Blanco"},"content":{"rendered":"<h1>Apollo 45681-276APO Serie XP95, Base de montaje para sirena multitono suplementaria de 85 dB A, Uso en interiores, Cumple con la norma EN54-3, Blanco<\/h1>\n<p class=\"\" data-start=\"554\" data-end=\"996\">La sirena de base auxiliar Apollo XP95 es una sirena de uso local dise\u00f1ada para entornos interiores.<\/p>\n<p class=\"\" data-start=\"554\" data-end=\"996\">Es compatible con los detectores XP95, Discovery y Soteria y se controla mediante el panel de control mediante operaci\u00f3n de bucle.<\/p>\n<p class=\"\" data-start=\"554\" data-end=\"996\">El transmisor de sonido tiene un nivel de sonido garantizado de 85 dB(A) a una distancia de 1 metro y utiliza s\u00f3lo 3 mA de corriente, lo que permite conectar hasta 126 transmisores de sonido al mismo bucle.<\/p>\n<p class=\"\" data-start=\"998\" data-end=\"1400\">Este dispositivo est\u00e1 equipado con un control de volumen ajustable que permite establecer el nivel de sonido de 70 dB(A) a 85 dB(A). La se\u00f1al sonora es un tono alterno de 990 Hz y 630 Hz durante 0,5 segundos cada uno, lo que la hace eficaz para advertir en diversas situaciones de emergencia.<\/p>\n<p class=\"\" data-start=\"998\" data-end=\"1400\">Como el dispositivo responde a las se\u00f1ales del detector o baliza asociado, no requiere su propia direcci\u00f3n, lo que simplifica la instalaci\u00f3n.<\/p>\n<p class=\"\" data-start=\"1402\" data-end=\"1565\">Con un rango de temperatura de funcionamiento de -20 \u00b0C a +60 \u00b0C y una clasificaci\u00f3n IP23D, este transmisor de audio es confiable y robusto para su uso en una variedad de entornos interiores.<\/p>\n<p class=\"\" data-start=\"1567\" data-end=\"1597\"><strong data-start=\"1567\" data-end=\"1595\">Caracter\u00edsticas principales:<\/strong><\/p>\n<ul data-start=\"1598\" data-end=\"1906\">\n<li class=\"\" data-start=\"1598\" data-end=\"1641\">\n<p class=\"\" data-start=\"1600\" data-end=\"1641\">Nivel de sonido: 85 dB(A) a 1 metro de distancia<\/p>\n<\/li>\n<li class=\"\" data-start=\"1642\" data-end=\"1668\">\n<p class=\"\" data-start=\"1644\" data-end=\"1668\">Consumo de corriente: 3 mA<\/p>\n<\/li>\n<li class=\"\" data-start=\"1669\" data-end=\"1722\">\n<p class=\"\" data-start=\"1671\" data-end=\"1722\">Alimentado por bucle, no requiere fuente de alimentaci\u00f3n externa<\/p>\n<\/li>\n<li class=\"\" data-start=\"1723\" data-end=\"1770\">\n<p class=\"\" data-start=\"1725\" data-end=\"1770\">Volumen ajustable de 70 dB(A) a 85 dB(A)<\/p>\n<\/li>\n<li class=\"\" data-start=\"1771\" data-end=\"1816\">\n<p class=\"\" data-start=\"1773\" data-end=\"1816\">Frecuencias de tono alternas: 990 Hz y 630 Hz<\/p>\n<\/li>\n<li class=\"\" data-start=\"1817\" data-end=\"1870\">\n<p class=\"\" data-start=\"1819\" data-end=\"1870\">Compatible con sistemas XP95, Discovery y Soteria<\/p>\n<\/li>\n<li class=\"\" data-start=\"1871\" data-end=\"1906\">\n<p class=\"\" data-start=\"1873\" data-end=\"1906\">Marcado CE y conforme a la norma EN 54-3<\/p>\n<\/li>\n<\/ul>\n<p class=\"\" data-start=\"1908\" data-end=\"1939\"><strong data-start=\"1908\" data-end=\"1937\">Especificaciones t\u00e9cnicas:<\/strong><\/p>\n<ul data-start=\"1940\" data-end=\"2161\">\n<li class=\"\" data-start=\"1940\" data-end=\"1953\">\n<p class=\"\" data-start=\"1942\" data-end=\"1953\">Color: blanco<\/p>\n<\/li>\n<li class=\"\" data-start=\"1954\" data-end=\"1996\">\n<p class=\"\" data-start=\"1956\" data-end=\"1996\">Dimensiones: 115 mm (di\u00e1metro) x 38 mm (altura)<\/p>\n<\/li>\n<li class=\"\" data-start=\"1997\" data-end=\"2012\">\n<p class=\"\" data-start=\"1999\" data-end=\"2012\">Peso: 140g<\/p>\n<\/li>\n<li class=\"\" data-start=\"2013\" data-end=\"2041\">\n<p class=\"\" data-start=\"2015\" data-end=\"2041\">Fuente de alimentaci\u00f3n: 28 V CC<\/p>\n<\/li>\n<li class=\"\" data-start=\"2042\" data-end=\"2083\">\n<p class=\"\" data-start=\"2044\" data-end=\"2083\">Rango de temperatura: -20\u00b0C a +60\u00b0C<\/p>\n<\/li>\n<li class=\"\" data-start=\"2084\" data-end=\"2112\">\n<p class=\"\" data-start=\"2086\" data-end=\"2112\">Clasificaci\u00f3n IP: IP23D<\/p>\n<\/li>\n<li class=\"\" data-start=\"2113\" data-end=\"2139\">\n<p class=\"\" data-start=\"2115\" data-end=\"2139\">Material: policarbonato<\/p>\n<\/li>\n<li class=\"\" data-start=\"2140\" data-end=\"2161\">\n<p class=\"\" data-start=\"2142\" data-end=\"2161\">Periodo de garant\u00eda: 10 a\u00f1os<\/p>\n<\/li>\n<\/ul>","protected":false},"excerpt":{"rendered":"<p>La base de montaje Apollo XP95 para sirenas multitono complementarias ofrece un nivel de sonido de 85 dB(A) a 1 metro de distancia, con un consumo de energ\u00eda de solo 3 mA.<\/p>\n<p>Dise\u00f1ado para uso en interiores, este bajo funciona en sistemas XP95, Discovery y Soteria y tiene un control de volumen ajustable.<\/p>","protected":false},"featured_media":150009,"template":"","meta":{"_acf_changed":false},"product_brand":[],"product_cat":[4751],"product_tag":[],"class_list":{"0":"post-150010","1":"product","2":"type-product","3":"status-publish","4":"has-post-thumbnail","6":"product_cat-xp95-serien","7":"pa_brands-apollo-fire-detectors","8":"tm-no-options","10":"first","11":"instock","12":"sale","13":"taxable","14":"shipping-taxable","15":"purchasable","16":"product-type-simple"},"acf":[],"_links":{"self":[{"href":"https:\/\/secureus.se\/es\/wp-json\/wp\/v2\/product\/150010","targetHints":{"allow":["GET"]}}],"collection":[{"href":"https:\/\/secureus.se\/es\/wp-json\/wp\/v2\/product"}],"about":[{"href":"https:\/\/secureus.se\/es\/wp-json\/wp\/v2\/types\/product"}],"wp:featuredmedia":[{"embeddable":true,"href":"https:\/\/secureus.se\/es\/wp-json\/wp\/v2\/media\/150009"}],"wp:attachment":[{"href":"https:\/\/secureus.se\/es\/wp-json\/wp\/v2\/media?parent=150010"}],"wp:term":[{"taxonomy":"product_brand","embeddable":true,"href":"https:\/\/secureus.se\/es\/wp-json\/wp\/v2\/product_brand?post=150010"},{"taxonomy":"product_cat","embeddable":true,"href":"https:\/\/secureus.se\/es\/wp-json\/wp\/v2\/product_cat?post=150010"},{"taxonomy":"product_tag","embeddable":true,"href":"https:\/\/secureus.se\/es\/wp-json\/wp\/v2\/product_tag?post=150010"}],"curies":[{"name":"wp","href":"https:\/\/api.w.org\/{rel}","templated":true}]}}