{"id":150018,"date":"2025-04-03T14:07:39","date_gmt":"2025-04-03T12:07:39","guid":{"rendered":"https:\/\/secureus.se\/apollo-55000-660apo-xp95-series-optisk-rokdetektor-svart\/"},"modified":"2026-04-01T15:54:40","modified_gmt":"2026-04-01T13:54:40","slug":"apollo-55000-660apo-xp95-series-optisk-rokdetektor-svart","status":"publish","type":"product","link":"https:\/\/secureus.se\/es\/apollo-55000-660apo-xp95-series-optisk-rokdetektor-svart\/","title":{"rendered":"Detector de humo \u00f3ptico Apollo 55000-660APO serie XP95, color negro"},"content":{"rendered":"<h1>Detector de humo \u00f3ptico Apollo 55000-660APO serie XP95, color negro<\/h1>\n<p>El detector de humo \u00f3ptico Apollo XP95 (55000-660APO) utiliza el principio de dispersi\u00f3n de luz para detectar humo de manera confiable en \u00e1reas donde es probable que se produzcan incendios de combusti\u00f3n lenta o latente.<\/p>\n<p>Tiene una sensibilidad calibrada que le permite reaccionar r\u00e1pidamente al humo a la vez que filtra las interferencias causadas por el viento o los cambios de presi\u00f3n atmosf\u00e9rica, lo que lo hace ideal para su uso en rutas de escape.<\/p>\n<p class=\"\" data-start=\"925\" data-end=\"1286\">El detector est\u00e1 conectado a un sistema de bucle de dos cables y utiliza comunicaci\u00f3n digital (XP95, Discovery y CoreProtocol\u00ae) para garantizar la estabilidad y una alta inmunidad a las interferencias, lo que es crucial en sistemas m\u00e1s grandes donde la seguridad de la vida es importante.<\/p>\n<p class=\"\" data-start=\"925\" data-end=\"1286\">Una luz LED en la unidad proporciona una indicaci\u00f3n visual del estado del sistema y es blanca en modo de espera y roja en alarma.<\/p>\n<p class=\"\" data-start=\"1288\" data-end=\"1558\">Con un rango de temperatura de funcionamiento de -20\u00b0C a +60\u00b0C y un dise\u00f1o que lo hace adecuado tanto para uso en interiores como en exteriores, es ideal tanto para entornos comerciales como industriales.<\/p>\n<p class=\"\" data-start=\"1288\" data-end=\"1558\">Tambi\u00e9n cuenta con la marca CE y cumple con los est\u00e1ndares de seguridad internacionales para detectores de incendios.<\/p>\n<p class=\"\" data-start=\"1560\" data-end=\"1590\"><strong data-start=\"1560\" data-end=\"1588\">Caracter\u00edsticas principales:<\/strong><\/p>\n<ul data-start=\"1591\" data-end=\"1852\">\n<li class=\"\" data-start=\"1591\" data-end=\"1664\">\n<p class=\"\" data-start=\"1593\" data-end=\"1664\">Detecci\u00f3n fiable de incendios en rangos de temperatura de -20 \u00b0C a +60 \u00b0C<\/p>\n<\/li>\n<li class=\"\" data-start=\"1665\" data-end=\"1697\">\n<p class=\"\" data-start=\"1667\" data-end=\"1697\">Ideal para rutas de escape<\/p>\n<\/li>\n<li class=\"\" data-start=\"1698\" data-end=\"1742\">\n<p class=\"\" data-start=\"1700\" data-end=\"1742\">No se ve afectado por el viento ni la presi\u00f3n atmosf\u00e9rica.<\/p>\n<\/li>\n<li class=\"\" data-start=\"1743\" data-end=\"1792\">\n<p class=\"\" data-start=\"1745\" data-end=\"1792\">Indicador LED (blanco en espera, rojo en alarma)<\/p>\n<\/li>\n<li class=\"\" data-start=\"1793\" data-end=\"1852\">\n<p class=\"\" data-start=\"1795\" data-end=\"1852\">Compatible con sistemas XP95, Discovery y CoreProtocol\u00ae<\/p>\n<\/li>\n<\/ul>\n<p class=\"\" data-start=\"1854\" data-end=\"1885\"><strong data-start=\"1854\" data-end=\"1883\">Especificaciones t\u00e9cnicas:<\/strong><\/p>\n<ul data-start=\"1886\" data-end=\"2139\">\n<li class=\"\" data-start=\"1886\" data-end=\"1901\">\n<p class=\"\" data-start=\"1888\" data-end=\"1901\">Color: Negro<\/p>\n<\/li>\n<li class=\"\" data-start=\"1902\" data-end=\"1922\">\n<p class=\"\" data-start=\"1904\" data-end=\"1922\">Di\u00e1metro: 100 mm<\/p>\n<\/li>\n<li class=\"\" data-start=\"1923\" data-end=\"1938\">\n<p class=\"\" data-start=\"1925\" data-end=\"1938\">Altura: 42 mm<\/p>\n<\/li>\n<li class=\"\" data-start=\"1939\" data-end=\"1954\">\n<p class=\"\" data-start=\"1941\" data-end=\"1954\">Peso: 105g<\/p>\n<\/li>\n<li class=\"\" data-start=\"1955\" data-end=\"1983\">\n<p class=\"\" data-start=\"1957\" data-end=\"1983\">Fuente de alimentaci\u00f3n: 28 V CC<\/p>\n<\/li>\n<li class=\"\" data-start=\"1984\" data-end=\"2046\">\n<p class=\"\" data-start=\"1986\" data-end=\"2046\">Calibrado para dar un valor anal\u00f3gico de 25 \u00b1 7 en aire limpio<\/p>\n<\/li>\n<li class=\"\" data-start=\"2047\" data-end=\"2088\">\n<p class=\"\" data-start=\"2049\" data-end=\"2088\">Rango de temperatura: -20\u00b0C a +60\u00b0C<\/p>\n<\/li>\n<li class=\"\" data-start=\"2089\" data-end=\"2117\">\n<p class=\"\" data-start=\"2091\" data-end=\"2117\">Clasificaci\u00f3n IP: IP23D<\/p>\n<\/li>\n<li class=\"\" data-start=\"2118\" data-end=\"2139\">\n<p class=\"\" data-start=\"2120\" data-end=\"2139\">Periodo de garant\u00eda: 10 a\u00f1os<\/p>\n<\/li>\n<\/ul>","protected":false},"excerpt":{"rendered":"<p>El detector de humo \u00f3ptico Apollo XP95 proporciona una detecci\u00f3n de incendios confiable en un amplio rango de temperatura de -20 \u00b0C a 60 \u00b0C.<\/p>\n<p>Es especialmente bueno para rutas de escape y no se ve afectado por el viento ni la presi\u00f3n atmosf\u00e9rica, lo que lo hace muy eficaz incluso en entornos dif\u00edciles.<\/p>","protected":false},"featured_media":150017,"template":"","meta":{"_acf_changed":false},"product_brand":[],"product_cat":[4751],"product_tag":[],"class_list":{"0":"post-150018","1":"product","2":"type-product","3":"status-publish","4":"has-post-thumbnail","6":"product_cat-xp95-serien","7":"pa_brands-apollo-fire-detectors","8":"tm-no-options","10":"first","11":"onbackorder","12":"sale","13":"taxable","14":"shipping-taxable","15":"purchasable","16":"product-type-simple"},"acf":[],"_links":{"self":[{"href":"https:\/\/secureus.se\/es\/wp-json\/wp\/v2\/product\/150018","targetHints":{"allow":["GET"]}}],"collection":[{"href":"https:\/\/secureus.se\/es\/wp-json\/wp\/v2\/product"}],"about":[{"href":"https:\/\/secureus.se\/es\/wp-json\/wp\/v2\/types\/product"}],"wp:featuredmedia":[{"embeddable":true,"href":"https:\/\/secureus.se\/es\/wp-json\/wp\/v2\/media\/150017"}],"wp:attachment":[{"href":"https:\/\/secureus.se\/es\/wp-json\/wp\/v2\/media?parent=150018"}],"wp:term":[{"taxonomy":"product_brand","embeddable":true,"href":"https:\/\/secureus.se\/es\/wp-json\/wp\/v2\/product_brand?post=150018"},{"taxonomy":"product_cat","embeddable":true,"href":"https:\/\/secureus.se\/es\/wp-json\/wp\/v2\/product_cat?post=150018"},{"taxonomy":"product_tag","embeddable":true,"href":"https:\/\/secureus.se\/es\/wp-json\/wp\/v2\/product_tag?post=150018"}],"curies":[{"name":"wp","href":"https:\/\/api.w.org\/{rel}","templated":true}]}}