{"id":150020,"date":"2025-04-03T14:07:39","date_gmt":"2025-04-03T12:07:39","guid":{"rendered":"https:\/\/secureus.se\/apollo-53541-170apo-provtagningsror-for-kanaldetektor-300-750-mm\/"},"modified":"2026-04-09T11:30:16","modified_gmt":"2026-04-09T09:30:16","slug":"apollo-53541-170apo-provtagningsror-for-kanaldetektor-300-750-mm","status":"publish","type":"product","link":"https:\/\/secureus.se\/es\/apollo-53541-170apo-provtagningsror-for-kanaldetektor-300-750-mm\/","title":{"rendered":"Tubo de muestreo Apollo 53541-170APO para detector de conductos, 300-750 mm"},"content":{"rendered":"<h1>Tubo de muestreo Apollo 53541-170APO para detector de conductos, 300-750 mm<\/h1>\n<p>El tubo de muestreo del detector de conductos Apollo (53541-170APO) est\u00e1 dise\u00f1ado para recolectar eficazmente muestras de humo de conductos con un ancho de entre 300 mm y 3000 mm.<\/p>\n<p>Viene con un tubo de muestreo de 360 mm, que es adecuado para conductos con un ancho de hasta 540 mm.<\/p>\n<p>Este tubo de muestreo permite utilizar detectores de conductos en una amplia gama de entornos de instalaci\u00f3n, lo que lo convierte en una soluci\u00f3n flexible para la detecci\u00f3n de incendios en sistemas de ventilaci\u00f3n.<\/p>\n<p>Para anchos de conducto mayores, se pueden pedir tubos de muestreo m\u00e1s largos por separado, lo que proporciona una flexibilidad a\u00fan mayor para requisitos de instalaci\u00f3n espec\u00edficos.<\/p>\n<p>Con su dise\u00f1o y funcionalidad, este tubo de muestreo garantiza una detecci\u00f3n de humo efectiva y confiable en sistemas de conductos, mejorando la seguridad en edificios comerciales e industriales.<\/p>\n<p class=\"\" data-start=\"1281\" data-end=\"1311\"><strong data-start=\"1281\" data-end=\"1309\">Caracter\u00edsticas principales:<\/strong><\/p>\n<ul data-start=\"1312\" data-end=\"1599\">\n<li class=\"\" data-start=\"1312\" data-end=\"1375\">\n<p class=\"\" data-start=\"1314\" data-end=\"1375\">Funciona en canales con un ancho de entre 300 mm y 3000 mm.<\/p>\n<\/li>\n<li class=\"\" data-start=\"1376\" data-end=\"1463\">\n<p class=\"\" data-start=\"1378\" data-end=\"1463\">Incluye un tubo de muestreo de 360 mm, adecuado para anchos de conducto de hasta 540 mm.<\/p>\n<\/li>\n<li class=\"\" data-start=\"1464\" data-end=\"1538\">\n<p class=\"\" data-start=\"1466\" data-end=\"1538\">Se pueden pedir tubos de muestreo m\u00e1s largos por separado para instalaciones m\u00e1s grandes.<\/p>\n<\/li>\n<li class=\"\" data-start=\"1539\" data-end=\"1599\">\n<p class=\"\" data-start=\"1541\" data-end=\"1599\">Marcado CE y dise\u00f1ado para su uso con detectores de conductos.<\/p>\n<\/li>\n<\/ul>\n<p class=\"\" data-start=\"1601\" data-end=\"1632\"><strong data-start=\"1601\" data-end=\"1630\">Especificaciones t\u00e9cnicas:<\/strong><\/p>\n<ul data-start=\"1633\" data-end=\"1809\">\n<li class=\"\" data-start=\"1633\" data-end=\"1668\">\n<p class=\"\" data-start=\"1635\" data-end=\"1668\">Muestreo est\u00e1ndar: tubo de 360 mm<\/p>\n<\/li>\n<li class=\"\" data-start=\"1669\" data-end=\"1713\">\n<p class=\"\" data-start=\"1671\" data-end=\"1713\">Adecuado para anchos de conducto de hasta 540 mm.<\/p>\n<\/li>\n<li class=\"\" data-start=\"1714\" data-end=\"1748\">\n<p class=\"\" data-start=\"1716\" data-end=\"1748\">Compatible con detectores de canales<\/p>\n<\/li>\n<li class=\"\" data-start=\"1749\" data-end=\"1778\">\n<p class=\"\" data-start=\"1751\" data-end=\"1778\">Certificaci\u00f3n: marcado CE<\/p>\n<\/li>\n<li class=\"\" data-start=\"1779\" data-end=\"1809\">\n<p class=\"\" data-start=\"1781\" data-end=\"1809\">Garant\u00eda: Garant\u00eda limitada<\/p>\n<\/li>\n<\/ul>","protected":false},"excerpt":{"rendered":"<p>Los tubos de muestreo Apollo para detectores de conductos est\u00e1n dise\u00f1ados para su uso en conductos con un ancho de entre 300 mm y 3000 mm.<\/p>\n<p>Se incluye de serie un tubo de muestreo de 360 mm, adecuado para anchos de conducto de hasta 540 mm.<\/p>","protected":false},"featured_media":150019,"template":"","meta":{"_acf_changed":false},"product_brand":[],"product_cat":[4751],"product_tag":[],"class_list":{"0":"post-150020","1":"product","2":"type-product","3":"status-publish","4":"has-post-thumbnail","6":"product_cat-xp95-serien","7":"pa_brands-apollo-fire-detectors","8":"tm-no-options","10":"first","11":"instock","12":"taxable","13":"shipping-taxable","14":"purchasable","15":"product-type-simple"},"acf":[],"_links":{"self":[{"href":"https:\/\/secureus.se\/es\/wp-json\/wp\/v2\/product\/150020","targetHints":{"allow":["GET"]}}],"collection":[{"href":"https:\/\/secureus.se\/es\/wp-json\/wp\/v2\/product"}],"about":[{"href":"https:\/\/secureus.se\/es\/wp-json\/wp\/v2\/types\/product"}],"wp:featuredmedia":[{"embeddable":true,"href":"https:\/\/secureus.se\/es\/wp-json\/wp\/v2\/media\/150019"}],"wp:attachment":[{"href":"https:\/\/secureus.se\/es\/wp-json\/wp\/v2\/media?parent=150020"}],"wp:term":[{"taxonomy":"product_brand","embeddable":true,"href":"https:\/\/secureus.se\/es\/wp-json\/wp\/v2\/product_brand?post=150020"},{"taxonomy":"product_cat","embeddable":true,"href":"https:\/\/secureus.se\/es\/wp-json\/wp\/v2\/product_cat?post=150020"},{"taxonomy":"product_tag","embeddable":true,"href":"https:\/\/secureus.se\/es\/wp-json\/wp\/v2\/product_tag?post=150020"}],"curies":[{"name":"wp","href":"https:\/\/api.w.org\/{rel}","templated":true}]}}