{"id":150024,"date":"2025-04-03T13:35:31","date_gmt":"2025-04-03T11:35:31","guid":{"rendered":"https:\/\/secureus.se\/apollo-55000-721mar-marine-isolator-negativ-vit\/"},"modified":"2026-04-09T11:30:49","modified_gmt":"2026-04-09T09:30:49","slug":"apollo-55000-721mar-marine-isolator-negativ-vit","status":"publish","type":"product","link":"https:\/\/secureus.se\/es\/apollo-55000-721mar-marine-isolator-negativ-vit\/","title":{"rendered":"Aislador marino negativo Apollo 55000-721MAR, blanco"},"content":{"rendered":"<h1>Aislador marino negativo Apollo 55000-721MAR, blanco<\/h1>\n<p class=\"\" data-start=\"406\" data-end=\"899\">El aislador marino Apollo 55000-721MAR est\u00e1 dise\u00f1ado para detectar cortocircuitos en los sistemas de protecci\u00f3n contra incendios marinos y minimizar las perturbaciones que puedan causarse por ellos.<\/p>\n<p class=\"\" data-start=\"406\" data-end=\"899\">El aislante se coloca a intervalos regulares en el bucle y garantiza que en caso de cortocircuito solo se vea afectada la secci\u00f3n entre los aislantes.<\/p>\n<p class=\"\" data-start=\"406\" data-end=\"899\">Cuando se elimina el cortocircuito, los aisladores restablecen autom\u00e1ticamente tanto la energ\u00eda como los datos a la secci\u00f3n aislada, lo que hace que el sistema sea m\u00e1s confiable y robusto.<\/p>\n<p class=\"\" data-start=\"901\" data-end=\"1197\">La tecnolog\u00eda patentada proporciona una respuesta r\u00e1pida a los cortocircuitos y proporciona un alto nivel de seguridad en entornos marinos.<\/p>\n<p class=\"\" data-start=\"901\" data-end=\"1197\">El aislador marino Apollo tiene marca CE y ha demostrado ser una soluci\u00f3n eficaz para reducir el tiempo de inactividad y garantizar que el sistema de protecci\u00f3n contra incendios permanezca intacto durante toda la operaci\u00f3n.<\/p>","protected":false},"excerpt":{"rendered":"<p>El aislador marino Apollo 55000-721MAR es un aislador negativo que detecta y minimiza eficazmente las interferencias de cortocircuitos en entornos marinos.<\/p>\n<p>Utilizando tecnolog\u00eda patentada, restaura autom\u00e1ticamente la energ\u00eda y los datos una vez que se elimina el cortocircuito.<\/p>","protected":false},"featured_media":150023,"template":"","meta":{"_acf_changed":false},"product_brand":[],"product_cat":[4751],"product_tag":[],"class_list":{"0":"post-150024","1":"product","2":"type-product","3":"status-publish","4":"has-post-thumbnail","6":"product_cat-xp95-serien","7":"pa_brands-apollo-fire-detectors","8":"tm-no-options","10":"first","11":"instock","12":"taxable","13":"shipping-taxable","14":"purchasable","15":"product-type-simple"},"acf":[],"_links":{"self":[{"href":"https:\/\/secureus.se\/es\/wp-json\/wp\/v2\/product\/150024","targetHints":{"allow":["GET"]}}],"collection":[{"href":"https:\/\/secureus.se\/es\/wp-json\/wp\/v2\/product"}],"about":[{"href":"https:\/\/secureus.se\/es\/wp-json\/wp\/v2\/types\/product"}],"wp:featuredmedia":[{"embeddable":true,"href":"https:\/\/secureus.se\/es\/wp-json\/wp\/v2\/media\/150023"}],"wp:attachment":[{"href":"https:\/\/secureus.se\/es\/wp-json\/wp\/v2\/media?parent=150024"}],"wp:term":[{"taxonomy":"product_brand","embeddable":true,"href":"https:\/\/secureus.se\/es\/wp-json\/wp\/v2\/product_brand?post=150024"},{"taxonomy":"product_cat","embeddable":true,"href":"https:\/\/secureus.se\/es\/wp-json\/wp\/v2\/product_cat?post=150024"},{"taxonomy":"product_tag","embeddable":true,"href":"https:\/\/secureus.se\/es\/wp-json\/wp\/v2\/product_tag?post=150024"}],"curies":[{"name":"wp","href":"https:\/\/api.w.org\/{rel}","templated":true}]}}