{"id":150032,"date":"2025-04-03T13:35:25","date_gmt":"2025-04-03T11:35:25","guid":{"rendered":"https:\/\/secureus.se\/apollo-55000-845apo-xp95-serien-modul-for-overvakning-av-isolerande-zoner\/"},"modified":"2026-04-16T15:45:37","modified_gmt":"2026-04-16T13:45:37","slug":"apollo-55000-845apo-xp95-serien-modul-for-overvakning-av-isolerande-zoner","status":"publish","type":"product","link":"https:\/\/secureus.se\/es\/apollo-55000-845apo-xp95-serien-modul-for-overvakning-av-isolerande-zoner\/","title":{"rendered":"M\u00f3dulo de monitoreo de zona de aislamiento Apollo 55000-845APO serie XP95"},"content":{"rendered":"<h1>M\u00f3dulo de monitoreo de zona de aislamiento Apollo 55000-845APO serie XP95<\/h1>\n<p>El monitor de zona con aislador Apollo 55000-845APO XP95 es una soluci\u00f3n innovadora para monitorear y controlar detectores de incendios en una zona de aislamiento.<\/p>\n<p>Este m\u00f3dulo utiliza un sistema aislador de cortocircuito bidireccional que garantiza que el sistema no se vea afectado por cortocircuitos en los bucles.<\/p>\n<p>Est\u00e1 dise\u00f1ado para manejar hasta 20 detectores de incendios Apollo, incluidos los modelos Orbis y Serie 65, y est\u00e1 destinado para uso en interiores.<\/p>\n<p class=\"\" data-start=\"913\" data-end=\"1325\">Con una alta clasificaci\u00f3n IP54, este monitor de zona es lo suficientemente robusto para garantizar un funcionamiento confiable en una variedad de entornos.<\/p>\n<p class=\"\" data-start=\"913\" data-end=\"1325\">Est\u00e1 equipado con dos LED: uno rojo que indica alarma de incendio y otro amarillo que se enciende en caso de cortocircuito.<\/p>\n<p class=\"\" data-start=\"913\" data-end=\"1325\">El m\u00f3dulo utiliza protocolos Apollo XP95 o Discovery y es compatible con sistemas m\u00e1s antiguos.<\/p>\n<p class=\"\" data-start=\"913\" data-end=\"1325\">Tambi\u00e9n cuenta con la marca CE y cumple con las directivas EMC y las regulaciones de productos de construcci\u00f3n pertinentes.<\/p>\n<p class=\"\" data-start=\"1327\" data-end=\"1514\">Est\u00e1 dise\u00f1ado para ser f\u00e1cil de instalar y mantener, con un amplio rango de temperatura de -20 \u00b0 C a + 70 \u00b0 C y un consumo de energ\u00eda optimizado para un funcionamiento a largo plazo.<\/p>","protected":false},"excerpt":{"rendered":"<p>El monitor de zona con aislador Apollo 55000-845APO XP95 es un m\u00f3dulo de monitoreo de zona de aislamiento que alimenta y controla una zona con hasta 20 detectores de incendio.<\/p>\n<p>Equipado con un aislador de cortocircuito bidireccional, est\u00e1 dise\u00f1ado para no verse afectado por cortocircuitos en los bucles.<\/p>","protected":false},"featured_media":150031,"template":"","meta":{"_acf_changed":false},"product_brand":[],"product_cat":[4751],"product_tag":[],"class_list":{"0":"post-150032","1":"product","2":"type-product","3":"status-publish","4":"has-post-thumbnail","6":"product_cat-xp95-serien","7":"pa_brands-apollo-fire-detectors","8":"tm-no-options","10":"first","11":"instock","12":"taxable","13":"shipping-taxable","14":"purchasable","15":"product-type-simple"},"acf":[],"_links":{"self":[{"href":"https:\/\/secureus.se\/es\/wp-json\/wp\/v2\/product\/150032","targetHints":{"allow":["GET"]}}],"collection":[{"href":"https:\/\/secureus.se\/es\/wp-json\/wp\/v2\/product"}],"about":[{"href":"https:\/\/secureus.se\/es\/wp-json\/wp\/v2\/types\/product"}],"wp:featuredmedia":[{"embeddable":true,"href":"https:\/\/secureus.se\/es\/wp-json\/wp\/v2\/media\/150031"}],"wp:attachment":[{"href":"https:\/\/secureus.se\/es\/wp-json\/wp\/v2\/media?parent=150032"}],"wp:term":[{"taxonomy":"product_brand","embeddable":true,"href":"https:\/\/secureus.se\/es\/wp-json\/wp\/v2\/product_brand?post=150032"},{"taxonomy":"product_cat","embeddable":true,"href":"https:\/\/secureus.se\/es\/wp-json\/wp\/v2\/product_cat?post=150032"},{"taxonomy":"product_tag","embeddable":true,"href":"https:\/\/secureus.se\/es\/wp-json\/wp\/v2\/product_tag?post=150032"}],"curies":[{"name":"wp","href":"https:\/\/api.w.org\/{rel}","templated":true}]}}