{"id":150038,"date":"2025-04-03T13:35:21","date_gmt":"2025-04-03T11:35:21","guid":{"rendered":"https:\/\/secureus.se\/apollo-55000-760apo-xp95-series-isolerande-din-skena-mini-switch-monitor-module\/"},"modified":"2026-04-16T15:49:55","modified_gmt":"2026-04-16T13:49:55","slug":"apollo-55000-760apo-xp95-series-isolerande-din-skena-mini-switch-monitor-module","status":"publish","type":"product","link":"https:\/\/secureus.se\/es\/apollo-55000-760apo-xp95-series-isolerande-din-skena-mini-switch-monitor-module\/","title":{"rendered":"M\u00f3dulo de monitorizaci\u00f3n de miniinterruptor de riel DIN de aislamiento Apollo 55000-760APO serie XP95"},"content":{"rendered":"<h1>M\u00f3dulo de monitorizaci\u00f3n de miniinterruptor de riel DIN de aislamiento Apollo 55000-760APO serie XP95<\/h1>\n<p>El m\u00f3dulo de monitoreo de mini interruptores Apollo 55000-760APO XP95 es una soluci\u00f3n compacta para monitorear uno o m\u00e1s contactos sin voltaje.<\/p>\n<p>Es especialmente \u00fatil donde el espacio es limitado, ya que el m\u00f3dulo mide s\u00f3lo 39 mm x 39 mm x 20 mm.<\/p>\n<p>Tambi\u00e9n se puede montar en un carril DIN para una f\u00e1cil instalaci\u00f3n.<\/p>\n<p>El dispositivo es compatible con los sistemas Apollo XP95, Discovery y CoreProtocol y ofrece tres indicadores de estado para mostrar el estado normal, de falla y de alarma.<\/p>\n<p>Esta unidad tambi\u00e9n est\u00e1 equipada con un aislador de cortocircuito y se puede utilizar tanto para sistemas prioritarios como no prioritarios.<\/p>\n<p>Tambi\u00e9n incluye un estado de alarma retardada (\u201cprealarma\u201d) que permite investigar posibles alarmas y reduce el riesgo de falsas alarmas.<\/p>\n<p>Con marca CE y certificaci\u00f3n VdS, este es un componente confiable para sistemas avanzados de alarma contra incendios.<\/p>","protected":false},"excerpt":{"rendered":"<p>El m\u00f3dulo de monitoreo de mini interruptores Apollo 55000-760APO serie XP95 es un dispositivo compacto que monitorea uno o m\u00e1s contactos unipolares libres de voltaje e informa el estado al panel de control de incendios.<\/p>\n<p>Est\u00e1 dise\u00f1ado para usarse donde el espacio es limitado y se puede montar en un riel DIN.<\/p>","protected":false},"featured_media":150037,"template":"","meta":{"_acf_changed":false},"product_brand":[],"product_cat":[4751],"product_tag":[],"class_list":{"0":"post-150038","1":"product","2":"type-product","3":"status-publish","4":"has-post-thumbnail","6":"product_cat-xp95-serien","7":"pa_brands-apollo-fire-detectors","8":"tm-no-options","10":"first","11":"instock","12":"taxable","13":"shipping-taxable","14":"purchasable","15":"product-type-simple"},"acf":[],"_links":{"self":[{"href":"https:\/\/secureus.se\/es\/wp-json\/wp\/v2\/product\/150038","targetHints":{"allow":["GET"]}}],"collection":[{"href":"https:\/\/secureus.se\/es\/wp-json\/wp\/v2\/product"}],"about":[{"href":"https:\/\/secureus.se\/es\/wp-json\/wp\/v2\/types\/product"}],"wp:featuredmedia":[{"embeddable":true,"href":"https:\/\/secureus.se\/es\/wp-json\/wp\/v2\/media\/150037"}],"wp:attachment":[{"href":"https:\/\/secureus.se\/es\/wp-json\/wp\/v2\/media?parent=150038"}],"wp:term":[{"taxonomy":"product_brand","embeddable":true,"href":"https:\/\/secureus.se\/es\/wp-json\/wp\/v2\/product_brand?post=150038"},{"taxonomy":"product_cat","embeddable":true,"href":"https:\/\/secureus.se\/es\/wp-json\/wp\/v2\/product_cat?post=150038"},{"taxonomy":"product_tag","embeddable":true,"href":"https:\/\/secureus.se\/es\/wp-json\/wp\/v2\/product_tag?post=150038"}],"curies":[{"name":"wp","href":"https:\/\/api.w.org\/{rel}","templated":true}]}}