{"id":150046,"date":"2025-04-03T13:23:21","date_gmt":"2025-04-03T11:23:21","guid":{"rendered":"https:\/\/secureus.se\/apollo-45681-284apo-xpert-7-series-isolerande-detektormontering-vit\/"},"modified":"2026-05-06T14:13:26","modified_gmt":"2026-05-06T12:13:26","slug":"apollo-45681-284apo-xpert-7-series-isolerande-detektormontering-vit","status":"publish","type":"product","link":"https:\/\/secureus.se\/es\/apollo-45681-284apo-xpert-7-series-isolerande-detektormontering-vit\/","title":{"rendered":"Apollo 45681-284APO Xpert 7 Series, soporte de detector aislante, blanco"},"content":{"rendered":"<h1>Apollo 45681-284APO Xpert 7 Series, soporte de detector aislante, blanco<\/h1>\n<p>El conjunto de detector de aislamiento Apollo 45681-284APO Xpert 7 Series est\u00e1 dise\u00f1ado para detectar y aislar cortocircuitos en bucles y trazas del sistema. Est\u00e1 equipado con un LED de alto brillo que indica el estado de aislamiento (LED amarillo) y garantiza que el detector permanezca activo incluso en condiciones de cortocircuito.<\/p>\n<p class=\"\" data-start=\"784\" data-end=\"1175\">La base aislante funciona detectando fallas de cortocircuito y aislando la secci\u00f3n afectada reduciendo el voltaje, lo que permite que la energ\u00eda y las se\u00f1ales a la parte afectada se restablezcan autom\u00e1ticamente cuando se elimina la falla.<\/p>\n<p class=\"\" data-start=\"784\" data-end=\"1175\">Esto garantiza que no se pierdan detectores en caso de que se produzca un \u00fanico cortocircuito. La base es compatible con dispositivos Apollo XP95, Discovery y CoreProtocol.<\/p>\n<p class=\"\" data-start=\"1177\" data-end=\"1385\">Est\u00e1 dise\u00f1ado para uso en interiores y tiene un rango de temperatura de funcionamiento de -20\u00b0C a +60\u00b0C.<\/p>\n<p class=\"\" data-start=\"1177\" data-end=\"1385\">La base se puede instalar en cualquier base est\u00e1ndar y es un componente importante para mantener la integridad del sistema durante el funcionamiento.<\/p>","protected":false},"excerpt":{"rendered":"<p>El conjunto detector de aislamiento Apollo 45681-284APO Xpert 7 Series est\u00e1 equipado con un LED de alto brillo y detecta cortocircuitos en el cableado.<\/p>\n<p>A\u00edsla autom\u00e1ticamente las secciones defectuosas del bucle para minimizar la interferencia.<\/p>","protected":false},"featured_media":150045,"template":"","meta":{"_acf_changed":false},"product_brand":[],"product_cat":[4751],"product_tag":[],"class_list":{"0":"post-150046","1":"product","2":"type-product","3":"status-publish","4":"has-post-thumbnail","6":"product_cat-xp95-serien","7":"pa_brands-apollo-fire-detectors","8":"tm-no-options","10":"first","11":"onbackorder","12":"sale","13":"taxable","14":"shipping-taxable","15":"purchasable","16":"product-type-simple"},"acf":[],"_links":{"self":[{"href":"https:\/\/secureus.se\/es\/wp-json\/wp\/v2\/product\/150046","targetHints":{"allow":["GET"]}}],"collection":[{"href":"https:\/\/secureus.se\/es\/wp-json\/wp\/v2\/product"}],"about":[{"href":"https:\/\/secureus.se\/es\/wp-json\/wp\/v2\/types\/product"}],"wp:featuredmedia":[{"embeddable":true,"href":"https:\/\/secureus.se\/es\/wp-json\/wp\/v2\/media\/150045"}],"wp:attachment":[{"href":"https:\/\/secureus.se\/es\/wp-json\/wp\/v2\/media?parent=150046"}],"wp:term":[{"taxonomy":"product_brand","embeddable":true,"href":"https:\/\/secureus.se\/es\/wp-json\/wp\/v2\/product_brand?post=150046"},{"taxonomy":"product_cat","embeddable":true,"href":"https:\/\/secureus.se\/es\/wp-json\/wp\/v2\/product_cat?post=150046"},{"taxonomy":"product_tag","embeddable":true,"href":"https:\/\/secureus.se\/es\/wp-json\/wp\/v2\/product_tag?post=150046"}],"curies":[{"name":"wp","href":"https:\/\/api.w.org\/{rel}","templated":true}]}}