{"id":150052,"date":"2025-04-03T13:23:18","date_gmt":"2025-04-03T11:23:18","guid":{"rendered":"https:\/\/secureus.se\/apollo-55100-908apo-xp95-series-isolerande-manuell-anropspunkt-en-54-11-certifierad-rod\/"},"modified":"2026-04-09T11:32:30","modified_gmt":"2026-04-09T09:32:30","slug":"apollo-55100-908apo-xp95-series-isolerande-manuell-anropspunkt-en-54-11-certifierad-rod","status":"publish","type":"product","link":"https:\/\/secureus.se\/es\/apollo-55100-908apo-xp95-series-isolerande-manuell-anropspunkt-en-54-11-certifierad-rod\/","title":{"rendered":"Pulsador de llamada manual de aislamiento Apollo 55100-908APO Serie XP95, certificado EN 54-11, color rojo"},"content":{"rendered":"<h1>Pulsador de llamada manual de aislamiento Apollo 55100-908APO Serie XP95, certificado EN 54-11, color rojo<\/h1>\n<p class=\"\" data-start=\"484\" data-end=\"877\">El punto de llamada manual de aislamiento (MCP) Apollo 55100-908APO serie XP95 es una forma r\u00e1pida y eficaz de activar alarmas contra incendios.<\/p>\n<p class=\"\" data-start=\"484\" data-end=\"877\">Cuando se activa el punto de llamada, el ciclo de sondeo se interrumpe para obtener una respuesta muy r\u00e1pida, permitiendo que la alarma se informe en menos de 0,2 segundos.<\/p>\n<p class=\"\" data-start=\"484\" data-end=\"877\">Est\u00e1 dise\u00f1ado para aplicaciones en interiores y es compatible con los sistemas XP95, Discovery y CoreProtocol.<\/p>\n<p class=\"\" data-start=\"879\" data-end=\"1309\">La versi\u00f3n aislante del MCP ofrece una soluci\u00f3n segura para evitar cortocircuitos en el sistema, mientras que la versi\u00f3n sin aislamiento es excelente para aplicaciones m\u00e1s simples.<\/p>\n<p class=\"\" data-start=\"879\" data-end=\"1309\">El punto de llamada tiene un indicador LED que se ilumina en rojo cuando se activa la alarma y en amarillo para indicar un cortocircuito.<\/p>\n<p class=\"\" data-start=\"879\" data-end=\"1309\">Un enlace de continuidad facilita la prueba del cable antes de la instalaci\u00f3n y la puesta en servicio, garantizando la funcionalidad del sistema antes de activarlo.<\/p>\n<p data-start=\"879\" data-end=\"1309\">Su f\u00e1cil instalaci\u00f3n y mantenimiento lo convierten en una excelente opci\u00f3n para sistemas profesionales de alarma contra incendios. El producto cuenta con certificaci\u00f3n EN 54-11 y EN 54-15, marcado CE y tiene una garant\u00eda larga de 10 a\u00f1os.<\/p>","protected":false},"excerpt":{"rendered":"<p>El punto de llamada manual de aislamiento Apollo 55100-908APO Serie XP95 est\u00e1 dise\u00f1ado para una activaci\u00f3n r\u00e1pida y segura en sistemas de alarma contra incendios.<\/p>\n<p>Cuenta con un elemento de f\u00e1cil reinicio, instalaci\u00f3n \u201cPlug and Play\u201d y un enlace de continuidad para pruebas de cables antes de la puesta en servicio.<\/p>","protected":false},"featured_media":150051,"template":"","meta":{"_acf_changed":false},"product_brand":[],"product_cat":[4751,4748],"product_tag":[],"class_list":{"0":"post-150052","1":"product","2":"type-product","3":"status-publish","4":"has-post-thumbnail","6":"product_cat-xp95-serien","7":"product_cat-discovery-serien","8":"pa_brands-apollo-fire-detectors","9":"tm-no-options","11":"first","12":"instock","13":"taxable","14":"shipping-taxable","15":"purchasable","16":"product-type-simple"},"acf":[],"_links":{"self":[{"href":"https:\/\/secureus.se\/es\/wp-json\/wp\/v2\/product\/150052","targetHints":{"allow":["GET"]}}],"collection":[{"href":"https:\/\/secureus.se\/es\/wp-json\/wp\/v2\/product"}],"about":[{"href":"https:\/\/secureus.se\/es\/wp-json\/wp\/v2\/types\/product"}],"wp:featuredmedia":[{"embeddable":true,"href":"https:\/\/secureus.se\/es\/wp-json\/wp\/v2\/media\/150051"}],"wp:attachment":[{"href":"https:\/\/secureus.se\/es\/wp-json\/wp\/v2\/media?parent=150052"}],"wp:term":[{"taxonomy":"product_brand","embeddable":true,"href":"https:\/\/secureus.se\/es\/wp-json\/wp\/v2\/product_brand?post=150052"},{"taxonomy":"product_cat","embeddable":true,"href":"https:\/\/secureus.se\/es\/wp-json\/wp\/v2\/product_cat?post=150052"},{"taxonomy":"product_tag","embeddable":true,"href":"https:\/\/secureus.se\/es\/wp-json\/wp\/v2\/product_tag?post=150052"}],"curies":[{"name":"wp","href":"https:\/\/api.w.org\/{rel}","templated":true}]}}