{"id":150056,"date":"2025-04-03T13:23:16","date_gmt":"2025-04-03T11:23:16","guid":{"rendered":"https:\/\/secureus.se\/apollo-55000-401apo-xp95-series-varmedetektor-cs-55c-vit\/"},"modified":"2026-04-09T11:32:39","modified_gmt":"2026-04-09T09:32:39","slug":"apollo-55000-401apo-xp95-series-varmedetektor-cs-55c-vit","status":"publish","type":"product","link":"https:\/\/secureus.se\/es\/apollo-55000-401apo-xp95-series-varmedetektor-cs-55c-vit\/","title":{"rendered":"Detector de calor Apollo 55000-401APO serie XP95, CS 55 \u00b0C, blanco"},"content":{"rendered":"<h1>Detector de calor Apollo 55000-401APO serie XP95, CS 55 \u00b0C, blanco<\/h1>\n<p class=\"\" data-start=\"410\" data-end=\"835\">El detector de calor Apollo 55000-401APO Serie XP95 es una soluci\u00f3n confiable para monitorear la temperatura en entornos sucios o de dif\u00edcil acceso.<\/p>\n<p class=\"\" data-start=\"410\" data-end=\"835\">Utiliza un solo termistor para monitorear la temperatura y proporciona una salida de conteo que es proporcional a la temperatura del aire externo.<\/p>\n<p class=\"\" data-start=\"410\" data-end=\"835\">Cuando la temperatura alcanza los 55\u00b0C, se notifica una alarma, lo que lo hace ideal para \u00e1reas donde los detectores normales no son suficientes.<\/p>\n<p class=\"\" data-start=\"837\" data-end=\"1221\">El detector no se ve afectado por el viento ni por la presi\u00f3n atmosf\u00e9rica, lo que garantiza que funcione de manera confiable en una variedad de condiciones.<\/p>\n<p class=\"\" data-start=\"837\" data-end=\"1221\">Tambi\u00e9n est\u00e1 dise\u00f1ado para soportar alta humedad relativa (hasta 95%) y se puede utilizar en una variedad de entornos interiores.<\/p>\n<p class=\"\" data-start=\"837\" data-end=\"1221\">Con una vida \u00fatil de 10 a\u00f1os y certificaci\u00f3n CE, este detector de calor es una soluci\u00f3n confiable y duradera para los sistemas de alarma contra incendios.<\/p>","protected":false},"excerpt":{"rendered":"<p>El detector de calor Apollo 55000-401APO serie XP95 CS 55 \u00b0C est\u00e1 dise\u00f1ado para monitorear la temperatura en entornos donde las condiciones pueden ser sucias o con humo.<\/p>\n<p>Notifica una alarma a 55\u00b0C y no se ve afectado por el viento ni la presi\u00f3n atmosf\u00e9rica.<\/p>","protected":false},"featured_media":150055,"template":"","meta":{"_acf_changed":false},"product_brand":[],"product_cat":[4751],"product_tag":[],"class_list":{"0":"post-150056","1":"product","2":"type-product","3":"status-publish","4":"has-post-thumbnail","6":"product_cat-xp95-serien","7":"pa_brands-apollo-fire-detectors","8":"tm-no-options","10":"first","11":"onbackorder","12":"taxable","13":"shipping-taxable","14":"purchasable","15":"product-type-simple"},"acf":[],"_links":{"self":[{"href":"https:\/\/secureus.se\/es\/wp-json\/wp\/v2\/product\/150056","targetHints":{"allow":["GET"]}}],"collection":[{"href":"https:\/\/secureus.se\/es\/wp-json\/wp\/v2\/product"}],"about":[{"href":"https:\/\/secureus.se\/es\/wp-json\/wp\/v2\/types\/product"}],"wp:featuredmedia":[{"embeddable":true,"href":"https:\/\/secureus.se\/es\/wp-json\/wp\/v2\/media\/150055"}],"wp:attachment":[{"href":"https:\/\/secureus.se\/es\/wp-json\/wp\/v2\/media?parent=150056"}],"wp:term":[{"taxonomy":"product_brand","embeddable":true,"href":"https:\/\/secureus.se\/es\/wp-json\/wp\/v2\/product_brand?post=150056"},{"taxonomy":"product_cat","embeddable":true,"href":"https:\/\/secureus.se\/es\/wp-json\/wp\/v2\/product_cat?post=150056"},{"taxonomy":"product_tag","embeddable":true,"href":"https:\/\/secureus.se\/es\/wp-json\/wp\/v2\/product_tag?post=150056"}],"curies":[{"name":"wp","href":"https:\/\/api.w.org\/{rel}","templated":true}]}}