{"id":150060,"date":"2025-04-03T13:23:11","date_gmt":"2025-04-03T11:23:11","guid":{"rendered":"https:\/\/secureus.se\/apollo-55000-005apo-xp95-series-isolerande-ljudfyr-for-oppen-miljo-100-db-a-for-anvandning-inomhus-en-54-3-kompatibel-rod-blixt-och-rod-kropp\/"},"modified":"2026-03-27T18:11:00","modified_gmt":"2026-03-27T17:11:00","slug":"apollo-55000-005apo-xp95-series-isolerande-ljudfyr-for-oppen-miljo-100-db-a-for-anvandning-inomhus-en-54-3-kompatibel-rod-blixt-och-rod-kropp","status":"publish","type":"product","link":"https:\/\/secureus.se\/es\/apollo-55000-005apo-xp95-series-isolerande-ljudfyr-for-oppen-miljo-100-db-a-for-anvandning-inomhus-en-54-3-kompatibel-rod-blixt-och-rod-kropp\/","title":{"rendered":"Apollo 55000-005APO Serie XP95, baliza ac\u00fastica para entornos abiertos de 100 dB A, para uso en interiores, conforme a la norma EN 54-3, destello rojo y cuerpo rojo"},"content":{"rendered":"<h1>Apollo 55000-005APO Serie XP95, baliza ac\u00fastica para entornos abiertos de 100 dB A, para uso en interiores, conforme a la norma EN 54-3, destello rojo y cuerpo rojo<\/h1>\n<p class=\"\" data-start=\"431\" data-end=\"815\">La baliza ac\u00fastica aislante para entornos abiertos Apollo 55000-005APO serie XP95 es un dispositivo avanzado que viene con advertencias tanto audibles como visuales, lo que lo hace ideal para usar en espacios abiertos donde puede ser necesario escuchar varios dispositivos simult\u00e1neamente.<\/p>\n<p class=\"\" data-start=\"431\" data-end=\"815\">Con un nivel de sonido de 100 dB (A) y un destello rojo, este dispositivo garantiza que la alarma de incendio sea claramente audible y visible.<\/p>\n<p class=\"\" data-start=\"817\" data-end=\"1173\">El dispositivo se alimenta mediante bucle y no necesita una fuente de alimentaci\u00f3n externa. Funciona a 17\u201328 V CC y es sensible a la polaridad.<\/p>\n<p class=\"\" data-start=\"817\" data-end=\"1173\">La se\u00f1al audible se puede ajustar a un volumen de 92 dB (A) o 100 dB (A) y est\u00e1 equipada con tres tonos seleccionables: Apollo, Slow-whoop y DIN. Si es necesario, tanto las se\u00f1ales de audio como la sincronizaci\u00f3n del flash se pueden activar a trav\u00e9s del panel de control.<\/p>\n<p class=\"\" data-start=\"1175\" data-end=\"1427\">El dispositivo tambi\u00e9n es compatible con los sistemas XP95, Discovery y CoreProtocol, y puede direccionarse individualmente o en grupo.<\/p>\n<p class=\"\" data-start=\"1175\" data-end=\"1427\">Tiene clasificaci\u00f3n IP65 para proteger contra la entrada de polvo y agua, lo que lo hace perfecto tanto para uso en interiores como en entornos m\u00e1s hostiles.<\/p>","protected":false},"excerpt":{"rendered":"<p>La sirena para entornos abiertos Apollo 55000-005APO Serie XP95 est\u00e1 dise\u00f1ada para proporcionar advertencias audibles y visuales de incendio en espacios abiertos.<\/p>\n<p>Tiene un nivel de sonido de 100 dB (A) y un destello rojo, y cumple con la norma EN 54-3.<\/p>","protected":false},"featured_media":150059,"template":"","meta":{"_acf_changed":false},"product_brand":[],"product_cat":[4751,4748],"product_tag":[],"class_list":{"0":"post-150060","1":"product","2":"type-product","3":"status-publish","4":"has-post-thumbnail","6":"product_cat-xp95-serien","7":"product_cat-discovery-serien","8":"pa_brands-apollo-fire-detectors","9":"tm-no-options","11":"first","12":"instock","13":"sale","14":"taxable","15":"shipping-taxable","16":"purchasable","17":"product-type-simple"},"acf":[],"_links":{"self":[{"href":"https:\/\/secureus.se\/es\/wp-json\/wp\/v2\/product\/150060","targetHints":{"allow":["GET"]}}],"collection":[{"href":"https:\/\/secureus.se\/es\/wp-json\/wp\/v2\/product"}],"about":[{"href":"https:\/\/secureus.se\/es\/wp-json\/wp\/v2\/types\/product"}],"wp:featuredmedia":[{"embeddable":true,"href":"https:\/\/secureus.se\/es\/wp-json\/wp\/v2\/media\/150059"}],"wp:attachment":[{"href":"https:\/\/secureus.se\/es\/wp-json\/wp\/v2\/media?parent=150060"}],"wp:term":[{"taxonomy":"product_brand","embeddable":true,"href":"https:\/\/secureus.se\/es\/wp-json\/wp\/v2\/product_brand?post=150060"},{"taxonomy":"product_cat","embeddable":true,"href":"https:\/\/secureus.se\/es\/wp-json\/wp\/v2\/product_cat?post=150060"},{"taxonomy":"product_tag","embeddable":true,"href":"https:\/\/secureus.se\/es\/wp-json\/wp\/v2\/product_tag?post=150060"}],"curies":[{"name":"wp","href":"https:\/\/api.w.org\/{rel}","templated":true}]}}