{"id":150062,"date":"2025-04-03T13:23:11","date_gmt":"2025-04-03T11:23:11","guid":{"rendered":"https:\/\/secureus.se\/apollo-55000-420apo-xp95-series-a2s-55c-varmedetektor-vit\/"},"modified":"2026-04-01T15:52:58","modified_gmt":"2026-04-01T13:52:58","slug":"apollo-55000-420apo-xp95-series-a2s-55c-varmedetektor-vit","status":"publish","type":"product","link":"https:\/\/secureus.se\/es\/apollo-55000-420apo-xp95-series-a2s-55c-varmedetektor-vit\/","title":{"rendered":"Detector de calor Apollo 55000-420APO serie XP95, A2S 55 \u00b0C, blanco"},"content":{"rendered":"<h1>Detector de calor Apollo 55000-420APO serie XP95, A2S 55 \u00b0C, blanco<\/h1>\n<p class=\"\" data-start=\"469\" data-end=\"871\">El detector de calor A2S de 55 \u00b0C Apollo 55000-420APO XP95 Series utiliza un termistor para monitorear con precisi\u00f3n la temperatura y proporcionar una salida anal\u00f3gica proporcional a la temperatura del aire externo.<\/p>\n<p class=\"\" data-start=\"469\" data-end=\"871\">Reporta una alarma cuando la temperatura alcanza los 55\u00b0C, haci\u00e9ndolo ideal para su uso en ambientes que pueden estar contaminados o donde otros m\u00e9todos de detecci\u00f3n no son confiables.<\/p>\n<p class=\"\" data-start=\"873\" data-end=\"1229\">El detector es sensible a la polaridad y funciona con un voltaje de 17 V a 28 V CC. Est\u00e1 dise\u00f1ado para conectarse a los sistemas XP95, Discovery y XPlorer y no se ve afectado por el viento ni por los cambios atmosf\u00e9ricos.<\/p>\n<p class=\"\" data-start=\"873\" data-end=\"1229\">Con una humedad relativa m\u00e1xima de 95% y una temperatura de funcionamiento de -20 \u00b0C a +70 \u00b0C, este detector es robusto y confiable.<\/p>\n<p data-start=\"873\" data-end=\"1229\">Es una excelente soluci\u00f3n para la monitorizaci\u00f3n de incendios en entornos hostiles donde es importante poder confiar en la seguridad en todas las condiciones.<\/p>","protected":false},"excerpt":{"rendered":"<p>El detector de calor A2S de 55 \u00b0C Apollo 55000-420APO XP95 Series est\u00e1 dise\u00f1ado para monitorear los cambios de temperatura en entornos que generalmente est\u00e1n sucios o con humo.<\/p>\n<p>No se ve afectado por el viento ni por la presi\u00f3n atmosf\u00e9rica y es perfecto para garantizar la seguridad en entornos tan desafiantes.<\/p>","protected":false},"featured_media":150061,"template":"","meta":{"_acf_changed":false},"product_brand":[],"product_cat":[4751],"product_tag":[],"class_list":{"0":"post-150062","1":"product","2":"type-product","3":"status-publish","4":"has-post-thumbnail","6":"product_cat-xp95-serien","7":"pa_brands-apollo-fire-detectors","8":"tm-no-options","10":"first","11":"instock","12":"sale","13":"taxable","14":"shipping-taxable","15":"purchasable","16":"product-type-simple"},"acf":[],"_links":{"self":[{"href":"https:\/\/secureus.se\/es\/wp-json\/wp\/v2\/product\/150062","targetHints":{"allow":["GET"]}}],"collection":[{"href":"https:\/\/secureus.se\/es\/wp-json\/wp\/v2\/product"}],"about":[{"href":"https:\/\/secureus.se\/es\/wp-json\/wp\/v2\/types\/product"}],"wp:featuredmedia":[{"embeddable":true,"href":"https:\/\/secureus.se\/es\/wp-json\/wp\/v2\/media\/150061"}],"wp:attachment":[{"href":"https:\/\/secureus.se\/es\/wp-json\/wp\/v2\/media?parent=150062"}],"wp:term":[{"taxonomy":"product_brand","embeddable":true,"href":"https:\/\/secureus.se\/es\/wp-json\/wp\/v2\/product_brand?post=150062"},{"taxonomy":"product_cat","embeddable":true,"href":"https:\/\/secureus.se\/es\/wp-json\/wp\/v2\/product_cat?post=150062"},{"taxonomy":"product_tag","embeddable":true,"href":"https:\/\/secureus.se\/es\/wp-json\/wp\/v2\/product_tag?post=150062"}],"curies":[{"name":"wp","href":"https:\/\/api.w.org\/{rel}","templated":true}]}}